{"id":33919,"date":"2021-09-15T13:40:36","date_gmt":"2021-09-15T17:40:36","guid":{"rendered":"https:\/\/nuranwireless.com\/?page_id=33919"},"modified":"2024-02-01T12:20:04","modified_gmt":"2024-02-01T17:20:04","slug":"conseil-dadministration","status":"publish","type":"page","link":"https:\/\/nuranwireless.com\/fr\/entreprise\/conseil-dadministration\/","title":{"rendered":"Conseil d&rsquo;administration"},"content":{"rendered":"<p>[et_pb_section fb_built=\u00a0\u00bb1&Prime; admin_label=\u00a0\u00bbHeader\u00a0\u00bb _builder_version=\u00a0\u00bb4.16&Prime; background_color=\u00a0\u00bb#051B31&Prime; background_image=\u00a0\u00bbhttp:\/\/nuranwireless.com\/wp-content\/uploads\/2021\/01\/AdobeStock_205914027-RSZD.jpg\u00a0\u00bb background_position=\u00a0\u00bbbottom_center\u00a0\u00bb background_blend=\u00a0\u00bbsoft-light\u00a0\u00bb height=\u00a0\u00bb90%\u00a0\u00bb custom_margin=\u00a0\u00bb||||false|false\u00a0\u00bb custom_padding=\u00a0\u00bb||||false|false\u00a0\u00bb da_disable_devices=\u00a0\u00bboff|off|off\u00a0\u00bb global_colors_info=\u00a0\u00bb{}\u00a0\u00bb da_is_popup=\u00a0\u00bboff\u00a0\u00bb da_exit_intent=\u00a0\u00bboff\u00a0\u00bb da_has_close=\u00a0\u00bbon\u00a0\u00bb da_alt_close=\u00a0\u00bboff\u00a0\u00bb da_dark_close=\u00a0\u00bboff\u00a0\u00bb da_not_modal=\u00a0\u00bbon\u00a0\u00bb da_is_singular=\u00a0\u00bboff\u00a0\u00bb da_with_loader=\u00a0\u00bboff\u00a0\u00bb da_has_shadow=\u00a0\u00bbon\u00a0\u00bb][et_pb_row _builder_version=\u00a0\u00bb4.16&Prime; _module_preset=\u00a0\u00bbdefault\u00a0\u00bb background_color=\u00a0\u00bbrgba(5,27,49,0.75)\u00a0\u00bb width=\u00a0\u00bb100%\u00a0\u00bb max_width=\u00a0\u00bb2560px\u00a0\u00bb module_alignment=\u00a0\u00bbcenter\u00a0\u00bb custom_margin=\u00a0\u00bb||||true|true\u00a0\u00bb custom_padding=\u00a0\u00bb4vw||4vw||true|true\u00a0\u00bb global_colors_info=\u00a0\u00bb{}\u00a0\u00bb][et_pb_column type=\u00a0\u00bb4_4&Prime; _builder_version=\u00a0\u00bb4.16&Prime; _module_preset=\u00a0\u00bbdefault\u00a0\u00bb global_colors_info=\u00a0\u00bb{}\u00a0\u00bb][et_pb_text _builder_version=\u00a0\u00bb4.16&Prime; _module_preset=\u00a0\u00bbdefault\u00a0\u00bb header_font_size=\u00a0\u00bb9rem\u00a0\u00bb header_2_font=\u00a0\u00bbBebas Neue|||on|||||\u00a0\u00bb header_2_text_align=\u00a0\u00bbcenter\u00a0\u00bb header_2_text_color=\u00a0\u00bb#ffffff\u00a0\u00bb header_2_font_size=\u00a0\u00bb13rem\u00a0\u00bb header_2_letter_spacing=\u00a0\u00bb10px\u00a0\u00bb header_2_line_height=\u00a0\u00bb9rem\u00a0\u00bb header_4_font=\u00a0\u00bbBebas Neue||||||||\u00a0\u00bb header_4_text_color=\u00a0\u00bb#ffffff\u00a0\u00bb header_4_font_size=\u00a0\u00bb2rem\u00a0\u00bb text_orientation=\u00a0\u00bbcenter\u00a0\u00bb background_layout=\u00a0\u00bbdark\u00a0\u00bb max_width=\u00a0\u00bb1080px\u00a0\u00bb module_alignment=\u00a0\u00bbcenter\u00a0\u00bb header_font_size_tablet=\u00a0\u00bb\u00a0\u00bb header_font_size_phone=\u00a0\u00bb\u00a0\u00bb header_font_size_last_edited=\u00a0\u00bbon|desktop\u00a0\u00bb header_2_font_size_tablet=\u00a0\u00bb9rem\u00a0\u00bb header_2_font_size_phone=\u00a0\u00bb3rem\u00a0\u00bb header_2_font_size_last_edited=\u00a0\u00bbon|tablet\u00a0\u00bb global_colors_info=\u00a0\u00bb{}\u00a0\u00bb]<\/p>\n<h1>Conseil d&rsquo;administration<\/h1>\n<p>[\/et_pb_text][\/et_pb_column][\/et_pb_row][\/et_pb_section][et_pb_section fb_built=\u00a0\u00bb1&Prime; _builder_version=\u00a0\u00bb4.16&Prime; _module_preset=\u00a0\u00bbdefault\u00a0\u00bb da_disable_devices=\u00a0\u00bboff|off|off\u00a0\u00bb global_colors_info=\u00a0\u00bb{}\u00a0\u00bb da_is_popup=\u00a0\u00bboff\u00a0\u00bb da_exit_intent=\u00a0\u00bboff\u00a0\u00bb da_has_close=\u00a0\u00bbon\u00a0\u00bb da_alt_close=\u00a0\u00bboff\u00a0\u00bb da_dark_close=\u00a0\u00bboff\u00a0\u00bb da_not_modal=\u00a0\u00bbon\u00a0\u00bb da_is_singular=\u00a0\u00bboff\u00a0\u00bb da_with_loader=\u00a0\u00bboff\u00a0\u00bb da_has_shadow=\u00a0\u00bbon\u00a0\u00bb][et_pb_row column_structure=\u00a0\u00bb2_5,3_5&Prime; use_custom_gutter=\u00a0\u00bbon\u00a0\u00bb gutter_width=\u00a0\u00bb2&Prime; make_equal=\u00a0\u00bbon\u00a0\u00bb _builder_version=\u00a0\u00bb4.16&Prime; _module_preset=\u00a0\u00bbdefault\u00a0\u00bb custom_css_main_element=\u00a0\u00bbalign-items: center;\u00a0\u00bb global_colors_info=\u00a0\u00bb{}\u00a0\u00bb][et_pb_column type=\u00a0\u00bb2_5&Prime; _builder_version=\u00a0\u00bb4.16&Prime; _module_preset=\u00a0\u00bbdefault\u00a0\u00bb global_colors_info=\u00a0\u00bb{}\u00a0\u00bb][et_pb_image src=\u00a0\u00bbhttps:\/\/nuranwireless.com\/wp-content\/uploads\/2021\/01\/FRANCIS-HEADSHOT-2021.jpg\u00a0\u00bb alt=\u00a0\u00bbFrancis L\u00e9tourneau, Pr\u00e9sident | Solutions de r\u00e9seaux sans fil | NuRAN Wireless\u00a0\u00bb title_text=\u00a0\u00bbFrancis L\u00e9tourneau, Pr\u00e9sident\u00a0\u00bb align=\u00a0\u00bbcenter\u00a0\u00bb _builder_version=\u00a0\u00bb4.16&Prime; _module_preset=\u00a0\u00bbdefault\u00a0\u00bb max_width=\u00a0\u00bb53%\u00a0\u00bb global_colors_info=\u00a0\u00bb{}\u00a0\u00bb][\/et_pb_image][\/et_pb_column][et_pb_column type=\u00a0\u00bb3_5&Prime; _builder_version=\u00a0\u00bb4.16&Prime; _module_preset=\u00a0\u00bbdefault\u00a0\u00bb global_colors_info=\u00a0\u00bb{}\u00a0\u00bb][et_pb_text _builder_version=\u00a0\u00bb4.23&Prime; _module_preset=\u00a0\u00bbdefault\u00a0\u00bb global_colors_info=\u00a0\u00bb{}\u00a0\u00bb]<\/p>\n<p><strong>Francis L\u00e9tourneau, pr\u00e9sident et chef de la direction<\/strong><\/p>\n<p>Francis L\u00e9tourneau est un cadre chevronn\u00e9 et accompli dans le domaine des ventes et du marketing, avec plus de 25 ans d&rsquo;exp\u00e9rience dans l&rsquo;industrie des t\u00e9l\u00e9communications. M.L\u00e9tourneau est un professionnel orient\u00e9 vers les r\u00e9sultats et autonome qui compte 20 ans d&rsquo;exp\u00e9rience chez NuRAN Wireless Inc. M. L\u00e9tourneau a \u00e9t\u00e9 initialement promu membre du conseil d&rsquo;administration de NuRAN en 2015.<\/p>\n<p>Cette exp\u00e9rience lui vaut aujourd&rsquo;hui le titre de pr\u00e9sident et de directeur g\u00e9n\u00e9ral de NuRAN Wireless. M. L\u00e9tourneau a jou\u00e9 un r\u00f4le d\u00e9terminant dans la r\u00e9orientation de NuRAN gr\u00e2ce \u00e0 la mise en \u0153uvre d&rsquo;un mod\u00e8le commercial de r\u00e9seau en tant que service (NAAS), qui d\u00e9finit d\u00e9sormais NuRAN comme un facilitateur de r\u00e9seaux mobiles ruraux. Gr\u00e2ce \u00e0 cette initiative strat\u00e9gique, NuRAN Wireless a g\u00e9n\u00e9r\u00e9 plus de 800 millions de dollars de contrats au cours de sa premi\u00e8re ann\u00e9e en tant que fournisseur de NaaS.<\/p>\n<p>M. L\u00e9tourneau est titulaire d&rsquo;une licence en administration des affaires de l&rsquo;Universit\u00e9 Laval, Qu\u00e9bec, Canada, et est comptable en management accr\u00e9dit\u00e9 (CMA).<\/p>\n<p>[\/et_pb_text][\/et_pb_column][\/et_pb_row][et_pb_row column_structure=\u00a0\u00bb2_5,3_5&Prime; use_custom_gutter=\u00a0\u00bbon\u00a0\u00bb gutter_width=\u00a0\u00bb2&Prime; make_equal=\u00a0\u00bbon\u00a0\u00bb _builder_version=\u00a0\u00bb4.16&Prime; _module_preset=\u00a0\u00bbdefault\u00a0\u00bb custom_css_main_element=\u00a0\u00bbalign-items: center;\u00a0\u00bb global_colors_info=\u00a0\u00bb{}\u00a0\u00bb][et_pb_column type=\u00a0\u00bb2_5&Prime; _builder_version=\u00a0\u00bb4.16&Prime; _module_preset=\u00a0\u00bbdefault\u00a0\u00bb global_colors_info=\u00a0\u00bb{}\u00a0\u00bb][et_pb_image src=\u00a0\u00bbhttps:\/\/nuranwireless.com\/wp-content\/uploads\/2021\/01\/JIM-HEADSHOT-2021-Back-Ground-e1644258459912.jpg\u00a0\u00bb alt=\u00a0\u00bbJim Bailey, directeur financier | Wireless Network Solutions | NuRAN Wireless\u00a0\u00bb title_text=\u00a0\u00bbJim Bailey, agent financier\u00a0\u00bb align=\u00a0\u00bbcenter\u00a0\u00bb _builder_version=\u00a0\u00bb4.16&Prime; _module_preset=\u00a0\u00bbdefault\u00a0\u00bb max_width=\u00a0\u00bb53%\u00a0\u00bb global_colors_info=\u00a0\u00bb{}\u00a0\u00bb][\/et_pb_image][\/et_pb_column][et_pb_column type=\u00a0\u00bb3_5&Prime; _builder_version=\u00a0\u00bb4.16&Prime; _module_preset=\u00a0\u00bbdefault\u00a0\u00bb global_colors_info=\u00a0\u00bb{}\u00a0\u00bb][et_pb_text _builder_version=\u00a0\u00bb4.16&Prime; _module_preset=\u00a0\u00bbdefault\u00a0\u00bb global_colors_info=\u00a0\u00bb{}\u00a0\u00bb]<\/p>\n<p><strong>Jim Bailey, directeur financier<\/strong><\/p>\n<p>Plus de 25 ans d&rsquo;exp\u00e9rience dans le domaine des t\u00e9l\u00e9communications, des m\u00e9dias et des technologies. Ses fonctions incluent celles de directeur des fusions et acquisitions, de directeur financier, de directeur g\u00e9n\u00e9ral et de directeur. Il a jou\u00e9 un r\u00f4le important dans l&rsquo;espace NuRAN en tant que directeur financier, puis PDG de Telecel International, une filiale d&rsquo;Orascom Telecom Holdings, qui avait des activit\u00e9s dans toute l&rsquo;Afrique subsaharienne. Il a \u00e9galement travaill\u00e9 au d\u00e9veloppement commercial du groupe pour la r\u00e9gion EMEA et a \u00e9t\u00e9 directeur financier d&rsquo;Orascom Telecom WiMAX Limited, une coentreprise avec Intel Capital. Au cours des dix derni\u00e8res ann\u00e9es, Jim a travaill\u00e9 en tant que consultant financier aupr\u00e8s de PME, leur fournissant des conseils en mati\u00e8re de finance d&rsquo;entreprise dans le cadre de fusions et acquisitions, de planification d&rsquo;entreprise et en tant que directeur financier int\u00e9rimaire\/\u00e0 temps partiel. Il est titulaire d&rsquo;une licence en commerce de l&rsquo;universit\u00e9 de Calgary, d&rsquo;un MBA de la London Business School et est membre du Chartered Institute of Management Accountants (CIMA).<\/p>\n<p>[\/et_pb_text][\/et_pb_column][\/et_pb_row][et_pb_row column_structure=\u00a0\u00bb2_5,3_5&Prime; use_custom_gutter=\u00a0\u00bbon\u00a0\u00bb gutter_width=\u00a0\u00bb2&Prime; make_equal=\u00a0\u00bbon\u00a0\u00bb _builder_version=\u00a0\u00bb4.16&Prime; _module_preset=\u00a0\u00bbdefault\u00a0\u00bb custom_css_main_element=\u00a0\u00bbalign-items: center;\u00a0\u00bb global_colors_info=\u00a0\u00bb{}\u00a0\u00bb][et_pb_column type=\u00a0\u00bb2_5&Prime; _builder_version=\u00a0\u00bb4.16&Prime; _module_preset=\u00a0\u00bbdefault\u00a0\u00bb global_colors_info=\u00a0\u00bb{}\u00a0\u00bb][et_pb_image src=\u00a0\u00bbhttps:\/\/nuranwireless.com\/wp-content\/uploads\/2021\/02\/LOGO_01.png\u00a0\u00bb alt=\u00a0\u00bbJim Bailey, directeur financier | Wireless Network Solutions | NuRAN Wireless\u00a0\u00bb title_text=\u00a0\u00bbLOGO_01&Prime; align=\u00a0\u00bbcenter\u00a0\u00bb _builder_version=\u00a0\u00bb4.16&Prime; _module_preset=\u00a0\u00bbdefault\u00a0\u00bb max_width=\u00a0\u00bb53%\u00a0\u00bb global_colors_info=\u00a0\u00bb{}\u00a0\u00bb][\/et_pb_image][\/et_pb_column][et_pb_column type=\u00a0\u00bb3_5&Prime; _builder_version=\u00a0\u00bb4.16&Prime; _module_preset=\u00a0\u00bbdefault\u00a0\u00bb global_colors_info=\u00a0\u00bb{}\u00a0\u00bb][et_pb_text _builder_version=\u00a0\u00bb4.16&Prime; _module_preset=\u00a0\u00bbdefault\u00a0\u00bb global_colors_info=\u00a0\u00bb{}\u00a0\u00bb]<strong>Binyomin Y. Posen, Membre du conseil d&rsquo;administration<\/strong><\/p>\n<p>M. Binyomin Y. Posen est directeur g\u00e9n\u00e9ral, directeur financier et administrateur de Rio Verde Industries, Inc. et administrateur, directeur g\u00e9n\u00e9ral et directeur financier de TransGlobe Internet &amp; Telecom Co. un administrateur, directeur g\u00e9n\u00e9ral et financier de Shane Resources Ltd, un administrateur ind\u00e9pendant de Pacific Iron Ore Corp, un administrateur, directeur g\u00e9n\u00e9ral et financier de Prominex Resource Corp, un administrateur ind\u00e9pendant de Red Light Holland Corp, un administrateur, directeur g\u00e9n\u00e9ral et financier de Jiminex, Inc, directeur, chef de la direction et directeur financier de Sniper Resources Ltd, chef de la direction, directeur financier et administrateur d&rsquo;Academy Explorations Ltd, administrateur ind\u00e9pendant de Senternet Phi Gamma, Inc, pr\u00e9sident, chef de la direction, directeur financier, secr\u00e9taire et administrateur d&rsquo;Agau Resources, Inc et pr\u00e9sident de 2778533 Ontario, Inc.<\/p>\n<p>Il est membre du conseil d&rsquo;administration de Rio Verde Industries, Inc. et de TransGlobe Internet &amp; Telecom Co. Ltd, Shane Resources Ltd, Pacific Iron Ore Corp, Prominex Resource Corp, Red Light Holland Corp, Jiminex, Inc, Sniper Resources Ltd, Academy Explorations Ltd, Senternet Phi Gamma, Inc, Agau Resources, Inc, Hash Corp, Interactive Games Technologies, Inc et NuRAN Wireless, Inc. M. Posen a \u00e9t\u00e9 pr\u00e9c\u00e9demment employ\u00e9 en tant que directeur, directeur g\u00e9n\u00e9ral et directeur financier par Novamind, Inc, directeur ind\u00e9pendant par Fairmont Resources, Inc, pr\u00e9sident par ehave, Inc, et analyste principal par Plaza Capital Ltd.<\/p>\n<p>Il a \u00e9galement si\u00e9g\u00e9 au conseil d&rsquo;administration de Added Capital, Inc, World Class Extractions, Inc, CBD MED Research Corp, Tova Ventures II, Inc et High Tide, Inc.[\/et_pb_text][\/et_pb_column][\/et_pb_row][et_pb_row column_structure=\u00a0\u00bb2_5,3_5&Prime; use_custom_gutter=\u00a0\u00bbon\u00a0\u00bb gutter_width=\u00a0\u00bb2&Prime; make_equal=\u00a0\u00bbon\u00a0\u00bb _builder_version=\u00a0\u00bb4.16&Prime; _module_preset=\u00a0\u00bbdefault\u00a0\u00bb custom_css_main_element=\u00a0\u00bbalign-items: center;\u00a0\u00bb global_colors_info=\u00a0\u00bb{}\u00a0\u00bb][et_pb_column type=\u00a0\u00bb2_5&Prime; _builder_version=\u00a0\u00bb4.16&Prime; _module_preset=\u00a0\u00bbdefault\u00a0\u00bb global_colors_info=\u00a0\u00bb{}\u00a0\u00bb][et_pb_image src=\u00a0\u00bbhttps:\/\/nuranwireless.com\/wp-content\/uploads\/2021\/02\/LOGO_01.png\u00a0\u00bb alt=\u00a0\u00bbJim Bailey, directeur financier | Wireless Network Solutions | NuRAN Wireless\u00a0\u00bb title_text=\u00a0\u00bbLOGO_01&Prime; align=\u00a0\u00bbcenter\u00a0\u00bb _builder_version=\u00a0\u00bb4.16&Prime; _module_preset=\u00a0\u00bbdefault\u00a0\u00bb max_width=\u00a0\u00bb53%\u00a0\u00bb global_colors_info=\u00a0\u00bb{}\u00a0\u00bb][\/et_pb_image][\/et_pb_column][et_pb_column type=\u00a0\u00bb3_5&Prime; _builder_version=\u00a0\u00bb4.16&Prime; _module_preset=\u00a0\u00bbdefault\u00a0\u00bb global_colors_info=\u00a0\u00bb{}\u00a0\u00bb][et_pb_text admin_label=\u00a0\u00bbText\u00a0\u00bb _builder_version=\u00a0\u00bb4.16&Prime; _module_preset=\u00a0\u00bbdefault\u00a0\u00bb global_colors_info=\u00a0\u00bb{}\u00a0\u00bb]<\/p>\n<p><strong>  Vitor M. Fonseca, Membre du Conseil d&rsquo;administration<\/strong><\/p>\n<p class=\"x_MsoNormal\"><span lang=\"EN-CA\">Vitor a plus de 25 ans d&rsquo;exp\u00e9rience dans les secteurs de la finance et de l&rsquo;immobilier. Il est actuellement vice-pr\u00e9sident et tr\u00e9sorier de Romspen Investment Corporation, l&rsquo;un des plus grands pr\u00eateurs priv\u00e9s de biens immobiliers commerciaux au Canada, avec un portefeuille nord-am\u00e9ricain de 3 milliards de dollars. Imm\u00e9diatement avant de rejoindre Romspen, il \u00e9tait directeur de l&rsquo;exploitation d&rsquo;un promoteur et exploitant de maisons de retraite.<\/span><\/p>\n<p class=\"x_MsoNormal\"><span lang=\"EN-CA\">Il est actuellement administrateur et pr\u00e9sident du comit\u00e9 de v\u00e9rification de Canntab Therapeutics Inc. et administrateur de Magellan Communities Care, un organisme sans but lucratif qui d\u00e9veloppe un complexe de soins pour personnes \u00e2g\u00e9es au centre-ville de Toronto. Il est un ancien administrateur et pr\u00e9sident du comit\u00e9 d&rsquo;audit de Mission Ready Services Inc. et d&rsquo;Enwave Energy Corporation.<\/span><\/p>\n<p class=\"x_MsoNormal\"><span lang=\"EN-CA\">Vitor est titulaire d&rsquo;un MBA de la Rotman School of Management, d&rsquo;un CPA-CGA et est \u00e9galement dipl\u00f4m\u00e9 de l&rsquo;Institut des administrateurs de soci\u00e9t\u00e9s.<\/span><\/p>\n<p>[\/et_pb_text][\/et_pb_column][\/et_pb_row][et_pb_row column_structure=\u00a0\u00bb2_5,3_5&Prime; use_custom_gutter=\u00a0\u00bbon\u00a0\u00bb gutter_width=\u00a0\u00bb2&Prime; make_equal=\u00a0\u00bbon\u00a0\u00bb _builder_version=\u00a0\u00bb4.16&Prime; _module_preset=\u00a0\u00bbdefault\u00a0\u00bb custom_css_main_element=\u00a0\u00bbalign-items: center;\u00a0\u00bb global_colors_info=\u00a0\u00bb{}\u00a0\u00bb][et_pb_column type=\u00a0\u00bb2_5&Prime; _builder_version=\u00a0\u00bb4.16&Prime; _module_preset=\u00a0\u00bbdefault\u00a0\u00bb global_colors_info=\u00a0\u00bb{}\u00a0\u00bb][et_pb_image src=\u00a0\u00bbhttps:\/\/nuranwireless.com\/wp-content\/uploads\/2021\/02\/LOGO_01.png\u00a0\u00bb alt=\u00a0\u00bbDenis Lambert, Vice-pr\u00e9sident des ventes | Solutions de r\u00e9seaux sans fil | NuRAN Wireless\u00a0\u00bb title_text=\u00a0\u00bbLOGO_01&Prime; align=\u00a0\u00bbcenter\u00a0\u00bb _builder_version=\u00a0\u00bb4.16&Prime; _module_preset=\u00a0\u00bbdefault\u00a0\u00bb global_colors_info=\u00a0\u00bb{}\u00a0\u00bb][\/et_pb_image][\/et_pb_column][et_pb_column type=\u00a0\u00bb3_5&Prime; _builder_version=\u00a0\u00bb4.16&Prime; _module_preset=\u00a0\u00bbdefault\u00a0\u00bb global_colors_info=\u00a0\u00bb{}\u00a0\u00bb][et_pb_text _builder_version=\u00a0\u00bb4.16&Prime; _module_preset=\u00a0\u00bbdefault\u00a0\u00bb global_colors_info=\u00a0\u00bb{}\u00a0\u00bb]<strong>Brendan Purdy, membre du conseil d&rsquo;administration<\/strong><\/p>\n<p>Brendan Purdy est un homme d&rsquo;affaires qui a \u00e9t\u00e9 \u00e0 la t\u00eate de 7 entreprises diff\u00e9rentes et qui est actuellement directeur g\u00e9n\u00e9ral, secr\u00e9taire et administrateur de Canadian GoldCamps Corp, directeur g\u00e9n\u00e9ral et administrateur d&rsquo;International Cobalt Corp, directeur financier et administrateur de Transnational Cannabis Ltd et avocat g\u00e9n\u00e9ral de 3sixty Secure Corp.<\/p>\n<p>Il est \u00e9galement membre du Barreau du Haut-Canada, directeur de l&rsquo;exploitation de la division Blockchain m\u00e9dicale et s\u00e9curit\u00e9 des donn\u00e9es chez EGF Theramed Health Corp, avocat g\u00e9n\u00e9ral de CanUrsa Finance, Inc. et directeur du cabinet Brendan Purdy, Barrister &amp; Solicitor, et si\u00e8ge au conseil d&rsquo;administration de sept autres soci\u00e9t\u00e9s.<\/p>\n<p>Il a pr\u00e9c\u00e9demment occup\u00e9 les postes de pr\u00e9sident du conseil d&rsquo;administration de Mojave Jane Brands, Inc, d&rsquo;administrateur ind\u00e9pendant de Pasofino Gold Ltd, de secr\u00e9taire et de conseiller juridique d&rsquo;entreprise d&rsquo;Advanced Explorations, Inc, de secr\u00e9taire et d&rsquo;administrateur de Global Gaming Technologies Corp, de pr\u00e9sident, de directeur g\u00e9n\u00e9ral et d&rsquo;administrateur d&rsquo;Element 79 Capital, Inc et de directeur g\u00e9n\u00e9ral de Seaway Energy Services, Inc.<\/p>\n<p>Brendan Purdy a obtenu un dipl\u00f4me d&rsquo;\u00e9tudes sup\u00e9rieures de l&rsquo;Universit\u00e9 d&rsquo;Ottawa et un dipl\u00f4me de premier cycle de l&rsquo;Universit\u00e9 de Western Ontario.[\/et_pb_text][\/et_pb_column][\/et_pb_row][et_pb_row column_structure=\u00a0\u00bb2_5,3_5&Prime; use_custom_gutter=\u00a0\u00bbon\u00a0\u00bb gutter_width=\u00a0\u00bb2&Prime; make_equal=\u00a0\u00bbon\u00a0\u00bb _builder_version=\u00a0\u00bb4.16&Prime; _module_preset=\u00a0\u00bbdefault\u00a0\u00bb custom_css_main_element=\u00a0\u00bbalign-items: center;\u00a0\u00bb global_colors_info=\u00a0\u00bb{}\u00a0\u00bb][et_pb_column type=\u00a0\u00bb2_5&Prime; _builder_version=\u00a0\u00bb4.16&Prime; _module_preset=\u00a0\u00bbdefault\u00a0\u00bb global_colors_info=\u00a0\u00bb{}\u00a0\u00bb][et_pb_image src=\u00a0\u00bbhttps:\/\/nuranwireless.com\/wp-content\/uploads\/2024\/02\/Navindran-1.jpeg\u00a0\u00bb alt=\u00a0\u00bbDenis Lambert, Vice-pr\u00e9sident des ventes | Solutions de r\u00e9seaux sans fil | NuRAN Wireless\u00a0\u00bb title_text=\u00a0\u00bbNavindran\u00a0\u00bb align=\u00a0\u00bbcenter\u00a0\u00bb _builder_version=\u00a0\u00bb4.23.1&Prime; _module_preset=\u00a0\u00bbdefault\u00a0\u00bb width=\u00a0\u00bb50%\u00a0\u00bb global_colors_info=\u00a0\u00bb{}\u00a0\u00bb][\/et_pb_image][\/et_pb_column][et_pb_column type=\u00a0\u00bb3_5&Prime; _builder_version=\u00a0\u00bb4.16&Prime; _module_preset=\u00a0\u00bbdefault\u00a0\u00bb global_colors_info=\u00a0\u00bb{}\u00a0\u00bb][et_pb_text _builder_version=\u00a0\u00bb4.23.1&Prime; _module_preset=\u00a0\u00bbdefault\u00a0\u00bb global_colors_info=\u00a0\u00bb{}\u00a0\u00bb]<\/p>\n<p><strong><span>Navindran Naidoo<\/span>, <span><br \/>\n  <span class=\"ui-provider ed bdr azp bjb bjc bjd bje bjf bjg bjh bji bjj bjk bjl bjm bjn bjo bjp bjq bjr dej dek bju bjv bjw bjx bjy bjz bka bkb bkc bkd bke bkf bkg\" dir=\"ltr\">Directeur et pr\u00e9sident du comit\u00e9 strat\u00e9gique<\/span><br \/>\n<\/span><\/strong><\/p>\n<p><strong><span><\/span><\/strong><\/p>\n<p class=\"x_x_elementtoproof\"><span>Navi Naidoo a plus de 25 ans d&rsquo;exp\u00e9rience dans les t\u00e9l\u00e9communications, dans les domaines de la planification et de l&rsquo;optimisation des r\u00e9seaux mobiles et fixes, ce qui englobe le d\u00e9veloppement des installations de r\u00e9seau, la planification du spectre, les syst\u00e8mes de transport, y compris les r\u00e9seaux IP, les r\u00e9seaux centraux de nouvelle g\u00e9n\u00e9ration et les r\u00e9seaux d&rsquo;entreprise. Il \u00e9tait responsable de l&rsquo;\u00e9volution efficace et strat\u00e9gique des r\u00e9seaux (RAN, Transport, Core, OSS et Energy &amp; Infrastructure) afin d&rsquo;offrir la meilleure exp\u00e9rience possible aux clients de MTN, dans le monde entier. Il a \u00e9galement contribu\u00e9 \u00e0 faire progresser le d\u00e9ploiement du r\u00e9seau rural en Afrique en introduisant d&rsquo;autres fournisseurs, tels que NuRan et d&rsquo;autres fournisseurs de RORE. Navi a repr\u00e9sent\u00e9 le groupe MTN \u00e0 l&rsquo;initiative TIP de Facebook et a facilit\u00e9 de nombreux essais en laboratoire et sur le terrain d&rsquo;\u00e9quipements Open Source et d&rsquo;autres fournisseurs de RAN pour le d\u00e9ploiement en Afrique.<\/span><\/p>\n<p class=\"x_x_elementtoproof\"><span>Navi a rejoint MTN en 1997 et a occup\u00e9 divers postes de direction au sein du groupe Technologie, ainsi que le poste de directeur du r\u00e9seau de 2013 \u00e0 2021. Il a d\u00e9j\u00e0 travaill\u00e9 au Nigeria, en Ouganda, au Cameroun et au Swaziland, o\u00f9 il a jou\u00e9 un r\u00f4le d\u00e9terminant dans la planification initiale, le d\u00e9ploiement et l&rsquo;exploitation des r\u00e9seaux de t\u00e9l\u00e9phonie mobile de MTN dans ces pays.<\/span><\/p>\n<p><span>Navi est titulaire d&rsquo;une ma\u00eetrise en administration des affaires, d&rsquo;un dipl\u00f4me de troisi\u00e8me cycle en gestion des affaires, d&rsquo;une ma\u00eetrise en ing\u00e9nierie et en \u00e9lectronique et d&rsquo;une licence en ing\u00e9nierie et en \u00e9lectronique de l&rsquo;universit\u00e9 de Kwazulu-Natal (anciennement universit\u00e9 du Natal) en Afrique du Sud.<\/span><\/p>\n<p>&nbsp;<\/p>\n<p>[\/et_pb_text][\/et_pb_column][\/et_pb_row][et_pb_row column_structure=\u00a0\u00bb2_5,3_5&Prime; use_custom_gutter=\u00a0\u00bbon\u00a0\u00bb gutter_width=\u00a0\u00bb2&Prime; make_equal=\u00a0\u00bbon\u00a0\u00bb _builder_version=\u00a0\u00bb4.16&Prime; _module_preset=\u00a0\u00bbdefault\u00a0\u00bb custom_css_main_element=\u00a0\u00bbalign-items: center;\u00a0\u00bb global_colors_info=\u00a0\u00bb{}\u00a0\u00bb][et_pb_column type=\u00a0\u00bb2_5&Prime; _builder_version=\u00a0\u00bb4.16&Prime; _module_preset=\u00a0\u00bbdefault\u00a0\u00bb global_colors_info=\u00a0\u00bb{}\u00a0\u00bb][\/et_pb_column][et_pb_column type=\u00a0\u00bb3_5&Prime; _builder_version=\u00a0\u00bb4.16&Prime; _module_preset=\u00a0\u00bbdefault\u00a0\u00bb global_colors_info=\u00a0\u00bb{}\u00a0\u00bb][\/et_pb_column][\/et_pb_row][\/et_pb_section]<\/p>\n<span class=\"et_bloom_bottom_trigger\"><\/span>","protected":false},"excerpt":{"rendered":"<p>Conseil d&rsquo;administrationFrancis L\u00e9tourneau, pr\u00e9sident et chef de la direction Francis L\u00e9tourneau est un cadre chevronn\u00e9 et accompli dans le domaine des ventes et du marketing, avec plus de 25 ans [&hellip;]<\/p>\n","protected":false},"author":3,"featured_media":0,"parent":32203,"menu_order":0,"comment_status":"closed","ping_status":"closed","template":"","meta":{"_et_pb_use_builder":"on","_et_pb_old_content":"","_et_gb_content_width":"","footnotes":""},"class_list":["post-33919","page","type-page","status-publish","hentry"],"_links":{"self":[{"href":"https:\/\/nuranwireless.com\/fr\/wp-json\/wp\/v2\/pages\/33919","targetHints":{"allow":["GET"]}}],"collection":[{"href":"https:\/\/nuranwireless.com\/fr\/wp-json\/wp\/v2\/pages"}],"about":[{"href":"https:\/\/nuranwireless.com\/fr\/wp-json\/wp\/v2\/types\/page"}],"author":[{"embeddable":true,"href":"https:\/\/nuranwireless.com\/fr\/wp-json\/wp\/v2\/users\/3"}],"replies":[{"embeddable":true,"href":"https:\/\/nuranwireless.com\/fr\/wp-json\/wp\/v2\/comments?post=33919"}],"version-history":[{"count":34,"href":"https:\/\/nuranwireless.com\/fr\/wp-json\/wp\/v2\/pages\/33919\/revisions"}],"predecessor-version":[{"id":237279,"href":"https:\/\/nuranwireless.com\/fr\/wp-json\/wp\/v2\/pages\/33919\/revisions\/237279"}],"up":[{"embeddable":true,"href":"https:\/\/nuranwireless.com\/fr\/wp-json\/wp\/v2\/pages\/32203"}],"wp:attachment":[{"href":"https:\/\/nuranwireless.com\/fr\/wp-json\/wp\/v2\/media?parent=33919"}],"curies":[{"name":"wp","href":"https:\/\/api.w.org\/{rel}","templated":true}]}}