{"id":32316,"date":"2021-02-24T13:58:25","date_gmt":"2021-02-24T18:58:25","guid":{"rendered":"https:\/\/nuranwireless.com\/?page_id=32316"},"modified":"2021-10-29T13:52:28","modified_gmt":"2021-10-29T17:52:28","slug":"produit-oc-2g","status":"publish","type":"page","link":"https:\/\/nuranwireless.com\/fr\/produit-oc-2g\/","title":{"rendered":"Produit OC-2G"},"content":{"rendered":"<p>[et_pb_section fb_built=\u00a0\u00bb1&Prime; admin_label=\u00a0\u00bbHeader\u00a0\u00bb _builder_version=\u00a0\u00bb4.8.1&Prime; background_color=\u00a0\u00bbrgba(5,27,49,0.87)\u00a0\u00bb background_image=\u00a0\u00bbhttp:\/\/nuranwireless.com\/wp-content\/uploads\/2021\/01\/AdobeStock_203669387_Preview.jpeg\u00a0\u00bb background_position=\u00a0\u00bbtop_left\u00a0\u00bb background_blend=\u00a0\u00bbmultiply\u00a0\u00bb max_height=\u00a0\u00bb4%\u00a0\u00bb custom_margin=\u00a0\u00bb||||false|false\u00a0\u00bb custom_padding=\u00a0\u00bb3%||3%||true|false\u00a0\u00bb][et_pb_row custom_padding_last_edited=\u00a0\u00bbon|phone\u00a0\u00bb _builder_version=\u00a0\u00bb4.9.7&Prime; _module_preset=\u00a0\u00bbdefault\u00a0\u00bb background_color=\u00a0\u00bbrgba(5,27,49,0.75)\u00a0\u00bb width=\u00a0\u00bb100%\u00a0\u00bb max_width=\u00a0\u00bb2560px\u00a0\u00bb module_alignment=\u00a0\u00bbcenter\u00a0\u00bb custom_margin=\u00a0\u00bb||||true|true\u00a0\u00bb custom_padding=\u00a0\u00bb4vw|45px|2vw|45px|false|true\u00a0\u00bb custom_padding_tablet=\u00a0\u00bb\u00a0\u00bb custom_padding_phone=\u00a0\u00bb4vw|0px|2vw|0px|false|true\u00a0\u00bb][et_pb_column type=\u00a0\u00bb4_4&Prime; _builder_version=\u00a0\u00bb4.9.7&Prime; _module_preset=\u00a0\u00bbdefault\u00a0\u00bb][et_pb_text _builder_version=\u00a0\u00bb4.9.7&Prime; _module_preset=\u00a0\u00bbdefault\u00a0\u00bb header_font_size=\u00a0\u00bb7rem\u00a0\u00bb header_line_height=\u00a0\u00bb0.9em\u00a0\u00bb header_2_font=\u00a0\u00bbBebas Neue|||on|||||\u00a0\u00bb header_2_text_align=\u00a0\u00bbcenter\u00a0\u00bb header_2_text_color=\u00a0\u00bb#ffffff\u00a0\u00bb header_2_font_size=\u00a0\u00bb13rem\u00a0\u00bb header_2_letter_spacing=\u00a0\u00bb10px\u00a0\u00bb header_2_line_height=\u00a0\u00bb9rem\u00a0\u00bb header_4_font=\u00a0\u00bbBebas Neue||||||||\u00a0\u00bb header_4_text_color=\u00a0\u00bb#ffffff\u00a0\u00bb header_4_font_size=\u00a0\u00bb2rem\u00a0\u00bb text_orientation=\u00a0\u00bbcenter\u00a0\u00bb background_layout=\u00a0\u00bbdark\u00a0\u00bb width=\u00a0\u00bb80%\u00a0\u00bb max_width=\u00a0\u00bb1080px\u00a0\u00bb module_alignment=\u00a0\u00bbcenter\u00a0\u00bb custom_padding=\u00a0\u00bb||||false|false\u00a0\u00bb header_font_size_tablet=\u00a0\u00bb7rem\u00a0\u00bb header_font_size_phone=\u00a0\u00bb3rem\u00a0\u00bb header_font_size_last_edited=\u00a0\u00bbon|phone\u00a0\u00bb header_2_font_size_tablet=\u00a0\u00bb9rem\u00a0\u00bb header_2_font_size_phone=\u00a0\u00bb3rem\u00a0\u00bb header_2_font_size_last_edited=\u00a0\u00bbon|tablet\u00a0\u00bb]<\/p>\n<h1>OC-2G \u2013 Station de base GSM 2G<\/h1>\n<p>[\/et_pb_text][\/et_pb_column][\/et_pb_row][\/et_pb_section][et_pb_section fb_built=\u00a0\u00bb1&Prime; _builder_version=\u00a0\u00bb4.8.1&Prime; _module_preset=\u00a0\u00bbdefault\u00a0\u00bb custom_padding=\u00a0\u00bb2%||2%||true|false\u00a0\u00bb][et_pb_row column_structure=\u00a0\u00bb1_2,1_2&Prime; make_equal=\u00a0\u00bbon\u00a0\u00bb _builder_version=\u00a0\u00bb4.9.7&Prime; _module_preset=\u00a0\u00bbdefault\u00a0\u00bb width_tablet=\u00a0\u00bb\u00a0\u00bb width_phone=\u00a0\u00bb90%\u00a0\u00bb width_last_edited=\u00a0\u00bbon|phone\u00a0\u00bb custom_padding=\u00a0\u00bb4px||4px||true|false\u00a0\u00bb custom_css_main_element=\u00a0\u00bbalign-items: center;\u00a0\u00bb][et_pb_column type=\u00a0\u00bb1_2&Prime; _builder_version=\u00a0\u00bb4.8.1&Prime; _module_preset=\u00a0\u00bbdefault\u00a0\u00bb][et_pb_image src=\u00a0\u00bbhttp:\/\/nuranwireless.com\/wp-content\/uploads\/2017\/06\/photo-pr.png\u00a0\u00bb alt=\u00a0\u00bbOC 2G- R\u00e9seau GSM | Solution internet sans fil rurale 2G | NuRAN Wireless &#8211;  Solutions de r\u00e9seau sans fil et mobile\u00a0\u00bb title_text=\u00a0\u00bbOC 2G\u00a0\u00bb align=\u00a0\u00bbcenter\u00a0\u00bb _builder_version=\u00a0\u00bb4.9.7&Prime; _module_preset=\u00a0\u00bbdefault\u00a0\u00bb custom_padding=\u00a0\u00bb||||false|false\u00a0\u00bb][\/et_pb_image][\/et_pb_column][et_pb_column type=\u00a0\u00bb1_2&Prime; _builder_version=\u00a0\u00bb4.8.1&Prime; _module_preset=\u00a0\u00bbdefault\u00a0\u00bb][et_pb_text _builder_version=\u00a0\u00bb4.9.7&Prime; _module_preset=\u00a0\u00bbdefault\u00a0\u00bb text_text_color=\u00a0\u00bb#051B31&Prime; header_2_text_color=\u00a0\u00bb#00659D\u00a0\u00bb header_2_font_size=\u00a0\u00bb32px\u00a0\u00bb header_3_font=\u00a0\u00bbOpen Sans|700|||||||\u00a0\u00bb header_3_font_size=\u00a0\u00bb16px\u00a0\u00bb header_3_line_height=\u00a0\u00bb1.7em\u00a0\u00bb header_4_text_color=\u00a0\u00bb#00659D\u00a0\u00bb header_2_font_size_tablet=\u00a0\u00bb\u00a0\u00bb header_2_font_size_phone=\u00a0\u00bb\u00a0\u00bb header_2_font_size_last_edited=\u00a0\u00bbon|tablet\u00a0\u00bb]<\/p>\n<h2>La station de base GSM 2G red\u00e9finit une fois de plus les infrastructures mobiles \u00e0 faible co\u00fbt<\/h2>\n<h3>La OC-2G est une station de base GSM de classe op\u00e9rateur con\u00e7ue par NuRAN Wireless, avec la collaboration de Telecom Infra Project pour OpenCellular. Gr\u00e2ce \u00e0 son co\u00fbt total de possession le plus faible, cette station est la seule solution qui offre une connectivit\u00e9 rentable dans le cas de donn\u00e9es d\u00e9mographiques inf\u00e9rieures \u00e0 1 000.<\/h3>\n<p>&nbsp;<\/p>\n<p>Caract\u00e9ristiques principales:<\/p>\n<p class=\"bullet\"><i class=\"fas fa-check-circle\"><\/i> Simple-TRX, sortie 630 MW<\/p>\n<p class=\"bullet\"><i class=\"fas fa-check-circle\"><\/i> Consommation d&rsquo;\u00e9nergie: 14 W<\/p>\n<p>[\/et_pb_text][\/et_pb_column][\/et_pb_row][et_pb_row _builder_version=\u00a0\u00bb4.9.7&Prime; _module_preset=\u00a0\u00bbdefault\u00a0\u00bb width_tablet=\u00a0\u00bb\u00a0\u00bb width_phone=\u00a0\u00bb90%\u00a0\u00bb width_last_edited=\u00a0\u00bbon|phone\u00a0\u00bb][et_pb_column type=\u00a0\u00bb4_4&Prime; _builder_version=\u00a0\u00bb4.9.0&Prime; _module_preset=\u00a0\u00bbdefault\u00a0\u00bb][et_pb_text _builder_version=\u00a0\u00bb4.9.7&Prime; _module_preset=\u00a0\u00bbdefault\u00a0\u00bb text_text_color=\u00a0\u00bb#00659D\u00a0\u00bb header_3_text_color=\u00a0\u00bb#00659D\u00a0\u00bb text_orientation=\u00a0\u00bbcenter\u00a0\u00bb hover_enabled=\u00a0\u00bb0&Prime; header_3_font_size_tablet=\u00a0\u00bb2.5rem\u00a0\u00bb header_3_font_size_phone=\u00a0\u00bb\u00a0\u00bb header_3_font_size_last_edited=\u00a0\u00bbon|desktop\u00a0\u00bb sticky_enabled=\u00a0\u00bb0&Prime; text_font_size=\u00a0\u00bb2.5rem\u00a0\u00bb link_font_size=\u00a0\u00bb2.5rem\u00a0\u00bb link_line_height=\u00a0\u00bb1.1em\u00a0\u00bb link_font_size_last_edited=\u00a0\u00bbon|tablet\u00a0\u00bb link_font_size_tablet=\u00a0\u00bb2rem\u00a0\u00bb header_3_font_size=\u00a0\u00bb2.5rem\u00a0\u00bb]<\/p>\n<h3><a href=\"http:\/\/nuranwireless.com\/wp-content\/uploads\/2021\/01\/OC-2G_product_sheet_v1.0_web.pdf\" target=\"_blank\" rel=\"noopener\"><i class=\"fas fa-check-circle\"><\/i> Obtenez toute l\u2019information n\u00e9cessaire concernant notre base GSM 2G puissance en t\u00e9l\u00e9chargeant la fiche produit.<\/a><\/h3>\n<p>[\/et_pb_text][\/et_pb_column][\/et_pb_row][et_pb_row _builder_version=\u00a0\u00bb4.9.7&Prime; _module_preset=\u00a0\u00bbdefault\u00a0\u00bb width_tablet=\u00a0\u00bb\u00a0\u00bb width_phone=\u00a0\u00bb90%\u00a0\u00bb width_last_edited=\u00a0\u00bbon|phone\u00a0\u00bb][et_pb_column type=\u00a0\u00bb4_4&Prime; _builder_version=\u00a0\u00bb4.8.1&Prime; _module_preset=\u00a0\u00bbdefault\u00a0\u00bb][et_pb_button button_url=\u00a0\u00bb\/fr\/contact\/\u00a0\u00bb button_text=\u00a0\u00bbEn savoir plus !\u00a0\u00bb button_alignment=\u00a0\u00bbcenter\u00a0\u00bb _builder_version=\u00a0\u00bb4.9.0&Prime; _module_preset=\u00a0\u00bbdefault\u00a0\u00bb][\/et_pb_button][\/et_pb_column][\/et_pb_row][et_pb_row column_structure=\u00a0\u00bb1_2,1_2&Prime; use_custom_gutter=\u00a0\u00bbon\u00a0\u00bb gutter_width=\u00a0\u00bb2&Prime; make_equal=\u00a0\u00bbon\u00a0\u00bb _builder_version=\u00a0\u00bb4.9.7&Prime; _module_preset=\u00a0\u00bbdefault\u00a0\u00bb width_tablet=\u00a0\u00bb\u00a0\u00bb width_phone=\u00a0\u00bb90%\u00a0\u00bb width_last_edited=\u00a0\u00bbon|phone\u00a0\u00bb module_alignment=\u00a0\u00bbcenter\u00a0\u00bb custom_css_main_element=\u00a0\u00bbalign-items:center;\u00a0\u00bb][et_pb_column type=\u00a0\u00bb1_2&Prime; _builder_version=\u00a0\u00bb4.8.1&Prime; _module_preset=\u00a0\u00bbdefault\u00a0\u00bb][et_pb_image src=\u00a0\u00bbhttp:\/\/nuranwireless.com\/wp-content\/uploads\/2021\/04\/Telecom-Infra-Project.jpg\u00a0\u00bb alt=\u00a0\u00bbTelecom Infra Project | Station de base GSM 2G | NuRAN Wireless &#8211;  Solutions de r\u00e9seau internet sans fil et mobile\u00a0\u00bb title_text=\u00a0\u00bbTelecom Infra Project\u00a0\u00bb align=\u00a0\u00bbright\u00a0\u00bb _builder_version=\u00a0\u00bb4.9.7&Prime; _module_preset=\u00a0\u00bbdefault\u00a0\u00bb][\/et_pb_image][\/et_pb_column][et_pb_column type=\u00a0\u00bb1_2&Prime; _builder_version=\u00a0\u00bb4.8.1&Prime; _module_preset=\u00a0\u00bbdefault\u00a0\u00bb][et_pb_image src=\u00a0\u00bbhttp:\/\/nuranwireless.com\/wp-content\/uploads\/2021\/04\/Open-Cellular.jpg\u00a0\u00bb alt=\u00a0\u00bbOpen Cellular | Station de base GSM 2G | NuRAN Wireless &#8211;  Solutions de r\u00e9seau internet sans fil et mobile\u00a0\u00bb title_text=\u00a0\u00bbOpen Cellular\u00a0\u00bb _builder_version=\u00a0\u00bb4.9.7&Prime; _module_preset=\u00a0\u00bbdefault\u00a0\u00bb][\/et_pb_image][\/et_pb_column][\/et_pb_row][et_pb_row _builder_version=\u00a0\u00bb4.9.7&Prime; _module_preset=\u00a0\u00bbdefault\u00a0\u00bb width_tablet=\u00a0\u00bb\u00a0\u00bb width_phone=\u00a0\u00bb90%\u00a0\u00bb width_last_edited=\u00a0\u00bbon|phone\u00a0\u00bb][et_pb_column type=\u00a0\u00bb4_4&Prime; _builder_version=\u00a0\u00bb4.8.1&Prime; _module_preset=\u00a0\u00bbdefault\u00a0\u00bb][et_pb_tabs active_tab_text_color=\u00a0\u00bb#0EBCEF\u00a0\u00bb _builder_version=\u00a0\u00bb4.9.7&Prime; _module_preset=\u00a0\u00bbdefault\u00a0\u00bb tab_text_color=\u00a0\u00bb#FFFFFF\u00a0\u00bb][et_pb_tab title=\u00a0\u00bbPr\u00e9sentation\u00a0\u00bb _builder_version=\u00a0\u00bb4.9.7&Prime; _module_preset=\u00a0\u00bbdefault\u00a0\u00bb body_text_color=\u00a0\u00bb#051B31&Prime; tab_text_color=\u00a0\u00bb#b5b5b5&Prime;]<\/p>\n<p>La station de base GSM OC-2G est disponible dans le cadre de NuRAN Carrier Solutions (NCS), o\u00f9 elle se combine avec le contr\u00f4leur de station de base (BSC) de NuRAN Wireless pour former un r\u00e9seau d\u2019acc\u00e8s radio (RAN) complet qui s\u2019int\u00e8gre parfaitement au r\u00e9seau central d\u2019un op\u00e9rateur.<\/p>\n<p>Elle est \u00e9galement disponible dans le cadre de NuRAN OpenAccess (NOA), qui se compose de logiciels open-source ainsi que des interfaces ouvertes \u00e0 diverses couches du protocole de r\u00e9seau mobile. Elle dispose \u00e9galement de fonctionnalit\u00e9s de plus haut niveau telles que le r\u00e9seau int\u00e9gr\u00e9, et Facebook-driven Community Cellular Manager.<\/p>\n<h4>Station de base GSM OC-2g &#8211; Applications<\/h4>\n<ul>\n<li>Couverture rurale<\/li>\n<li>Couverture routi\u00e8re<\/li>\n<li>Villages \u00e0 faible population<\/li>\n<li>Sites \u00e9loign\u00e9s<\/li>\n<li>Pays en d\u00e9veloppement \/ March\u00e9s \u00e9mergents<\/li>\n<li>R\u00e9seaux priv\u00e9s<\/li>\n<\/ul>\n<p>Besoin de plus de puissance ou de couverture ? <a href=\"\/fr\/produit-gsm-litecell\/\">Jetez un coup d&rsquo;oeil au LiteCell 2G !<\/a><\/p>\n<p>[\/et_pb_tab][et_pb_tab title=\u00a0\u00bbSp\u00e9cifications\u00a0\u00bb _builder_version=\u00a0\u00bb4.9.0&Prime; _module_preset=\u00a0\u00bbdefault\u00a0\u00bb body_text_color=\u00a0\u00bb#051B31&Prime; tab_text_color=\u00a0\u00bb#b5b5b5&Prime;]<\/p>\n<p><strong>Analogique<\/strong><\/p>\n<p>Fr\u00e9quences d\u2019exploitation:<\/p>\n<table>\n<thead>\n<tr>\n<th scope=\"col\">Bande<\/th>\n<th scope=\"col\">R\u00e9ception<\/th>\n<th scope=\"col\">\u00c9mission<\/th>\n<\/tr>\n<\/thead>\n<tbody>\n<tr>\n<td data-label=\"Band\">850*<\/td>\n<td data-label=\"Due Date\">824-850 MHz<\/td>\n<td data-label=\"Period\">869-895 MHz<\/td>\n<\/tr>\n<tr>\n<td scope=\"row\" data-label=\"Band\">900<\/td>\n<td data-label=\"Due Date\">880-915 MHz<\/td>\n<td data-label=\"Period\">925-960 MHz<\/td>\n<\/tr>\n<tr>\n<td scope=\"row\" data-label=\"Band\">1800*<\/td>\n<td data-label=\"Due Date\">1710-1785 MHz<\/td>\n<td data-label=\"Period\">1805-1880 MHz<\/td>\n<\/tr>\n<\/tbody>\n<\/table>\n<p><span>Puissance maximale en sortie<\/span>: 28 dBm<\/p>\n<p><span>R\u00e9glage du niveau en sortie<\/span>: 1 dB steps<\/p>\n<p><span>Exactitude de l\u2019horloge<\/span>: &lt;0.05 ppm<\/p>\n<p><span>Sensibilit\u00e9<\/span>: -109 dBm, 2% BER<\/p>\n<p>Rayon cellulaire maximal: 22 km<\/p>\n<p>&nbsp;<\/p>\n<p><strong>Services<\/strong><\/p>\n<p><span>Format vocal<\/span>: AMR, HR, FR, EFR<\/p>\n<p>Services de donn\u00e9es:<\/p>\n<ul>\n<li>GPRS CS-1 to CS-4, multislot<\/li>\n<li>EGPRS MCS-1 to MCS-9, multislot<\/li>\n<\/ul>\n<p><span>Chiffrement<\/span>: A5\/0, A5\/1, A5\/2, &amp; A5\/3<\/p>\n<p>Capacit\u00e9 maximale : 14 appels simultan\u00e9s (8,2 Erlangs)<\/p>\n<p>&nbsp;<\/p>\n<p><strong>Interface logique<\/strong><\/p>\n<ul>\n<li>Abis sur IP<\/li>\n<li>Gb<\/li>\n<\/ul>\n<p><strong>Interfaces physique<\/strong><\/p>\n<p>Antennes: Type-N<\/p>\n<p>Antennes GPS: SMA<\/p>\n<p>Trafic et\u00a0contr\u00f4le: Ethernet RJ45<\/p>\n<p>&nbsp;<\/p>\n<p><strong>Caract\u00e9ristiques \u00e9lectriques<\/strong><\/p>\n<p>Consommation d&rsquo;\u00e9nergie (en moyenne 24 heures): 14 Watts (@ 28 dBm output)<\/p>\n<p>Tension d&rsquo;entr\u00e9e:<\/p>\n<ul>\n<li>24 VDC nominal<\/li>\n<li>19-30 VDC support\u00e9<\/li>\n<\/ul>\n<p>&nbsp;<\/p>\n<p><strong>Caract\u00e9ristiques m\u00e9caniques<\/strong><\/p>\n<p>Dimensions: 220 mm x 280 mm x 93 mm<\/p>\n<p>Poids: 6 kg<\/p>\n<p>Options de montage: <span>Poteau, mur, tour<\/span><\/p>\n<p>&nbsp;<\/p>\n<p><strong>Caract\u00e9ristiques d\u2019environnement<\/strong><\/p>\n<p><span>Temp\u00e9rature en service<\/span>: -20\u00b0C to +55\u00b0C\u00a0<span>+ chargement solaire<\/span><\/p>\n<p><span>Temp\u00e9rature en stockage<\/span>: -40\u00b0C to +70\u00b0C<\/p>\n<p>Protection: IP66<\/p>\n<p>Refroidissement: Passif<\/p>\n<p>&nbsp;<\/p>\n<p>*Support futur. V\u00e9rifiez la disponibilit\u00e9.<\/p>\n<p>[\/et_pb_tab][\/et_pb_tabs][\/et_pb_column][\/et_pb_row][et_pb_row _builder_version=\u00a0\u00bb4.9.7&Prime; _module_preset=\u00a0\u00bbdefault\u00a0\u00bb width_tablet=\u00a0\u00bb\u00a0\u00bb width_phone=\u00a0\u00bb90%\u00a0\u00bb width_last_edited=\u00a0\u00bbon|phone\u00a0\u00bb][et_pb_column type=\u00a0\u00bb4_4&Prime; _builder_version=\u00a0\u00bb4.8.1&Prime; _module_preset=\u00a0\u00bbdefault\u00a0\u00bb][et_pb_text _builder_version=\u00a0\u00bb4.9.7&Prime; _module_preset=\u00a0\u00bbdefault\u00a0\u00bb]<strong>En savoir plus sur la station de base GSM OC-2G et OpenCellular<\/strong><\/p>\n<p><a href=\"\/news-nl\/oc-2g\/\">NuRAN pr\u00e9sente OC-2G : un nouveau produit OpenCellular TIP<\/a><\/p>\n<p><a href=\"\/news-nl\/nuran-wireless-present-tip-opencellular-workshop-kenya\/\">Pr\u00e9sentation de NuRAN Wireless \u00e0 l\u2019atelier OpenCellular de TIP au Kenya<\/a><\/p>\n<p><a href=\"\/news-nl\/nuran-launches-community-cellular-manager-ccm-software-litecell-base-station\/\">NuRAN lance le logiciel Community Cellular Manager (CCM) pour sa station de base LiteCell<\/a><\/p>\n<p><a href=\"\/news-nl\/nuran-showcases-opencellular-mwc-lte-version\/\">NuRAN pr\u00e9sente le prototype OpenCellular au Mobile World Congress, retenu par Facebook comme partenaire de d\u00e9veloppement pour la prochaine version LTE<\/a>[\/et_pb_text][\/et_pb_column][\/et_pb_row][\/et_pb_section]<\/p>\n<span class=\"et_bloom_bottom_trigger\"><\/span>","protected":false},"excerpt":{"rendered":"<p>OC-2G \u2013 Station de base GSM 2GLa station de base GSM 2G red\u00e9finit une fois de plus les infrastructures mobiles \u00e0 faible co\u00fbt La OC-2G est une station de base [&hellip;]<\/p>\n","protected":false},"author":3,"featured_media":0,"parent":0,"menu_order":0,"comment_status":"closed","ping_status":"closed","template":"","meta":{"_et_pb_use_builder":"on","_et_pb_old_content":"","_et_gb_content_width":"","footnotes":""},"class_list":["post-32316","page","type-page","status-publish","hentry"],"_links":{"self":[{"href":"https:\/\/nuranwireless.com\/fr\/wp-json\/wp\/v2\/pages\/32316","targetHints":{"allow":["GET"]}}],"collection":[{"href":"https:\/\/nuranwireless.com\/fr\/wp-json\/wp\/v2\/pages"}],"about":[{"href":"https:\/\/nuranwireless.com\/fr\/wp-json\/wp\/v2\/types\/page"}],"author":[{"embeddable":true,"href":"https:\/\/nuranwireless.com\/fr\/wp-json\/wp\/v2\/users\/3"}],"replies":[{"embeddable":true,"href":"https:\/\/nuranwireless.com\/fr\/wp-json\/wp\/v2\/comments?post=32316"}],"version-history":[{"count":27,"href":"https:\/\/nuranwireless.com\/fr\/wp-json\/wp\/v2\/pages\/32316\/revisions"}],"predecessor-version":[{"id":34438,"href":"https:\/\/nuranwireless.com\/fr\/wp-json\/wp\/v2\/pages\/32316\/revisions\/34438"}],"wp:attachment":[{"href":"https:\/\/nuranwireless.com\/fr\/wp-json\/wp\/v2\/media?parent=32316"}],"curies":[{"name":"wp","href":"https:\/\/api.w.org\/{rel}","templated":true}]}}