{"id":32267,"date":"2021-02-24T10:00:42","date_gmt":"2021-02-24T15:00:42","guid":{"rendered":"https:\/\/nuranwireless.com\/?page_id=32267"},"modified":"2021-10-29T12:04:57","modified_gmt":"2021-10-29T16:04:57","slug":"partenaires","status":"publish","type":"page","link":"https:\/\/nuranwireless.com\/fr\/partenaires\/","title":{"rendered":"Partenaires"},"content":{"rendered":"<p>[et_pb_section fb_built=\u00a0\u00bb1&Prime; custom_padding_last_edited=\u00a0\u00bbon|desktop\u00a0\u00bb admin_label=\u00a0\u00bbHeader\u00a0\u00bb _builder_version=\u00a0\u00bb4.9.7&Prime; background_color=\u00a0\u00bbrgba(5,27,49,0.87)\u00a0\u00bb background_image=\u00a0\u00bbhttp:\/\/nuranwireless.com\/wp-content\/uploads\/2021\/01\/AdobeStock_182834816.jpeg\u00a0\u00bb background_position=\u00a0\u00bbtop_center\u00a0\u00bb background_blend=\u00a0\u00bbmultiply\u00a0\u00bb custom_margin=\u00a0\u00bb||0px||false|false\u00a0\u00bb custom_margin_tablet=\u00a0\u00bb\u00a0\u00bb custom_margin_phone=\u00a0\u00bb\u00a0\u00bb custom_margin_last_edited=\u00a0\u00bbon|phone\u00a0\u00bb custom_padding=\u00a0\u00bb4vw||4vw||false|false\u00a0\u00bb custom_padding_tablet=\u00a0\u00bb5vw||||false|false\u00a0\u00bb custom_padding_phone=\u00a0\u00bb0vw||||false|false\u00a0\u00bb][et_pb_row custom_padding_last_edited=\u00a0\u00bbon|tablet\u00a0\u00bb _builder_version=\u00a0\u00bb4.9.7&Prime; _module_preset=\u00a0\u00bbdefault\u00a0\u00bb background_color=\u00a0\u00bbrgba(5,27,49,0.75)\u00a0\u00bb width=\u00a0\u00bb100%\u00a0\u00bb max_width=\u00a0\u00bb2560px\u00a0\u00bb custom_margin=\u00a0\u00bb9px||||false|false\u00a0\u00bb custom_margin_tablet=\u00a0\u00bb16px||||false|false\u00a0\u00bb custom_margin_phone=\u00a0\u00bb\u00a0\u00bb custom_margin_last_edited=\u00a0\u00bbon|desktop\u00a0\u00bb custom_padding=\u00a0\u00bb5vw||2vw||false|false\u00a0\u00bb custom_padding_tablet=\u00a0\u00bb6vw||||false|false\u00a0\u00bb custom_padding_phone=\u00a0\u00bb9vw||2vw||false|false\u00a0\u00bb][et_pb_column type=\u00a0\u00bb4_4&Prime; _builder_version=\u00a0\u00bb4.7.7&Prime; _module_preset=\u00a0\u00bbdefault\u00a0\u00bb][et_pb_text _builder_version=\u00a0\u00bb4.9.7&Prime; _module_preset=\u00a0\u00bbdefault\u00a0\u00bb header_font_size=\u00a0\u00bb7rem\u00a0\u00bb header_2_font=\u00a0\u00bbBebas Neue|||on|||||\u00a0\u00bb header_2_text_color=\u00a0\u00bb#ffffff\u00a0\u00bb header_2_font_size=\u00a0\u00bb13rem\u00a0\u00bb header_2_letter_spacing=\u00a0\u00bb20px\u00a0\u00bb header_2_line_height=\u00a0\u00bb9rem\u00a0\u00bb header_4_font=\u00a0\u00bbBebas Neue||||||||\u00a0\u00bb header_4_text_color=\u00a0\u00bb#ffffff\u00a0\u00bb header_4_font_size=\u00a0\u00bb2rem\u00a0\u00bb text_orientation=\u00a0\u00bbcenter\u00a0\u00bb background_layout=\u00a0\u00bbdark\u00a0\u00bb max_width=\u00a0\u00bb1080px\u00a0\u00bb module_alignment=\u00a0\u00bbcenter\u00a0\u00bb header_font_size_tablet=\u00a0\u00bb\u00a0\u00bb header_font_size_phone=\u00a0\u00bb3rem\u00a0\u00bb header_font_size_last_edited=\u00a0\u00bbon|phone\u00a0\u00bb header_line_height_tablet=\u00a0\u00bb0.9em\u00a0\u00bb header_line_height_phone=\u00a0\u00bb1em\u00a0\u00bb header_line_height_last_edited=\u00a0\u00bbon|tablet\u00a0\u00bb]<\/p>\n<h1>Nos partenaires dans notre mission de connectivit\u00e9 rurale<\/h1>\n<p>[\/et_pb_text][\/et_pb_column][\/et_pb_row][\/et_pb_section][et_pb_section fb_built=\u00a0\u00bb1&Prime; _builder_version=\u00a0\u00bb4.8.1&Prime; _module_preset=\u00a0\u00bbdefault\u00a0\u00bb background_color=\u00a0\u00bbrgba(5,27,49,0.93)\u00a0\u00bb background_image=\u00a0\u00bbhttp:\/\/nuranwireless.com\/wp-content\/uploads\/2021\/01\/AdobeStock_240213482-RSZD.jpg\u00a0\u00bb background_blend=\u00a0\u00bboverlay\u00a0\u00bb custom_padding=\u00a0\u00bb||0px||false|false\u00a0\u00bb][et_pb_row column_structure=\u00a0\u00bb1_3,1_3,1_3&Prime; make_equal=\u00a0\u00bbon\u00a0\u00bb _builder_version=\u00a0\u00bb4.8.1&Prime; _module_preset=\u00a0\u00bbdefault\u00a0\u00bb width=\u00a0\u00bb90%\u00a0\u00bb max_width=\u00a0\u00bb2560px\u00a0\u00bb][et_pb_column type=\u00a0\u00bb1_3&Prime; _builder_version=\u00a0\u00bb4.8.1&Prime; _module_preset=\u00a0\u00bbdefault\u00a0\u00bb background_color=\u00a0\u00bb#FFFFFF\u00a0\u00bb custom_padding=\u00a0\u00bb2%|1%|2%|1%|false|true\u00a0\u00bb][et_pb_blurb title=\u00a0\u00bbAcquisition et construction de site\u00a0\u00bb image=\u00a0\u00bbhttp:\/\/nuranwireless.com\/wp-content\/uploads\/2021\/10\/Logo-Sagemcom-2.jpg\u00a0\u00bb alt=\u00a0\u00bbSagemcom | Solutions internet mobile et sans fil | Partenaires NuRAN Wireless \u00a0\u00bb image_max_width=\u00a0\u00bb200px\u00a0\u00bb _builder_version=\u00a0\u00bb4.9.7&Prime; _module_preset=\u00a0\u00bbdefault\u00a0\u00bb header_level=\u00a0\u00bbh3&Prime; header_font=\u00a0\u00bbBebas Neue|||on|||||\u00a0\u00bb header_text_align=\u00a0\u00bbcenter\u00a0\u00bb header_text_color=\u00a0\u00bb#00659D\u00a0\u00bb header_font_size=\u00a0\u00bb1.5rem\u00a0\u00bb header_letter_spacing=\u00a0\u00bb3px\u00a0\u00bb body_text_align=\u00a0\u00bbcenter\u00a0\u00bb body_link_font=\u00a0\u00bb|||on|||||\u00a0\u00bb body_link_text_color=\u00a0\u00bb#00659D\u00a0\u00bb background_enable_color=\u00a0\u00bboff\u00a0\u00bb custom_margin=\u00a0\u00bb||||false|false\u00a0\u00bb custom_padding=\u00a0\u00bb15px||15px||true|false\u00a0\u00bb]<\/p>\n<p>La construction du site d\u00e9bute par la conception et la construction d&rsquo;une gamme compl\u00e8te de pyl\u00f4nes (treillis, hauban\u00e9s, monop\u00f4les, toits et tours sp\u00e9ciales comme des palmiers). Viennent ensuite les travaux de g\u00e9nie civil associ\u00e9s (abri, maison de garde, route d&rsquo;acc\u00e8s). Pour terminer, il faut aborder la conceptualisation de l&rsquo;installation et de la mise en service des \u00e9quipements \u00e9nerg\u00e9tiques (redresseur, groupe \u00e9lectrog\u00e8ne, station solaire et hybride) et des \u00e9quipements actifs (micro-ondes, multiplexeur, station de base).<\/p>\n<p><a href=\"https:\/\/www.sagemcom.com\/V02\/smart-city\/nanogrid-infrastructure-solutions-nis\/smart-site\/\" target=\"_blank\" rel=\"noopener noreferrer\">Lire la suite \u2192<\/a><\/p>\n<p>[\/et_pb_blurb][\/et_pb_column][et_pb_column type=\u00a0\u00bb1_3&Prime; _builder_version=\u00a0\u00bb4.8.1&Prime; _module_preset=\u00a0\u00bbdefault\u00a0\u00bb background_color=\u00a0\u00bb#FFFFFF\u00a0\u00bb custom_padding=\u00a0\u00bb2%|1%|2%|1%|false|true\u00a0\u00bb][et_pb_blurb title=\u00a0\u00bbAcquisition et construction de site\u00a0\u00bb image=\u00a0\u00bbhttp:\/\/nuranwireless.com\/wp-content\/uploads\/2021\/10\/Camusat.jpg\u00a0\u00bb alt=\u00a0\u00bbCamusat | Solutions internet mobile et sans fil | Partenaires NuRAN Wireless\u00a0\u00bb image_max_width=\u00a0\u00bb200px\u00a0\u00bb _builder_version=\u00a0\u00bb4.9.7&Prime; _module_preset=\u00a0\u00bbdefault\u00a0\u00bb header_level=\u00a0\u00bbh3&Prime; header_font=\u00a0\u00bbBebas Neue|||on|||||\u00a0\u00bb header_text_align=\u00a0\u00bbcenter\u00a0\u00bb header_text_color=\u00a0\u00bb#00659D\u00a0\u00bb header_font_size=\u00a0\u00bb1.5rem\u00a0\u00bb header_letter_spacing=\u00a0\u00bb3px\u00a0\u00bb body_text_align=\u00a0\u00bbcenter\u00a0\u00bb body_link_font=\u00a0\u00bb|||on|||||\u00a0\u00bb body_link_text_color=\u00a0\u00bb#00659D\u00a0\u00bb background_enable_color=\u00a0\u00bboff\u00a0\u00bb custom_margin=\u00a0\u00bb||||false|false\u00a0\u00bb custom_padding=\u00a0\u00bb15px||15px||true|false\u00a0\u00bb hover_enabled=\u00a0\u00bb0&Prime; sticky_enabled=\u00a0\u00bb0&Prime;]<\/p>\n<p>En tant que fournisseur de solutions cl\u00e9s en main de haut niveau, nous g\u00e9rons tous les aspects du projet de mise en \u0153uvre du site de t\u00e9l\u00e9communications : de l&rsquo;acquisition du site et de sa planification, jusqu&rsquo;\u00e0 la conception, la construction et l&rsquo;installation. Notre vaste expertise comprend \u00e9galement des \u00e9tudes de modification et de renforcement des pyl\u00f4nes existants afin d\u2019aider \u00e0 l\u2019optimisation de l&rsquo;infrastructure.<\/p>\n<p><a href=\"https:\/\/www.camusat.com\/our-solutions\/\" target=\"_blank\" rel=\"noopener noreferrer\">Lire la suite \u2192<\/a><\/p>\n<p>[\/et_pb_blurb][\/et_pb_column][et_pb_column type=\u00a0\u00bb1_3&Prime; _builder_version=\u00a0\u00bb4.8.1&Prime; _module_preset=\u00a0\u00bbdefault\u00a0\u00bb background_color=\u00a0\u00bb#FFFFFF\u00a0\u00bb custom_padding=\u00a0\u00bb2%|1%|2%|1%|false|true\u00a0\u00bb][et_pb_blurb title=\u00a0\u00bbTours et poteaux\u00a0\u00bb image=\u00a0\u00bbhttp:\/\/nuranwireless.com\/wp-content\/uploads\/2021\/10\/G-Tower.jpg\u00a0\u00bb alt=\u00a0\u00bbG-Tower | Solutions internet mobile et sans fil | Partenaires NuRAN Wireless\u00a0\u00bb image_max_width=\u00a0\u00bb200px\u00a0\u00bb _builder_version=\u00a0\u00bb4.9.7&Prime; _module_preset=\u00a0\u00bbdefault\u00a0\u00bb header_level=\u00a0\u00bbh3&Prime; header_font=\u00a0\u00bbBebas Neue|||on|||||\u00a0\u00bb header_text_align=\u00a0\u00bbcenter\u00a0\u00bb header_text_color=\u00a0\u00bb#00659D\u00a0\u00bb header_font_size=\u00a0\u00bb1.5rem\u00a0\u00bb header_letter_spacing=\u00a0\u00bb3px\u00a0\u00bb body_text_align=\u00a0\u00bbcenter\u00a0\u00bb body_link_font=\u00a0\u00bb|||on|||||\u00a0\u00bb body_link_text_color=\u00a0\u00bb#00659D\u00a0\u00bb background_enable_color=\u00a0\u00bboff\u00a0\u00bb custom_margin=\u00a0\u00bb||||false|false\u00a0\u00bb custom_padding=\u00a0\u00bb15px||15px||true|false\u00a0\u00bb]<\/p>\n<p>G-Tower d\u00e9veloppe des solutions pour la structure des tours, allant des poteaux jusqu&rsquo;au soutien des fondations, ainsi que des services d&rsquo;ing\u00e9nierie et d&rsquo;approvisionnement. Les tours sont utilis\u00e9es pour la transmission et la distribution d&rsquo;\u00e9lectricit\u00e9, l&rsquo;\u00e9clairage, les \u00e9oliennes, les petites \u00e9oliennes et les \u00e9oliennes en mer, les t\u00e9l\u00e9communications et les applications solaires.<\/p>\n<p><a href=\"https:\/\/www.power-technology.com\/contractors\/business\/g-tower\/\" target=\"_blank\" rel=\"noopener noreferrer\">Lire la suite \u2192<\/a><\/p>\n<p>[\/et_pb_blurb][\/et_pb_column][\/et_pb_row][et_pb_row column_structure=\u00a0\u00bb1_3,1_3,1_3&Prime; make_equal=\u00a0\u00bbon\u00a0\u00bb _builder_version=\u00a0\u00bb4.8.1&Prime; _module_preset=\u00a0\u00bbdefault\u00a0\u00bb width=\u00a0\u00bb90%\u00a0\u00bb max_width=\u00a0\u00bb2560px\u00a0\u00bb][et_pb_column type=\u00a0\u00bb1_3&Prime; _builder_version=\u00a0\u00bb4.8.1&Prime; _module_preset=\u00a0\u00bbdefault\u00a0\u00bb background_color=\u00a0\u00bb#FFFFFF\u00a0\u00bb custom_padding=\u00a0\u00bb2%|1%|2%|1%|false|true\u00a0\u00bb][et_pb_blurb title=\u00a0\u00bbTours et poteaux\u00a0\u00bb image=\u00a0\u00bbhttp:\/\/nuranwireless.com\/wp-content\/uploads\/2021\/10\/Ersan-1.jpg\u00a0\u00bb alt=\u00a0\u00bb\u00c9nergie Ersan | Solutions internet mobile et sans fil | Partenaires NuRAN Wireless\u00a0\u00bb image_max_width=\u00a0\u00bb200px\u00a0\u00bb _builder_version=\u00a0\u00bb4.9.7&Prime; _module_preset=\u00a0\u00bbdefault\u00a0\u00bb header_level=\u00a0\u00bbh3&Prime; header_font=\u00a0\u00bbBebas Neue|||on|||||\u00a0\u00bb header_text_align=\u00a0\u00bbcenter\u00a0\u00bb header_text_color=\u00a0\u00bb#00659D\u00a0\u00bb header_font_size=\u00a0\u00bb1.5rem\u00a0\u00bb header_letter_spacing=\u00a0\u00bb3px\u00a0\u00bb body_text_align=\u00a0\u00bbcenter\u00a0\u00bb body_link_font=\u00a0\u00bb|||on|||||\u00a0\u00bb body_link_text_color=\u00a0\u00bb#00659D\u00a0\u00bb background_enable_color=\u00a0\u00bboff\u00a0\u00bb custom_margin=\u00a0\u00bb||||false|false\u00a0\u00bb custom_padding=\u00a0\u00bb15px||15px||true|false\u00a0\u00bb]<\/p>\n<p>ERSAN Energy s\u2019est engag\u00e9 dans la fabrication et la vente de tours en acier de type treillis, comprenant des tours de transmission d&rsquo;\u00e9lectricit\u00e9, des tours GSM et des structures de sous-stations en acier et des poteaux polygonaux utilis\u00e9s dans les industries de transmission d&rsquo;\u00e9lectricit\u00e9 et de t\u00e9l\u00e9communications.<\/p>\n<p><a href=\"http:\/\/www.ersancompany.com\/energy-steel\/\" target=\"_blank\" rel=\"noopener noreferrer\">Lire la suite \u2192<\/a><\/p>\n<p>[\/et_pb_blurb][\/et_pb_column][et_pb_column type=\u00a0\u00bb1_3&Prime; _builder_version=\u00a0\u00bb4.8.1&Prime; _module_preset=\u00a0\u00bbdefault\u00a0\u00bb background_color=\u00a0\u00bb#FFFFFF\u00a0\u00bb custom_padding=\u00a0\u00bb2%|1%|2%|1%|false|true\u00a0\u00bb][et_pb_blurb title=\u00a0\u00bbSyst\u00e8me \u00e0 \u00e9nergie solaire\u00a0\u00bb image=\u00a0\u00bbhttp:\/\/nuranwireless.com\/wp-content\/uploads\/2021\/10\/Clear-blue.jpg\u00a0\u00bb alt=\u00a0\u00bbTechnologies Clear Blue | Solutions internet mobile et sans fil | Partenaires NuRAN Wireless\u00a0\u00bb image_max_width=\u00a0\u00bb200px\u00a0\u00bb _builder_version=\u00a0\u00bb4.9.7&Prime; _module_preset=\u00a0\u00bbdefault\u00a0\u00bb header_level=\u00a0\u00bbh3&Prime; header_font=\u00a0\u00bbBebas Neue|||on|||||\u00a0\u00bb header_text_align=\u00a0\u00bbcenter\u00a0\u00bb header_text_color=\u00a0\u00bb#00659D\u00a0\u00bb header_font_size=\u00a0\u00bb1.5rem\u00a0\u00bb header_letter_spacing=\u00a0\u00bb3px\u00a0\u00bb body_text_align=\u00a0\u00bbcenter\u00a0\u00bb body_link_font=\u00a0\u00bb|||on|||||\u00a0\u00bb body_link_text_color=\u00a0\u00bb#00659D\u00a0\u00bb background_enable_color=\u00a0\u00bboff\u00a0\u00bb custom_margin=\u00a0\u00bb||||false|false\u00a0\u00bb custom_padding=\u00a0\u00bb15px||15px||true|false\u00a0\u00bb]<\/p>\n<p>La solution Smart Off-Grid de la soci\u00e9t\u00e9 Clear Blue Technologies est fond\u00e9e sur une vision consistant \u00e0 fournir une \u00ab alimentation sans fil \u00bb propre et impeccable pour r\u00e9pondre aux besoins mondiaux en \u00e9nergie fiable, \u00e0 co\u00fbt moindre et hors r\u00e9seau pour l&rsquo;\u00e9clairage, les t\u00e9l\u00e9communications, la s\u00e9curit\u00e9, l\u2019Internet des objets et autres syst\u00e8mes n\u00e9vralgiques.<\/p>\n<p><a href=\"https:\/\/www.clearbluetechnologies.com\/\" target=\"_blank\" rel=\"noopener noreferrer\">Lire la suite \u2192<\/a><\/p>\n<p>[\/et_pb_blurb][\/et_pb_column][et_pb_column type=\u00a0\u00bb1_3&Prime; _builder_version=\u00a0\u00bb4.8.1&Prime; _module_preset=\u00a0\u00bbdefault\u00a0\u00bb background_color=\u00a0\u00bb#FFFFFF\u00a0\u00bb custom_padding=\u00a0\u00bb2%|1%|2%|1%|false|true\u00a0\u00bb][et_pb_blurb title=\u00a0\u00bbSatellite\u00a0\u00bb image=\u00a0\u00bbhttp:\/\/nuranwireless.com\/wp-content\/uploads\/2021\/10\/Eutelsat.jpg\u00a0\u00bb alt=\u00a0\u00bbEutelsat | Solutions internet mobile et sans fil | Partenaires NuRAN Wireless\u00a0\u00bb image_max_width=\u00a0\u00bb200px\u00a0\u00bb _builder_version=\u00a0\u00bb4.9.7&Prime; _module_preset=\u00a0\u00bbdefault\u00a0\u00bb header_level=\u00a0\u00bbh3&Prime; header_font=\u00a0\u00bbBebas Neue|||on|||||\u00a0\u00bb header_text_align=\u00a0\u00bbcenter\u00a0\u00bb header_text_color=\u00a0\u00bb#00659D\u00a0\u00bb header_font_size=\u00a0\u00bb1.5rem\u00a0\u00bb header_letter_spacing=\u00a0\u00bb3px\u00a0\u00bb body_text_align=\u00a0\u00bbcenter\u00a0\u00bb body_link_font=\u00a0\u00bb|||on|||||\u00a0\u00bb body_link_text_color=\u00a0\u00bb#00659D\u00a0\u00bb background_enable_color=\u00a0\u00bboff\u00a0\u00bb custom_margin=\u00a0\u00bb||||false|false\u00a0\u00bb custom_padding=\u00a0\u00bb15px||15px||true|false\u00a0\u00bb]<\/p>\n<p>Nous connectons les utilisateurs des endroits les plus recul\u00e9s de l&rsquo;Europe, de l&rsquo;Afrique et du Moyen-Orient \u00e0 l&rsquo;Asie et aux Am\u00e9riques, gr\u00e2ce \u00e0 nos positions orbitales de premier plan et \u00e0 nos solutions innovantes.<\/p>\n<p><a href=\"https:\/\/www.eutelsat.com\/en\/home.html\" target=\"_blank\" rel=\"noopener noreferrer\">Lire la suite \u2192<\/a><\/p>\n<p>[\/et_pb_blurb][\/et_pb_column][\/et_pb_row][et_pb_row column_structure=\u00a0\u00bb1_3,1_3,1_3&Prime; make_equal=\u00a0\u00bbon\u00a0\u00bb _builder_version=\u00a0\u00bb4.8.1&Prime; _module_preset=\u00a0\u00bbdefault\u00a0\u00bb width=\u00a0\u00bb90%\u00a0\u00bb max_width=\u00a0\u00bb2560px\u00a0\u00bb][et_pb_column type=\u00a0\u00bb1_3&Prime; _builder_version=\u00a0\u00bb4.8.1&Prime; _module_preset=\u00a0\u00bbdefault\u00a0\u00bb background_color=\u00a0\u00bb#FFFFFF\u00a0\u00bb custom_padding=\u00a0\u00bb2%|1%|2%|1%|false|true\u00a0\u00bb][et_pb_blurb title=\u00a0\u00bbSatellite\u00a0\u00bb image=\u00a0\u00bbhttp:\/\/nuranwireless.com\/wp-content\/uploads\/2021\/10\/Intelsat.jpg\u00a0\u00bb alt=\u00a0\u00bbIntelsat | Solutions internet mobile et sans fil | Partenaires NuRAN Wireless\u00a0\u00bb image_max_width=\u00a0\u00bb200px\u00a0\u00bb _builder_version=\u00a0\u00bb4.9.7&Prime; _module_preset=\u00a0\u00bbdefault\u00a0\u00bb header_level=\u00a0\u00bbh3&Prime; header_font=\u00a0\u00bbBebas Neue|||on|||||\u00a0\u00bb header_text_align=\u00a0\u00bbcenter\u00a0\u00bb header_text_color=\u00a0\u00bb#00659D\u00a0\u00bb header_font_size=\u00a0\u00bb1.5rem\u00a0\u00bb header_letter_spacing=\u00a0\u00bb3px\u00a0\u00bb body_text_align=\u00a0\u00bbcenter\u00a0\u00bb body_link_font=\u00a0\u00bb|||on|||||\u00a0\u00bb body_link_text_color=\u00a0\u00bb#00659D\u00a0\u00bb background_enable_color=\u00a0\u00bboff\u00a0\u00bb custom_margin=\u00a0\u00bb||||false|false\u00a0\u00bb custom_padding=\u00a0\u00bb15px||15px||true|false\u00a0\u00bb]<\/p>\n<p>Qu&rsquo;elles se connectent dans les airs, au sol ou en mer, les solutions Intelsat offrent une connectivit\u00e9 fiable et s\u00e9curis\u00e9e \u00e0 tout moment, l\u00e0 o\u00f9 vous en avez le plus besoin.<\/p>\n<p><a href=\"https:\/\/www.intelsat.com\/\" target=\"_blank\" rel=\"noopener noreferrer\">Lire la suite \u2192<\/a><\/p>\n<p>[\/et_pb_blurb][\/et_pb_column][et_pb_column type=\u00a0\u00bb1_3&Prime; _builder_version=\u00a0\u00bb4.8.1&Prime; _module_preset=\u00a0\u00bbdefault\u00a0\u00bb background_color=\u00a0\u00bb#FFFFFF\u00a0\u00bb custom_padding=\u00a0\u00bb2%|1%|2%|1%|false|true\u00a0\u00bb][et_pb_blurb title=\u00a0\u00bbSatellite\u00a0\u00bb image=\u00a0\u00bbhttp:\/\/nuranwireless.com\/wp-content\/uploads\/2021\/10\/Amos.jpg\u00a0\u00bb alt=\u00a0\u00bbAmos | Solutions internet mobile et sans fil | Partenaires NuRAN Wireless\u00a0\u00bb image_max_width=\u00a0\u00bb200px\u00a0\u00bb _builder_version=\u00a0\u00bb4.9.7&Prime; _module_preset=\u00a0\u00bbdefault\u00a0\u00bb header_level=\u00a0\u00bbh3&Prime; header_font=\u00a0\u00bbBebas Neue|||on|||||\u00a0\u00bb header_text_align=\u00a0\u00bbcenter\u00a0\u00bb header_text_color=\u00a0\u00bb#00659D\u00a0\u00bb header_font_size=\u00a0\u00bb1.5rem\u00a0\u00bb header_letter_spacing=\u00a0\u00bb3px\u00a0\u00bb body_text_align=\u00a0\u00bbcenter\u00a0\u00bb body_link_font=\u00a0\u00bb|||on|||||\u00a0\u00bb body_link_text_color=\u00a0\u00bb#00659D\u00a0\u00bb background_enable_color=\u00a0\u00bboff\u00a0\u00bb custom_margin=\u00a0\u00bb||||false|false\u00a0\u00bb custom_padding=\u00a0\u00bb15px||15px||true|false\u00a0\u00bb hover_enabled=\u00a0\u00bb0&Prime; sticky_enabled=\u00a0\u00bb0&Prime;]<\/p>\n<p>Fournissant les communications bidirectionnelles \u00e0 d\u00e9bit binaire le plus \u00e9lev\u00e9 sur une vaste zone de couverture, AMOS est la plateforme id\u00e9ale pour les op\u00e9rateurs de t\u00e9l\u00e9communications et les fournisseurs de services qui offrent une transmission vocale, de donn\u00e9es et vid\u00e9o \u00e0 haute vitesse.<\/p>\n<p><a href=\"https:\/\/www.amos-spacecom.com\/\" target=\"_blank\" rel=\"noopener noreferrer\">Lire la suite \u2192<\/a><\/p>\n<p>[\/et_pb_blurb][\/et_pb_column][et_pb_column type=\u00a0\u00bb1_3&Prime; _builder_version=\u00a0\u00bb4.8.1&Prime; _module_preset=\u00a0\u00bbdefault\u00a0\u00bb background_color=\u00a0\u00bb#FFFFFF\u00a0\u00bb custom_padding=\u00a0\u00bb2%|1%|2%|1%|false|true\u00a0\u00bb][et_pb_blurb title=\u00a0\u00bbSatellite\u00a0\u00bb image=\u00a0\u00bbhttp:\/\/nuranwireless.com\/wp-content\/uploads\/2021\/10\/africa.jpg\u00a0\u00bb alt=\u00a0\u00bbIsat | Solutions internet mobile et sans fil | Partenaires NuRAN Wireless\u00a0\u00bb image_max_width=\u00a0\u00bb200px\u00a0\u00bb _builder_version=\u00a0\u00bb4.9.7&Prime; _module_preset=\u00a0\u00bbdefault\u00a0\u00bb header_level=\u00a0\u00bbh3&Prime; header_font=\u00a0\u00bbBebas Neue|||on|||||\u00a0\u00bb header_text_align=\u00a0\u00bbcenter\u00a0\u00bb header_text_color=\u00a0\u00bb#00659D\u00a0\u00bb header_font_size=\u00a0\u00bb1.5rem\u00a0\u00bb header_letter_spacing=\u00a0\u00bb3px\u00a0\u00bb body_text_align=\u00a0\u00bbcenter\u00a0\u00bb body_link_font=\u00a0\u00bb|||on|||||\u00a0\u00bb body_link_text_color=\u00a0\u00bb#00659D\u00a0\u00bb background_enable_color=\u00a0\u00bboff\u00a0\u00bb custom_margin=\u00a0\u00bb||||false|false\u00a0\u00bb custom_padding=\u00a0\u00bb15px||15px||true|false\u00a0\u00bb]<\/p>\n<p>iSAT Africa fournit de bout en bout dans le milieu rural des solutions de connectivit\u00e9 aux soci\u00e9t\u00e9s de t\u00e9l\u00e9communications et ce \u00e0 travers l&rsquo;Afrique et au-del\u00e0. Le service comprend des solutions passives, actives, d&rsquo;alimentation et de liaison.<\/p>\n<p><a href=\"https:\/\/www.isatafrica.com\/\" target=\"_blank\" rel=\"noopener noreferrer\">Lire la suite \u2192<\/a><\/p>\n<p>[\/et_pb_blurb][\/et_pb_column][\/et_pb_row][\/et_pb_section]<\/p>\n<span class=\"et_bloom_bottom_trigger\"><\/span>","protected":false},"excerpt":{"rendered":"<p>Nos partenaires dans notre mission de connectivit\u00e9 ruraleLa construction du site d\u00e9bute par la conception et la construction d&rsquo;une gamme compl\u00e8te de pyl\u00f4nes (treillis, hauban\u00e9s, monop\u00f4les, toits et tours sp\u00e9ciales [&hellip;]<\/p>\n","protected":false},"author":3,"featured_media":0,"parent":0,"menu_order":0,"comment_status":"closed","ping_status":"closed","template":"","meta":{"_et_pb_use_builder":"on","_et_pb_old_content":"","_et_gb_content_width":"","footnotes":""},"class_list":["post-32267","page","type-page","status-publish","hentry"],"_links":{"self":[{"href":"https:\/\/nuranwireless.com\/fr\/wp-json\/wp\/v2\/pages\/32267","targetHints":{"allow":["GET"]}}],"collection":[{"href":"https:\/\/nuranwireless.com\/fr\/wp-json\/wp\/v2\/pages"}],"about":[{"href":"https:\/\/nuranwireless.com\/fr\/wp-json\/wp\/v2\/types\/page"}],"author":[{"embeddable":true,"href":"https:\/\/nuranwireless.com\/fr\/wp-json\/wp\/v2\/users\/3"}],"replies":[{"embeddable":true,"href":"https:\/\/nuranwireless.com\/fr\/wp-json\/wp\/v2\/comments?post=32267"}],"version-history":[{"count":13,"href":"https:\/\/nuranwireless.com\/fr\/wp-json\/wp\/v2\/pages\/32267\/revisions"}],"predecessor-version":[{"id":34414,"href":"https:\/\/nuranwireless.com\/fr\/wp-json\/wp\/v2\/pages\/32267\/revisions\/34414"}],"wp:attachment":[{"href":"https:\/\/nuranwireless.com\/fr\/wp-json\/wp\/v2\/media?parent=32267"}],"curies":[{"name":"wp","href":"https:\/\/api.w.org\/{rel}","templated":true}]}}