{"id":32248,"date":"2021-02-24T09:20:18","date_gmt":"2021-02-24T14:20:18","guid":{"rendered":"https:\/\/nuranwireless.com\/?page_id=32248"},"modified":"2023-10-25T13:21:54","modified_gmt":"2023-10-25T17:21:54","slug":"equipe-de-gestion","status":"publish","type":"page","link":"https:\/\/nuranwireless.com\/fr\/entreprise\/equipe-de-gestion\/","title":{"rendered":"L&rsquo;\u00e9quipe de direction"},"content":{"rendered":"<p>[et_pb_section fb_built=\u00a0\u00bb1&Prime; admin_label=\u00a0\u00bbHeader\u00a0\u00bb _builder_version=\u00a0\u00bb4.16&Prime; background_color=\u00a0\u00bb#051B31&Prime; background_image=\u00a0\u00bbhttp:\/\/nuranwireless.com\/wp-content\/uploads\/2021\/01\/AdobeStock_205914027-RSZD.jpg\u00a0\u00bb background_position=\u00a0\u00bbbottom_center\u00a0\u00bb background_blend=\u00a0\u00bbsoft-light\u00a0\u00bb height=\u00a0\u00bb90%\u00a0\u00bb custom_margin=\u00a0\u00bb||||false|false\u00a0\u00bb custom_padding=\u00a0\u00bb||||false|false\u00a0\u00bb da_disable_devices=\u00a0\u00bboff|off|off\u00a0\u00bb global_colors_info=\u00a0\u00bb{}\u00a0\u00bb da_is_popup=\u00a0\u00bboff\u00a0\u00bb da_exit_intent=\u00a0\u00bboff\u00a0\u00bb da_has_close=\u00a0\u00bbon\u00a0\u00bb da_alt_close=\u00a0\u00bboff\u00a0\u00bb da_dark_close=\u00a0\u00bboff\u00a0\u00bb da_not_modal=\u00a0\u00bbon\u00a0\u00bb da_is_singular=\u00a0\u00bboff\u00a0\u00bb da_with_loader=\u00a0\u00bboff\u00a0\u00bb da_has_shadow=\u00a0\u00bbon\u00a0\u00bb][et_pb_row _builder_version=\u00a0\u00bb4.16&Prime; _module_preset=\u00a0\u00bbdefault\u00a0\u00bb background_color=\u00a0\u00bbrgba(5,27,49,0.75)\u00a0\u00bb width=\u00a0\u00bb100%\u00a0\u00bb max_width=\u00a0\u00bb2560px\u00a0\u00bb module_alignment=\u00a0\u00bbcenter\u00a0\u00bb custom_margin=\u00a0\u00bb||||true|true\u00a0\u00bb custom_padding=\u00a0\u00bb4vw||4vw||true|true\u00a0\u00bb global_colors_info=\u00a0\u00bb{}\u00a0\u00bb][et_pb_column type=\u00a0\u00bb4_4&Prime; _builder_version=\u00a0\u00bb4.16&Prime; _module_preset=\u00a0\u00bbdefault\u00a0\u00bb global_colors_info=\u00a0\u00bb{}\u00a0\u00bb][et_pb_text _builder_version=\u00a0\u00bb4.16&Prime; _module_preset=\u00a0\u00bbdefault\u00a0\u00bb header_font_size=\u00a0\u00bb9rem\u00a0\u00bb header_2_font=\u00a0\u00bbBebas Neue|||on|||||\u00a0\u00bb header_2_text_align=\u00a0\u00bbcenter\u00a0\u00bb header_2_text_color=\u00a0\u00bb#ffffff\u00a0\u00bb header_2_font_size=\u00a0\u00bb13rem\u00a0\u00bb header_2_letter_spacing=\u00a0\u00bb10px\u00a0\u00bb header_2_line_height=\u00a0\u00bb9rem\u00a0\u00bb header_4_font=\u00a0\u00bbBebas Neue||||||||\u00a0\u00bb header_4_text_color=\u00a0\u00bb#ffffff\u00a0\u00bb header_4_font_size=\u00a0\u00bb2rem\u00a0\u00bb text_orientation=\u00a0\u00bbcenter\u00a0\u00bb background_layout=\u00a0\u00bbdark\u00a0\u00bb max_width=\u00a0\u00bb1080px\u00a0\u00bb module_alignment=\u00a0\u00bbcenter\u00a0\u00bb header_font_size_tablet=\u00a0\u00bb\u00a0\u00bb header_font_size_phone=\u00a0\u00bb\u00a0\u00bb header_font_size_last_edited=\u00a0\u00bbon|desktop\u00a0\u00bb header_2_font_size_tablet=\u00a0\u00bb9rem\u00a0\u00bb header_2_font_size_phone=\u00a0\u00bb3rem\u00a0\u00bb header_2_font_size_last_edited=\u00a0\u00bbon|tablet\u00a0\u00bb global_colors_info=\u00a0\u00bb{}\u00a0\u00bb]<\/p>\n<h1>L&rsquo;\u00e9quipe de direction<\/h1>\n<p>[\/et_pb_text][\/et_pb_column][\/et_pb_row][\/et_pb_section][et_pb_section fb_built=\u00a0\u00bb1&Prime; _builder_version=\u00a0\u00bb4.16&Prime; _module_preset=\u00a0\u00bbdefault\u00a0\u00bb da_disable_devices=\u00a0\u00bboff|off|off\u00a0\u00bb global_colors_info=\u00a0\u00bb{}\u00a0\u00bb da_is_popup=\u00a0\u00bboff\u00a0\u00bb da_exit_intent=\u00a0\u00bboff\u00a0\u00bb da_has_close=\u00a0\u00bbon\u00a0\u00bb da_alt_close=\u00a0\u00bboff\u00a0\u00bb da_dark_close=\u00a0\u00bboff\u00a0\u00bb da_not_modal=\u00a0\u00bbon\u00a0\u00bb da_is_singular=\u00a0\u00bboff\u00a0\u00bb da_with_loader=\u00a0\u00bboff\u00a0\u00bb da_has_shadow=\u00a0\u00bbon\u00a0\u00bb][et_pb_row column_structure=\u00a0\u00bb2_5,3_5&Prime; use_custom_gutter=\u00a0\u00bbon\u00a0\u00bb gutter_width=\u00a0\u00bb2&Prime; make_equal=\u00a0\u00bbon\u00a0\u00bb _builder_version=\u00a0\u00bb4.16&Prime; _module_preset=\u00a0\u00bbdefault\u00a0\u00bb custom_css_main_element=\u00a0\u00bbalign-items: center;\u00a0\u00bb global_colors_info=\u00a0\u00bb{}\u00a0\u00bb][et_pb_column type=\u00a0\u00bb2_5&Prime; _builder_version=\u00a0\u00bb4.16&Prime; _module_preset=\u00a0\u00bbdefault\u00a0\u00bb global_colors_info=\u00a0\u00bb{}\u00a0\u00bb][et_pb_image src=\u00a0\u00bbhttps:\/\/nuranwireless.com\/wp-content\/uploads\/2021\/01\/FRANCIS-HEADSHOT-2021.jpg\u00a0\u00bb alt=\u00a0\u00bbFrancis L\u00e9tourneau, Pr\u00e9sident | Solutions de r\u00e9seaux sans fil | NuRAN Wireless\u00a0\u00bb title_text=\u00a0\u00bbFrancis L\u00e9tourneau, Pr\u00e9sident\u00a0\u00bb align=\u00a0\u00bbcenter\u00a0\u00bb _builder_version=\u00a0\u00bb4.16&Prime; _module_preset=\u00a0\u00bbdefault\u00a0\u00bb max_width=\u00a0\u00bb53%\u00a0\u00bb global_colors_info=\u00a0\u00bb{}\u00a0\u00bb][\/et_pb_image][\/et_pb_column][et_pb_column type=\u00a0\u00bb3_5&Prime; _builder_version=\u00a0\u00bb4.16&Prime; _module_preset=\u00a0\u00bbdefault\u00a0\u00bb global_colors_info=\u00a0\u00bb{}\u00a0\u00bb][et_pb_text _builder_version=\u00a0\u00bb4.16&Prime; _module_preset=\u00a0\u00bbdefault\u00a0\u00bb global_colors_info=\u00a0\u00bb{}\u00a0\u00bb]<\/p>\n<p><strong>Francis L\u00e9tourneau, pr\u00e9sident et chef de la direction<\/strong><\/p>\n<p style=\"text-align: justify;\">Francis L\u00e9tourneau est un cadre chevronn\u00e9 et accompli dans le domaine des ventes et du marketing, avec plus de 25 ans d&rsquo;exp\u00e9rience dans l&rsquo;industrie des t\u00e9l\u00e9communications. M.L\u00e9tourneau est un professionnel orient\u00e9 vers les r\u00e9sultats et autonome qui compte 20 ans d&rsquo;exp\u00e9rience chez NuRAN Wireless Inc. M. L\u00e9tourneau a \u00e9t\u00e9 initialement promu membre du conseil d&rsquo;administration de NuRAN en 2015.<\/p>\n<p style=\"text-align: justify;\">Cette exp\u00e9rience lui vaut aujourd&rsquo;hui le titre de pr\u00e9sident et de directeur g\u00e9n\u00e9ral de NuRAN Wireless. M. L\u00e9tourneau a contribu\u00e9 \u00e0 orienter NuRAN dans une nouvelle direction en mettant en \u0153uvre le mod\u00e8le d&rsquo;affaires NAAS, qui d\u00e9finit d\u00e9sormais NuRAN comme un op\u00e9rateur de r\u00e9seau mobile. Gr\u00e2ce \u00e0 cette initiative strat\u00e9gique, NuRAN Wireless a g\u00e9n\u00e9r\u00e9 plus de 550 millions de dollars de contrats au cours de sa premi\u00e8re ann\u00e9e en tant que MNO.<\/p>\n<p style=\"text-align: justify;\">M. L\u00e9tourneau est titulaire d&rsquo;un baccalaur\u00e9at en administration des affaires de l&rsquo;Universit\u00e9 Laval (Qu\u00e9bec, Canada) et est comptable en management accr\u00e9dit\u00e9 (CMA).<\/p>\n<p>[\/et_pb_text][\/et_pb_column][\/et_pb_row][et_pb_row column_structure=\u00a0\u00bb2_5,3_5&Prime; use_custom_gutter=\u00a0\u00bbon\u00a0\u00bb gutter_width=\u00a0\u00bb2&Prime; make_equal=\u00a0\u00bbon\u00a0\u00bb _builder_version=\u00a0\u00bb4.16&Prime; _module_preset=\u00a0\u00bbdefault\u00a0\u00bb custom_css_main_element=\u00a0\u00bbalign-items: center;\u00a0\u00bb global_colors_info=\u00a0\u00bb{}\u00a0\u00bb][et_pb_column type=\u00a0\u00bb2_5&Prime; _builder_version=\u00a0\u00bb4.16&Prime; _module_preset=\u00a0\u00bbdefault\u00a0\u00bb global_colors_info=\u00a0\u00bb{}\u00a0\u00bb][et_pb_image src=\u00a0\u00bbhttps:\/\/nuranwireless.com\/wp-content\/uploads\/2021\/01\/JIM-HEADSHOT-2021-Back-Ground-e1644258459912.jpg\u00a0\u00bb alt=\u00a0\u00bbJim Bailey, directeur financier | Wireless Network Solutions | NuRAN Wireless\u00a0\u00bb title_text=\u00a0\u00bbJim Bailey, agent financier\u00a0\u00bb align=\u00a0\u00bbcenter\u00a0\u00bb _builder_version=\u00a0\u00bb4.16&Prime; _module_preset=\u00a0\u00bbdefault\u00a0\u00bb max_width=\u00a0\u00bb53%\u00a0\u00bb global_colors_info=\u00a0\u00bb{}\u00a0\u00bb][\/et_pb_image][\/et_pb_column][et_pb_column type=\u00a0\u00bb3_5&Prime; _builder_version=\u00a0\u00bb4.16&Prime; _module_preset=\u00a0\u00bbdefault\u00a0\u00bb global_colors_info=\u00a0\u00bb{}\u00a0\u00bb][et_pb_text _builder_version=\u00a0\u00bb4.16&Prime; _module_preset=\u00a0\u00bbdefault\u00a0\u00bb global_colors_info=\u00a0\u00bb{}\u00a0\u00bb]<\/p>\n<p style=\"text-align: justify;\"><strong>Jim Bailey, directeur financier<\/strong><\/p>\n<p style=\"text-align: justify;\">Plus de 25 ans d&rsquo;exp\u00e9rience dans le domaine des t\u00e9l\u00e9communications, des m\u00e9dias et des technologies. Ses fonctions incluent celles de directeur des fusions et acquisitions, de directeur financier, de directeur g\u00e9n\u00e9ral et de directeur. Il a jou\u00e9 un r\u00f4le important dans l&rsquo;espace NuRAN en tant que directeur financier, puis PDG de Telecel International, une filiale d&rsquo;Orascom Telecom Holdings, qui avait des activit\u00e9s dans toute l&rsquo;Afrique subsaharienne. Il a \u00e9galement travaill\u00e9 au d\u00e9veloppement commercial du groupe pour la r\u00e9gion EMEA et a \u00e9t\u00e9 directeur financier d&rsquo;Orascom Telecom WiMAX Limited, une coentreprise avec Intel Capital. Au cours des dix derni\u00e8res ann\u00e9es, Jim a travaill\u00e9 en tant que consultant financier aupr\u00e8s de PME, leur fournissant des conseils en mati\u00e8re de finance d&rsquo;entreprise dans le cadre de fusions et acquisitions, de planification d&rsquo;entreprise et en tant que directeur financier int\u00e9rimaire\/\u00e0 temps partiel. Il est titulaire d&rsquo;une licence en commerce de l&rsquo;universit\u00e9 de Calgary, d&rsquo;un MBA de la London Business School et est membre du Chartered Institute of Management Accountants (CIMA).<\/p>\n<p>[\/et_pb_text][\/et_pb_column][\/et_pb_row][et_pb_row column_structure=\u00a0\u00bb2_5,3_5&Prime; use_custom_gutter=\u00a0\u00bbon\u00a0\u00bb gutter_width=\u00a0\u00bb2&Prime; make_equal=\u00a0\u00bbon\u00a0\u00bb _builder_version=\u00a0\u00bb4.16&Prime; _module_preset=\u00a0\u00bbdefault\u00a0\u00bb custom_css_main_element=\u00a0\u00bbalign-items: center;\u00a0\u00bb global_colors_info=\u00a0\u00bb{}\u00a0\u00bb][et_pb_column type=\u00a0\u00bb2_5&Prime; _builder_version=\u00a0\u00bb4.16&Prime; _module_preset=\u00a0\u00bbdefault\u00a0\u00bb global_colors_info=\u00a0\u00bb{}\u00a0\u00bb][et_pb_image src=\u00a0\u00bbhttps:\/\/nuranwireless.com\/wp-content\/uploads\/2022\/09\/DAVID-HEADSHOT-2021.jpg\u00a0\u00bb alt=\u00a0\u00bbDavid Parsons, Vice-pr\u00e9sident de l&rsquo;ing\u00e9nierie des solutions | Solutions pour r\u00e9seaux sans fil | NuRAN Wireless\u00a0\u00bb title_text=\u00a0\u00bbDAVID HEADSHOT 2021&Prime; align=\u00a0\u00bbcenter\u00a0\u00bb _builder_version=\u00a0\u00bb4.16&Prime; _module_preset=\u00a0\u00bbdefault\u00a0\u00bb max_width=\u00a0\u00bb53%\u00a0\u00bb global_colors_info=\u00a0\u00bb{}\u00a0\u00bb][\/et_pb_image][\/et_pb_column][et_pb_column type=\u00a0\u00bb3_5&Prime; _builder_version=\u00a0\u00bb4.16&Prime; _module_preset=\u00a0\u00bbdefault\u00a0\u00bb global_colors_info=\u00a0\u00bb{}\u00a0\u00bb][et_pb_text _builder_version=\u00a0\u00bb4.18.0&Prime; _module_preset=\u00a0\u00bbdefault\u00a0\u00bb global_colors_info=\u00a0\u00bb{}\u00a0\u00bb]<\/p>\n<p><strong>David Parsons, <span>directeur de la technologie<\/span><\/strong><\/p>\n<p style=\"text-align: justify;\"><span>Dipl\u00f4m\u00e9 de l&rsquo;universit\u00e9 de Bath (Angleterre) avec une ma\u00eetrise en ing\u00e9nierie \u00e9lectronique et de communication. Depuis plus de 15 ans, il travaille avec de nombreux op\u00e9rateurs de r\u00e9seaux mobiles et fournisseurs d&rsquo;\u00e9quipements en Am\u00e9rique latine pour soutenir les activit\u00e9s de planification et d&rsquo;optimisation des r\u00e9seaux. Il a dirig\u00e9 des \u00e9quipes d&rsquo;ing\u00e9nieurs pour rationaliser et am\u00e9liorer les processus de travail internes des clients, des simples activit\u00e9s de planification de la couverture aux algorithmes de pr\u00e9vision du trafic. David travaille chez NuRAN Wireless depuis 7 ans. Dans son r\u00f4le de directeur technique, il dirige le d\u00e9veloppement de produits visant \u00e0 relever les d\u00e9fis de la connectivit\u00e9 rurale et \u00e0 soutenir les op\u00e9rateurs de r\u00e9seaux de t\u00e9l\u00e9phonie mobile et les organisations dans leurs efforts pour rapprocher les gens gr\u00e2ce \u00e0 la technologie.<\/span><\/p>\n<p>[\/et_pb_text][\/et_pb_column][\/et_pb_row][et_pb_row column_structure=\u00a0\u00bb2_5,3_5&Prime; use_custom_gutter=\u00a0\u00bbon\u00a0\u00bb gutter_width=\u00a0\u00bb2&Prime; make_equal=\u00a0\u00bbon\u00a0\u00bb _builder_version=\u00a0\u00bb4.16&Prime; _module_preset=\u00a0\u00bbdefault\u00a0\u00bb custom_css_main_element=\u00a0\u00bbalign-items: center;\u00a0\u00bb global_colors_info=\u00a0\u00bb{}\u00a0\u00bb][et_pb_column type=\u00a0\u00bb2_5&Prime; _builder_version=\u00a0\u00bb4.16&Prime; _module_preset=\u00a0\u00bbdefault\u00a0\u00bb global_colors_info=\u00a0\u00bb{}\u00a0\u00bb][et_pb_image src=\u00a0\u00bbhttps:\/\/nuranwireless.com\/wp-content\/uploads\/2023\/05\/ESTHERE-HEADSHOT-2023.png\u00a0\u00bb alt=\u00a0\u00bbDenis Lambert, Vice-pr\u00e9sident des ventes | Solutions de r\u00e9seaux sans fil | NuRAN Wireless\u00a0\u00bb title_text=\u00a0\u00bbESTHERE HEADSHOT 2023&Prime; align=\u00a0\u00bbcenter\u00a0\u00bb _builder_version=\u00a0\u00bb4.20.4&Prime; _module_preset=\u00a0\u00bbdefault\u00a0\u00bb width=\u00a0\u00bb50%\u00a0\u00bb max_width=\u00a0\u00bb100%\u00a0\u00bb global_colors_info=\u00a0\u00bb{}\u00a0\u00bb][\/et_pb_image][\/et_pb_column][et_pb_column type=\u00a0\u00bb3_5&Prime; _builder_version=\u00a0\u00bb4.16&Prime; _module_preset=\u00a0\u00bbdefault\u00a0\u00bb global_colors_info=\u00a0\u00bb{}\u00a0\u00bb][et_pb_text _builder_version=\u00a0\u00bb4.21.2&Prime; _module_preset=\u00a0\u00bbdefault\u00a0\u00bb hover_enabled=\u00a0\u00bb0&Prime; global_colors_info=\u00a0\u00bb{}\u00a0\u00bb sticky_enabled=\u00a0\u00bb0&Prime;]<\/p>\n<p><strong>Esther Bibeau, vice-pr\u00e9sidente des ressources humaines <\/strong><\/p>\n<p style=\"text-align: justify;\"><span>Esther est une professionnelle qui poss\u00e8de plus de 17 ans d&rsquo;exp\u00e9rience dans la gestion des ressources humaines. Travaillant pour des multinationales et des entreprises en croissance depuis 13 ans, elle a les capacit\u00e9s de soutenir des \u00e9quipes en mouvement et en \u00e9volution constante, comme NuRAN Wireless. Elle poss\u00e8de une exp\u00e9rience notable en mati\u00e8re de planification strat\u00e9gique des ressources humaines, de gestion du rendement, de dotation en personnel, de relations de travail, d&rsquo;avantages sociaux, de r\u00e9mun\u00e9ration et de paie, de formation et de d\u00e9veloppement, et de coaching de gestion. Elle est dipl\u00f4m\u00e9e en relations industrielles de l&rsquo;Universit\u00e9 Laval et termine actuellement un programme de formation de coach \u00e0 l&rsquo;Institut Coaching de Gestion.<\/span><\/p>\n<p>[\/et_pb_text][\/et_pb_column][\/et_pb_row][\/et_pb_section]<\/p>\n<span class=\"et_bloom_bottom_trigger\"><\/span>","protected":false},"excerpt":{"rendered":"<p>L&rsquo;\u00e9quipe de directionFrancis L\u00e9tourneau, pr\u00e9sident et chef de la direction Francis L\u00e9tourneau est un cadre chevronn\u00e9 et accompli dans le domaine des ventes et du marketing, avec plus de 25 [&hellip;]<\/p>\n","protected":false},"author":2,"featured_media":0,"parent":32203,"menu_order":0,"comment_status":"closed","ping_status":"closed","template":"","meta":{"_et_pb_use_builder":"on","_et_pb_old_content":"","_et_gb_content_width":"","footnotes":""},"class_list":["post-32248","page","type-page","status-publish","hentry"],"_links":{"self":[{"href":"https:\/\/nuranwireless.com\/fr\/wp-json\/wp\/v2\/pages\/32248","targetHints":{"allow":["GET"]}}],"collection":[{"href":"https:\/\/nuranwireless.com\/fr\/wp-json\/wp\/v2\/pages"}],"about":[{"href":"https:\/\/nuranwireless.com\/fr\/wp-json\/wp\/v2\/types\/page"}],"author":[{"embeddable":true,"href":"https:\/\/nuranwireless.com\/fr\/wp-json\/wp\/v2\/users\/2"}],"replies":[{"embeddable":true,"href":"https:\/\/nuranwireless.com\/fr\/wp-json\/wp\/v2\/comments?post=32248"}],"version-history":[{"count":25,"href":"https:\/\/nuranwireless.com\/fr\/wp-json\/wp\/v2\/pages\/32248\/revisions"}],"predecessor-version":[{"id":237070,"href":"https:\/\/nuranwireless.com\/fr\/wp-json\/wp\/v2\/pages\/32248\/revisions\/237070"}],"up":[{"embeddable":true,"href":"https:\/\/nuranwireless.com\/fr\/wp-json\/wp\/v2\/pages\/32203"}],"wp:attachment":[{"href":"https:\/\/nuranwireless.com\/fr\/wp-json\/wp\/v2\/media?parent=32248"}],"curies":[{"name":"wp","href":"https:\/\/api.w.org\/{rel}","templated":true}]}}