{"id":32191,"date":"2021-02-22T22:15:26","date_gmt":"2021-02-23T03:15:26","guid":{"rendered":"https:\/\/nuranwireless.com\/?page_id=32191"},"modified":"2021-10-29T09:54:20","modified_gmt":"2021-10-29T13:54:20","slug":"contact","status":"publish","type":"page","link":"https:\/\/nuranwireless.com\/fr\/contact\/","title":{"rendered":"Contact"},"content":{"rendered":"<p>[et_pb_section fb_built=\u00a0\u00bb1&Prime; admin_label=\u00a0\u00bbHeader\u00a0\u00bb _builder_version=\u00a0\u00bb4.8.2&Prime; background_color=\u00a0\u00bbrgba(5,27,49,0.87)\u00a0\u00bb background_image=\u00a0\u00bbhttp:\/\/nuranwireless.com\/wp-content\/uploads\/2021\/02\/AdobeStock_403155013-RSZD.jpg\u00a0\u00bb background_position=\u00a0\u00bbtop_left\u00a0\u00bb background_blend=\u00a0\u00bbmultiply\u00a0\u00bb height=\u00a0\u00bb90%\u00a0\u00bb custom_margin=\u00a0\u00bb||||false|false\u00a0\u00bb custom_padding=\u00a0\u00bb||||false|false\u00a0\u00bb][et_pb_row _builder_version=\u00a0\u00bb4.9.7&Prime; _module_preset=\u00a0\u00bbdefault\u00a0\u00bb background_color=\u00a0\u00bbrgba(5,27,49,0.75)\u00a0\u00bb width=\u00a0\u00bb100%\u00a0\u00bb max_width=\u00a0\u00bb2560px\u00a0\u00bb module_alignment=\u00a0\u00bbcenter\u00a0\u00bb custom_margin=\u00a0\u00bb||||true|true\u00a0\u00bb custom_padding=\u00a0\u00bb4vw||2vw||false|true\u00a0\u00bb][et_pb_column type=\u00a0\u00bb4_4&Prime; _builder_version=\u00a0\u00bb4.7.7&Prime; _module_preset=\u00a0\u00bbdefault\u00a0\u00bb][et_pb_text _builder_version=\u00a0\u00bb4.9.7&Prime; _module_preset=\u00a0\u00bbdefault\u00a0\u00bb header_font_size=\u00a0\u00bb9rem\u00a0\u00bb header_2_font=\u00a0\u00bbBebas Neue|||on|||||\u00a0\u00bb header_2_text_align=\u00a0\u00bbcenter\u00a0\u00bb header_2_text_color=\u00a0\u00bb#ffffff\u00a0\u00bb header_2_font_size=\u00a0\u00bb13rem\u00a0\u00bb header_2_letter_spacing=\u00a0\u00bb10px\u00a0\u00bb header_2_line_height=\u00a0\u00bb9rem\u00a0\u00bb header_4_font=\u00a0\u00bbBebas Neue||||||||\u00a0\u00bb header_4_text_color=\u00a0\u00bb#ffffff\u00a0\u00bb header_4_font_size=\u00a0\u00bb2rem\u00a0\u00bb text_orientation=\u00a0\u00bbcenter\u00a0\u00bb background_layout=\u00a0\u00bbdark\u00a0\u00bb max_width=\u00a0\u00bb1080px\u00a0\u00bb module_alignment=\u00a0\u00bbcenter\u00a0\u00bb text_font_size_tablet=\u00a0\u00bb\u00a0\u00bb text_font_size_phone=\u00a0\u00bb4rem\u00a0\u00bb text_font_size_last_edited=\u00a0\u00bbon|phone\u00a0\u00bb header_font_size_tablet=\u00a0\u00bb6rem\u00a0\u00bb header_font_size_phone=\u00a0\u00bb4rem\u00a0\u00bb header_font_size_last_edited=\u00a0\u00bbon|phone\u00a0\u00bb header_2_font_size_tablet=\u00a0\u00bb9rem\u00a0\u00bb header_2_font_size_phone=\u00a0\u00bb3rem\u00a0\u00bb header_2_font_size_last_edited=\u00a0\u00bbon|tablet\u00a0\u00bb]<\/p>\n<h1>Contact<\/h1>\n<p>[\/et_pb_text][\/et_pb_column][\/et_pb_row][et_pb_row _builder_version=\u00a0\u00bb4.9.7&Prime; _module_preset=\u00a0\u00bbdefault\u00a0\u00bb width_tablet=\u00a0\u00bb\u00a0\u00bb width_phone=\u00a0\u00bb90%\u00a0\u00bb width_last_edited=\u00a0\u00bbon|phone\u00a0\u00bb][et_pb_column type=\u00a0\u00bb4_4&Prime; _builder_version=\u00a0\u00bb4.8.1&Prime; _module_preset=\u00a0\u00bbdefault\u00a0\u00bb][et_pb_text _builder_version=\u00a0\u00bb4.9.7&Prime; _module_preset=\u00a0\u00bbdefault\u00a0\u00bb header_2_text_color=\u00a0\u00bb#00659D\u00a0\u00bb header_2_font_size=\u00a0\u00bb3rem\u00a0\u00bb header_2_line_height=\u00a0\u00bb1.2em\u00a0\u00bb header_3_text_color=\u00a0\u00bb#00659D\u00a0\u00bb text_orientation=\u00a0\u00bbcenter\u00a0\u00bb background_layout=\u00a0\u00bbdark\u00a0\u00bb module_alignment=\u00a0\u00bbcenter\u00a0\u00bb custom_padding=\u00a0\u00bb||30px|||\u00a0\u00bb header_2_font_size_tablet=\u00a0\u00bb\u00a0\u00bb header_2_font_size_phone=\u00a0\u00bb2rem\u00a0\u00bb header_2_font_size_last_edited=\u00a0\u00bbon|phone\u00a0\u00bb]<\/p>\n<h2>N\u2019h\u00e9sitez pas \u00e0 nous contacter pour plus d\u2019information concernant nos services mobiles sans fil, nos solutions de services sans fil et de t\u00e9l\u00e9communications.<\/h2>\n<p>[\/et_pb_text][\/et_pb_column][\/et_pb_row][\/et_pb_section][et_pb_section fb_built=\u00a0\u00bb1&Prime; _builder_version=\u00a0\u00bb4.8.1&Prime; _module_preset=\u00a0\u00bbdefault\u00a0\u00bb][et_pb_row use_custom_gutter=\u00a0\u00bbon\u00a0\u00bb gutter_width=\u00a0\u00bb4&Prime; make_equal=\u00a0\u00bbon\u00a0\u00bb _builder_version=\u00a0\u00bb4.9.7&Prime; _module_preset=\u00a0\u00bbdefault\u00a0\u00bb background_enable_image=\u00a0\u00bboff\u00a0\u00bb width_tablet=\u00a0\u00bb\u00a0\u00bb width_phone=\u00a0\u00bb90%\u00a0\u00bb width_last_edited=\u00a0\u00bbon|phone\u00a0\u00bb max_width=\u00a0\u00bb555px\u00a0\u00bb max_width_tablet=\u00a0\u00bb\u00a0\u00bb max_width_phone=\u00a0\u00bb\u00a0\u00bb max_width_last_edited=\u00a0\u00bbon|phone\u00a0\u00bb module_alignment=\u00a0\u00bbcenter\u00a0\u00bb custom_margin=\u00a0\u00bb-161px||||false|false\u00a0\u00bb][et_pb_column type=\u00a0\u00bb4_4&Prime; _builder_version=\u00a0\u00bb4.8.1&Prime; _module_preset=\u00a0\u00bbdefault\u00a0\u00bb][et_pb_blurb use_icon=\u00a0\u00bbon\u00a0\u00bb font_icon=\u00a0\u00bb%%238%%\u00a0\u00bb icon_color=\u00a0\u00bb#FFFFFF\u00a0\u00bb use_circle=\u00a0\u00bbon\u00a0\u00bb circle_color=\u00a0\u00bb#00659D\u00a0\u00bb _builder_version=\u00a0\u00bb4.9.7&Prime; _module_preset=\u00a0\u00bbdefault\u00a0\u00bb header_text_align=\u00a0\u00bbcenter\u00a0\u00bb header_text_color=\u00a0\u00bb#051B31&Prime; body_text_align=\u00a0\u00bbcenter\u00a0\u00bb body_text_color=\u00a0\u00bb#00659D\u00a0\u00bb background_color=\u00a0\u00bbrgba(255,255,255,0.98)\u00a0\u00bb text_orientation=\u00a0\u00bbcenter\u00a0\u00bb custom_margin=\u00a0\u00bb||||false|false\u00a0\u00bb custom_padding=\u00a0\u00bb5%|5%|5%|5%|true|true\u00a0\u00bb body_font_size_tablet=\u00a0\u00bb\u00a0\u00bb body_font_size_phone=\u00a0\u00bb\u00a0\u00bb body_font_size_last_edited=\u00a0\u00bbon|phone\u00a0\u00bb body_link_font_size_tablet=\u00a0\u00bb\u00a0\u00bb body_link_font_size_phone=\u00a0\u00bb25px\u00a0\u00bb body_link_font_size_last_edited=\u00a0\u00bbon|phone\u00a0\u00bb box_shadow_style=\u00a0\u00bbpreset2&Prime;]<\/p>\n<h4><a href=\"mailto:info@nuranwireless.com\">info@nuranwireless.com<\/a><\/h4>\n<p>Pour de plus amples informations, \u00e9crivez-nous et il nous fera plaisir de vous r\u00e9pondre.<\/p>\n<p>[\/et_pb_blurb][et_pb_blurb title=\u00a0\u00bb1 855-914-7484&Prime; use_icon=\u00a0\u00bbon\u00a0\u00bb font_icon=\u00a0\u00bb%%264%%\u00a0\u00bb icon_color=\u00a0\u00bb#FFFFFF\u00a0\u00bb use_circle=\u00a0\u00bbon\u00a0\u00bb circle_color=\u00a0\u00bb#00659D\u00a0\u00bb disabled_on=\u00a0\u00bbon|on|on\u00a0\u00bb _builder_version=\u00a0\u00bb4.8.1&Prime; _module_preset=\u00a0\u00bbdefault\u00a0\u00bb header_text_color=\u00a0\u00bb#051B31&Prime; body_text_color=\u00a0\u00bb#00659D\u00a0\u00bb background_color=\u00a0\u00bbrgba(255,255,255,0.98)\u00a0\u00bb text_orientation=\u00a0\u00bbcenter\u00a0\u00bb custom_margin=\u00a0\u00bb||||false|false\u00a0\u00bb custom_padding=\u00a0\u00bb5%|5%|10%|5%|false|true\u00a0\u00bb box_shadow_style=\u00a0\u00bbpreset2&Prime; disabled=\u00a0\u00bbon\u00a0\u00bb]Call us to speak to a member of our team<br \/>\n[\/et_pb_blurb][\/et_pb_column][\/et_pb_row][\/et_pb_section]<\/p>\n<span class=\"et_bloom_bottom_trigger\"><\/span>","protected":false},"excerpt":{"rendered":"<p>ContactN\u2019h\u00e9sitez pas \u00e0 nous contacter pour plus d\u2019information concernant nos services mobiles sans fil, nos solutions de services sans fil et de t\u00e9l\u00e9communications.info@nuranwireless.com Pour de plus amples informations, \u00e9crivez-nous et [&hellip;]<\/p>\n","protected":false},"author":3,"featured_media":0,"parent":0,"menu_order":0,"comment_status":"closed","ping_status":"closed","template":"","meta":{"_et_pb_use_builder":"on","_et_pb_old_content":"<p>[et_pb_section fb_built=\"1\" admin_label=\"Header\" _builder_version=\"4.8.2\" background_color=\"rgba(5,27,49,0.87)\" background_image=\"http:\/\/nuranwireless.com\/wp-content\/uploads\/2021\/02\/AdobeStock_403155013-RSZD.jpg\" background_position=\"top_left\" background_blend=\"multiply\" height=\"90%\" custom_margin=\"||||false|false\" custom_padding=\"||||false|false\" hover_enabled=\"0\" title_text=\"AdobeStock_403155013-RSZD\" sticky_enabled=\"0\"][et_pb_row _builder_version=\"4.8.1\" _module_preset=\"default\" background_color=\"rgba(5,27,49,0.75)\" width=\"100%\" max_width=\"2560px\" module_alignment=\"center\" custom_margin=\"||||true|true\" custom_padding=\"4vw||4vw||true|true\"][et_pb_column type=\"4_4\" _builder_version=\"4.7.7\" _module_preset=\"default\"][et_pb_text _builder_version=\"4.8.1\" _module_preset=\"default\" header_2_font=\"Bebas Neue|||on|||||\" header_2_text_align=\"center\" header_2_text_color=\"#ffffff\" header_2_font_size=\"13rem\" header_2_letter_spacing=\"10px\" header_2_line_height=\"9rem\" header_4_font=\"Bebas Neue||||||||\" header_4_text_color=\"#ffffff\" header_4_font_size=\"2rem\" text_orientation=\"center\" background_layout=\"dark\" max_width=\"1080px\" module_alignment=\"center\" header_2_font_size_tablet=\"9rem\" header_2_font_size_phone=\"3rem\" header_2_font_size_last_edited=\"on|tablet\"]<\/p><h1>Contact<\/h1><p>[\/et_pb_text][\/et_pb_column][\/et_pb_row][et_pb_row _builder_version=\"4.8.1\" _module_preset=\"default\"][et_pb_column type=\"4_4\" _builder_version=\"4.8.1\" _module_preset=\"default\"][et_pb_text _builder_version=\"4.8.1\" _module_preset=\"default\" text_orientation=\"center\" background_layout=\"dark\" max_width=\"68%\" module_alignment=\"center\"]<\/p><h3><span style=\"color: #00659d;\">For further assistance, our team is there to meet your needs!<\/span><\/h3><p>[\/et_pb_text][\/et_pb_column][\/et_pb_row][\/et_pb_section][et_pb_section fb_built=\"1\" _builder_version=\"4.8.1\" _module_preset=\"default\"][et_pb_row use_custom_gutter=\"on\" gutter_width=\"4\" make_equal=\"on\" _builder_version=\"4.8.1\" _module_preset=\"default\" background_enable_image=\"off\" max_width=\"555px\" module_alignment=\"center\" custom_margin=\"-161px||||false|false\"][et_pb_column type=\"4_4\" _builder_version=\"4.8.1\" _module_preset=\"default\"][et_pb_blurb title=\"info@nuranwireless.com\" use_icon=\"on\" font_icon=\"%%238%%\" icon_color=\"#FFFFFF\" use_circle=\"on\" circle_color=\"#00659D\" _builder_version=\"4.8.1\" _module_preset=\"default\" header_text_color=\"#051B31\" body_text_color=\"#00659D\" background_color=\"rgba(255,255,255,0.98)\" text_orientation=\"center\" custom_margin=\"||||false|false\" custom_padding=\"5%|5%|5%|5%|true|true\" box_shadow_style=\"preset2\"]<\/p><p>For further information, please write us and it will be our pleasure to answer.<\/p><p>[\/et_pb_blurb][et_pb_blurb title=\"1 855-914-7484\" use_icon=\"on\" font_icon=\"%%264%%\" icon_color=\"#FFFFFF\" use_circle=\"on\" circle_color=\"#00659D\" disabled_on=\"on|on|on\" _builder_version=\"4.8.1\" _module_preset=\"default\" header_text_color=\"#051B31\" body_text_color=\"#00659D\" background_color=\"rgba(255,255,255,0.98)\" text_orientation=\"center\" custom_margin=\"||||false|false\" custom_padding=\"5%|5%|10%|5%|false|true\" box_shadow_style=\"preset2\" disabled=\"on\"]<\/p><p>Call us to speak to a member of our team<\/p><p>[\/et_pb_blurb][\/et_pb_column][\/et_pb_row][\/et_pb_section]<\/p>","_et_gb_content_width":"","footnotes":""},"class_list":["post-32191","page","type-page","status-publish","hentry"],"_links":{"self":[{"href":"https:\/\/nuranwireless.com\/fr\/wp-json\/wp\/v2\/pages\/32191","targetHints":{"allow":["GET"]}}],"collection":[{"href":"https:\/\/nuranwireless.com\/fr\/wp-json\/wp\/v2\/pages"}],"about":[{"href":"https:\/\/nuranwireless.com\/fr\/wp-json\/wp\/v2\/types\/page"}],"author":[{"embeddable":true,"href":"https:\/\/nuranwireless.com\/fr\/wp-json\/wp\/v2\/users\/3"}],"replies":[{"embeddable":true,"href":"https:\/\/nuranwireless.com\/fr\/wp-json\/wp\/v2\/comments?post=32191"}],"version-history":[{"count":15,"href":"https:\/\/nuranwireless.com\/fr\/wp-json\/wp\/v2\/pages\/32191\/revisions"}],"predecessor-version":[{"id":34346,"href":"https:\/\/nuranwireless.com\/fr\/wp-json\/wp\/v2\/pages\/32191\/revisions\/34346"}],"wp:attachment":[{"href":"https:\/\/nuranwireless.com\/fr\/wp-json\/wp\/v2\/media?parent=32191"}],"curies":[{"name":"wp","href":"https:\/\/api.w.org\/{rel}","templated":true}]}}