{"id":32184,"date":"2021-02-22T22:11:37","date_gmt":"2021-02-23T03:11:37","guid":{"rendered":"https:\/\/nuranwireless.com\/?page_id=32184"},"modified":"2024-03-21T10:02:16","modified_gmt":"2024-03-21T14:02:16","slug":"a-propos","status":"publish","type":"page","link":"https:\/\/nuranwireless.com\/fr\/a-propos\/","title":{"rendered":"A propos de"},"content":{"rendered":"<p>[et_pb_section fb_built=\u00a0\u00bb1&Prime; admin_label=\u00a0\u00bbHeader\u00a0\u00bb _builder_version=\u00a0\u00bb4.8.1&Prime; background_color=\u00a0\u00bbrgba(5,27,49,0.87)\u00a0\u00bb background_image=\u00a0\u00bbhttp:\/\/nuranwireless.com\/wp-content\/uploads\/2021\/01\/AdobeStock_196435727.jpeg\u00a0\u00bb background_blend=\u00a0\u00bbsoft-light\u00a0\u00bb height=\u00a0\u00bb90%\u00a0\u00bb custom_margin=\u00a0\u00bb||||false|false\u00a0\u00bb custom_padding=\u00a0\u00bb||100px||false|false\u00a0\u00bb bottom_divider_flip=\u00a0\u00bbhorizontal\u00a0\u00bb bottom_divider_arrangement=\u00a0\u00bbabove_content\u00a0\u00bb global_colors_info=\u00a0\u00bb{}\u00a0\u00bb][et_pb_row _builder_version=\u00a0\u00bb4.8.1&Prime; _module_preset=\u00a0\u00bbdefault\u00a0\u00bb background_color=\u00a0\u00bbrgba(5,27,49,0.75)\u00a0\u00bb width=\u00a0\u00bb100%\u00a0\u00bb max_width=\u00a0\u00bb2560px\u00a0\u00bb module_alignment=\u00a0\u00bbcenter\u00a0\u00bb custom_margin=\u00a0\u00bb||||true|true\u00a0\u00bb custom_padding=\u00a0\u00bb4vw||4vw||true|true\u00a0\u00bb global_colors_info=\u00a0\u00bb{}\u00a0\u00bb][et_pb_column type=\u00a0\u00bb4_4&Prime; _builder_version=\u00a0\u00bb4.7.7&Prime; _module_preset=\u00a0\u00bbdefault\u00a0\u00bb global_colors_info=\u00a0\u00bb{}\u00a0\u00bb][et_pb_text content_tablet=\u00a0\u00bb<\/p>\n<h1>Une entreprise de t\u00e9l\u00e9communications sp\u00e9cialis\u00e9e dans la couverture des r\u00e9seaux sans fil en milieu rural<\/h1>\n<p>\u00a0\u00bb content_phone=\u00a0\u00bb<\/p>\n<h1>Une entreprise de t\u00e9l\u00e9communications sp\u00e9cialis\u00e9e dans la couverture des r\u00e9seaux sans fil en milieu rural<\/h1>\n<p>\u00a0\u00bb content_last_edited=\u00a0\u00bbon|phone\u00a0\u00bb _builder_version=\u00a0\u00bb4.9.2&Prime; _module_preset=\u00a0\u00bbdefault\u00a0\u00bb header_font_size=\u00a0\u00bb5rem\u00a0\u00bb header_line_height=\u00a0\u00bb5rem\u00a0\u00bb header_2_font=\u00a0\u00bbBebas Neue|||on|||||\u00a0\u00bb header_2_text_align=\u00a0\u00bbcenter\u00a0\u00bb header_2_text_color=\u00a0\u00bb#ffffff\u00a0\u00bb header_2_font_size=\u00a0\u00bb13rem\u00a0\u00bb header_2_letter_spacing=\u00a0\u00bb10px\u00a0\u00bb header_2_line_height=\u00a0\u00bb9rem\u00a0\u00bb header_4_font=\u00a0\u00bbBebas Neue||||||||\u00a0\u00bb header_4_text_color=\u00a0\u00bb#ffffff\u00a0\u00bb header_4_font_size=\u00a0\u00bb2rem\u00a0\u00bb text_orientation=\u00a0\u00bbcenter\u00a0\u00bb background_layout=\u00a0\u00bbdark\u00a0\u00bb max_width=\u00a0\u00bb1080px\u00a0\u00bb max_width_tablet=\u00a0\u00bb80%\u00a0\u00bb max_width_phone=\u00a0\u00bb90%\u00a0\u00bb max_width_last_edited=\u00a0\u00bbon|phone\u00a0\u00bb module_alignment=\u00a0\u00bbcenter\u00a0\u00bb text_font_size_tablet=\u00a0\u00bb\u00a0\u00bb text_font_size_phone=\u00a0\u00bb\u00a0\u00bb text_font_size_last_edited=\u00a0\u00bbon|desktop\u00a0\u00bb header_font_size_tablet=\u00a0\u00bb4rem\u00a0\u00bb header_font_size_phone=\u00a0\u00bb1rem\u00a0\u00bb header_font_size_last_edited=\u00a0\u00bbon|phone\u00a0\u00bb header_line_height_tablet=\u00a0\u00bb1em\u00a0\u00bb header_line_height_phone=\u00a0\u00bb1em\u00a0\u00bb header_line_height_last_edited=\u00a0\u00bbon|phone\u00a0\u00bb header_2_font_size_tablet=\u00a0\u00bb9rem\u00a0\u00bb header_2_font_size_phone=\u00a0\u00bb3rem\u00a0\u00bb header_2_font_size_last_edited=\u00a0\u00bbon|tablet\u00a0\u00bb global_colors_info=\u00a0\u00bb{}\u00a0\u00bb]<\/p>\n<h1>Une entreprise de t\u00e9l\u00e9communications sp\u00e9cialis\u00e9e dans la couverture des r\u00e9seaux sans fil en milieu rural<\/h1>\n<p>[\/et_pb_text][\/et_pb_column][\/et_pb_row][\/et_pb_section][et_pb_section fb_built=\u00a0\u00bb1&Prime; _builder_version=\u00a0\u00bb4.8.1&Prime; _module_preset=\u00a0\u00bbdefault\u00a0\u00bb background_color=\u00a0\u00bb#0c1830&Prime; background_image=\u00a0\u00bbhttp:\/\/nuranwireless.com\/wp-content\/uploads\/2021\/01\/AdobeStock_240213482-RSZD.jpg\u00a0\u00bb background_position=\u00a0\u00bbtop_center\u00a0\u00bb background_blend=\u00a0\u00bbluminosity\u00a0\u00bb custom_padding=\u00a0\u00bb||90px||false|false\u00a0\u00bb top_divider_style=\u00a0\u00bbslant2&Prime; top_divider_color=\u00a0\u00bbrgba(0,18,33,0.96)\u00a0\u00bb bottom_divider_style=\u00a0\u00bbslant2&Prime; bottom_divider_color=\u00a0\u00bbrgba(0,11,25,0.96)\u00a0\u00bb global_colors_info=\u00a0\u00bb{}\u00a0\u00bb][et_pb_row _builder_version=\u00a0\u00bb4.8.1&Prime; _module_preset=\u00a0\u00bbdefault\u00a0\u00bb custom_padding=\u00a0\u00bb1%|2%|1%|2%|true|true\u00a0\u00bb global_colors_info=\u00a0\u00bb{}\u00a0\u00bb][et_pb_column type=\u00a0\u00bb4_4&Prime; _builder_version=\u00a0\u00bb4.8.1&Prime; _module_preset=\u00a0\u00bbdefault\u00a0\u00bb global_colors_info=\u00a0\u00bb{}\u00a0\u00bb][et_pb_text _builder_version=\u00a0\u00bb4.9.2&Prime; _module_preset=\u00a0\u00bbdefault\u00a0\u00bb text_text_color=\u00a0\u00bb#051B31&Prime; header_text_color=\u00a0\u00bb#051B31&Prime; header_2_text_color=\u00a0\u00bb#00659D\u00a0\u00bb header_2_font_size=\u00a0\u00bb3rem\u00a0\u00bb header_3_text_color=\u00a0\u00bb#00659D\u00a0\u00bb header_2_font_size_tablet=\u00a0\u00bb3rem\u00a0\u00bb header_2_font_size_phone=\u00a0\u00bb2rem\u00a0\u00bb header_2_font_size_last_edited=\u00a0\u00bbon|phone\u00a0\u00bb global_colors_info=\u00a0\u00bb{}\u00a0\u00bb]<\/p>\n<h2>A propos de NuRAN Wireless<\/h2>\n<p>NuRAN Wireless est une entreprise de t\u00e9l\u00e9communications sp\u00e9cialis\u00e9e qui r\u00e9pond \u00e0 la demande croissante de couverture de r\u00e9seaux sans fil dans les pays et r\u00e9gions \u00e9loign\u00e9s. Gr\u00e2ce \u00e0 ses solutions abordables et innovantes en mati\u00e8re de technologies 2G, 3G et 4G, NuRAN Wireless offre une nouvelle possibilit\u00e9 \u00e0 plus d&rsquo;un milliard de personnes de pouvoir communiquer efficacement sur de longues distances. Apr\u00e8s avoir port\u00e9 diff\u00e9rents noms, c&rsquo;est gr\u00e2ce \u00e0 sa r\u00e9silience, \u00e0 ses valeurs nobles et \u00e0 une \u00e9quipe passionn\u00e9e que NuRAN Wireless peut continuer \u00e0 poursuivre un objectif inspirant au service d&rsquo;une cause plus grande qu&rsquo;elle-m\u00eame, \u00ab\u00a0Combler le foss\u00e9 num\u00e9rique, une connexion \u00e0 la fois\u00a0\u00bb.<\/p>\n<p>[\/et_pb_text][\/et_pb_column][\/et_pb_row][\/et_pb_section][et_pb_section fb_built=\u00a0\u00bb1&Prime; _builder_version=\u00a0\u00bb4.8.1&Prime; _module_preset=\u00a0\u00bbdefault\u00a0\u00bb background_color=\u00a0\u00bb#051B31&Prime; background_image=\u00a0\u00bbhttp:\/\/nuranwireless.com\/wp-content\/uploads\/2021\/01\/AdobeStock_240213482-RSZD.jpg\u00a0\u00bb background_position=\u00a0\u00bbtop_center\u00a0\u00bb background_blend=\u00a0\u00bbcolor-burn\u00a0\u00bb global_colors_info=\u00a0\u00bb{}\u00a0\u00bb][et_pb_row _builder_version=\u00a0\u00bb4.8.1&Prime; _module_preset=\u00a0\u00bbdefault\u00a0\u00bb custom_padding=\u00a0\u00bb1%|2%|1%|2%|true|true\u00a0\u00bb global_colors_info=\u00a0\u00bb{}\u00a0\u00bb][et_pb_column type=\u00a0\u00bb4_4&Prime; _builder_version=\u00a0\u00bb4.8.1&Prime; _module_preset=\u00a0\u00bbdefault\u00a0\u00bb global_colors_info=\u00a0\u00bb{}\u00a0\u00bb][et_pb_text _builder_version=\u00a0\u00bb4.9.2&Prime; _module_preset=\u00a0\u00bbdefault\u00a0\u00bb text_text_color=\u00a0\u00bbrgba(255,255,255,0.7)\u00a0\u00bb header_text_color=\u00a0\u00bb#FFFFFF\u00a0\u00bb header_2_text_color=\u00a0\u00bb#00659D\u00a0\u00bb header_2_font_size=\u00a0\u00bb3rem\u00a0\u00bb header_3_text_color=\u00a0\u00bb#00659D\u00a0\u00bb background_layout=\u00a0\u00bbdark\u00a0\u00bb header_2_font_size_tablet=\u00a0\u00bb3rem\u00a0\u00bb header_2_font_size_phone=\u00a0\u00bb2rem\u00a0\u00bb header_2_font_size_last_edited=\u00a0\u00bbon|phone\u00a0\u00bb global_colors_info=\u00a0\u00bb{}\u00a0\u00bb]<\/p>\n<h2>Notre vision de la connectivit\u00e9 rurale<\/h2>\n<p>Aujourd&rsquo;hui plus que jamais, les gens ont un besoin croissant d&rsquo;\u00eatre connect\u00e9s \u00e0 un vaste r\u00e9seau qui leur offre une fen\u00eatre sur le monde ext\u00e9rieur et une connexion avec leur entourage. Chez NuRAN Wireless, nous offrons \u00e0 des millions de personnes dans les pays en d\u00e9veloppement une possibilit\u00e9 universelle : se connecter \u00e0 un r\u00e9seau mondial et communiquer sur de longues distances de mani\u00e8re efficace et abordable. Ainsi, nos solutions innovantes, compactes et adapt\u00e9es aux r\u00e9gions rurales permettront \u00e0 chacun de rester connect\u00e9 et de garder le contact avec sa famille, ses amis et ses proches.<\/p>\n<p>[\/et_pb_text][\/et_pb_column][\/et_pb_row][\/et_pb_section][et_pb_section fb_built=\u00a0\u00bb1&Prime; _builder_version=\u00a0\u00bb4.8.1&Prime; _module_preset=\u00a0\u00bbdefault\u00a0\u00bb background_color=\u00a0\u00bb#051B31&Prime; background_image=\u00a0\u00bbhttp:\/\/nuranwireless.com\/wp-content\/uploads\/2021\/01\/AdobeStock_240213482-RSZD.jpg\u00a0\u00bb background_blend=\u00a0\u00bboverlay\u00a0\u00bb top_divider_style=\u00a0\u00bbslant2&Prime; top_divider_color=\u00a0\u00bbrgba(0,15,30,0.79)\u00a0\u00bb top_divider_color_last_edited=\u00a0\u00bboff|desktop\u00a0\u00bb global_colors_info=\u00a0\u00bb{}\u00a0\u00bb][et_pb_row _builder_version=\u00a0\u00bb4.8.1&Prime; _module_preset=\u00a0\u00bbdefault\u00a0\u00bb custom_padding=\u00a0\u00bb1%|2%|1%|2%|true|true\u00a0\u00bb global_colors_info=\u00a0\u00bb{}\u00a0\u00bb][et_pb_column type=\u00a0\u00bb4_4&Prime; _builder_version=\u00a0\u00bb4.8.1&Prime; _module_preset=\u00a0\u00bbdefault\u00a0\u00bb global_colors_info=\u00a0\u00bb{}\u00a0\u00bb][et_pb_text _builder_version=\u00a0\u00bb4.9.2&Prime; _module_preset=\u00a0\u00bbdefault\u00a0\u00bb text_text_color=\u00a0\u00bbrgba(255,255,255,0.7)\u00a0\u00bb header_text_color=\u00a0\u00bb#00659D\u00a0\u00bb header_2_font_size=\u00a0\u00bb3rem\u00a0\u00bb header_3_text_color=\u00a0\u00bb#FFFFFF\u00a0\u00bb background_layout=\u00a0\u00bbdark\u00a0\u00bb header_2_font_size_tablet=\u00a0\u00bb3rem\u00a0\u00bb header_2_font_size_phone=\u00a0\u00bb2rem\u00a0\u00bb header_2_font_size_last_edited=\u00a0\u00bbon|phone\u00a0\u00bb global_colors_info=\u00a0\u00bb{}\u00a0\u00bb]<\/p>\n<h2>Connecter les habitants des zones recul\u00e9es \u00e0 un r\u00e9seau sans fil fiable : notre mission<\/h2>\n<p>Connecter des milliards de personnes dans les r\u00e9gions rurales et isol\u00e9es \u00e0 un r\u00e9seau sans fil rapide, fiable et \u00e9tendu gr\u00e2ce \u00e0 des solutions innovantes et abordables.<\/p>\n<p>\u00a0\u00bb Combler le foss\u00e9 num\u00e9rique, une connexion \u00e0 la fois. \u00ab\u00a0<\/p>\n<p>[\/et_pb_text][\/et_pb_column][\/et_pb_row][\/et_pb_section]<\/p>\n<span class=\"et_bloom_bottom_trigger\"><\/span>","protected":false},"excerpt":{"rendered":"<p>Une entreprise de t\u00e9l\u00e9communications sp\u00e9cialis\u00e9e dans la couverture des r\u00e9seaux sans fil en milieu ruralA propos de NuRAN Wireless NuRAN Wireless est une entreprise de t\u00e9l\u00e9communications sp\u00e9cialis\u00e9e qui r\u00e9pond \u00e0 [&hellip;]<\/p>\n","protected":false},"author":3,"featured_media":0,"parent":0,"menu_order":0,"comment_status":"closed","ping_status":"closed","template":"","meta":{"_et_pb_use_builder":"on","_et_pb_old_content":"[et_pb_section fb_built=\"1\" admin_label=\"Header\" _builder_version=\"4.8.1\" background_color=\"rgba(5,27,49,0.87)\" background_image=\"http:\/\/nuranwireless.com\/wp-content\/uploads\/2021\/01\/AdobeStock_196435727.jpeg\" background_blend=\"soft-light\" height=\"90%\" custom_margin=\"||||false|false\" custom_padding=\"||100px||false|false\" bottom_divider_flip=\"horizontal\" bottom_divider_arrangement=\"above_content\"][et_pb_row _builder_version=\"4.8.1\" _module_preset=\"default\" background_color=\"rgba(5,27,49,0.75)\" width=\"100%\" max_width=\"2560px\" module_alignment=\"center\" custom_margin=\"||||true|true\" custom_padding=\"4vw||4vw||true|true\"][et_pb_column type=\"4_4\" _builder_version=\"4.7.7\" _module_preset=\"default\"][et_pb_text _builder_version=\"4.8.1\" _module_preset=\"default\" header_2_font=\"Bebas Neue|||on|||||\" header_2_text_align=\"center\" header_2_text_color=\"#ffffff\" header_2_font_size=\"13rem\" header_2_letter_spacing=\"10px\" header_2_line_height=\"9rem\" header_4_font=\"Bebas Neue||||||||\" header_4_text_color=\"#ffffff\" header_4_font_size=\"2rem\" text_orientation=\"center\" background_layout=\"dark\" max_width=\"1080px\" module_alignment=\"center\" header_2_font_size_tablet=\"9rem\" header_2_font_size_phone=\"3rem\" header_2_font_size_last_edited=\"on|tablet\"]<h1>About<\/h1>[\/et_pb_text][\/et_pb_column][\/et_pb_row][\/et_pb_section][et_pb_section fb_built=\"1\" _builder_version=\"4.8.1\" _module_preset=\"default\" background_color=\"#0c1830\" background_image=\"http:\/\/nuranwireless.com\/wp-content\/uploads\/2021\/01\/AdobeStock_240213482-RSZD.jpg\" background_position=\"top_center\" background_blend=\"luminosity\" custom_padding=\"||90px||false|false\" top_divider_style=\"slant2\" top_divider_color=\"rgba(0,18,33,0.96)\" bottom_divider_style=\"slant2\" bottom_divider_color=\"rgba(0,11,25,0.96)\"][et_pb_row _builder_version=\"4.8.1\" _module_preset=\"default\" custom_padding=\"1%|2%|1%|2%|true|true\"][et_pb_column type=\"4_4\" _builder_version=\"4.8.1\" _module_preset=\"default\"][et_pb_text _builder_version=\"4.8.1\" _module_preset=\"default\" text_text_color=\"#051B31\" header_text_color=\"#051B31\" header_3_text_color=\"#00659D\"]<h3>About<\/h3>\r\n\r\nNuran wireless is a specialist telecommunications company that meets the growing demand from third world countries and remote regions for wireless network coverage. With its affordable and innovative solutions of 2g \/ 3g \/ 4g technologies, nuran wireless offers a new possibility for more than one billion human beings to be able to communicate effectively over long distances. Having been known by different names, it is because of its resilience, noble values and a passionate team that nuran wireless can continue to pursue an inspiring goal to serve a cause greater than itself.[\/et_pb_text][\/et_pb_column][\/et_pb_row][\/et_pb_section][et_pb_section fb_built=\"1\" _builder_version=\"4.8.1\" _module_preset=\"default\" background_color=\"#051B31\" background_image=\"http:\/\/nuranwireless.com\/wp-content\/uploads\/2021\/01\/AdobeStock_240213482-RSZD.jpg\" background_position=\"top_center\" background_blend=\"color-burn\"][et_pb_row _builder_version=\"4.8.1\" _module_preset=\"default\" custom_padding=\"1%|2%|1%|2%|true|true\"][et_pb_column type=\"4_4\" _builder_version=\"4.8.1\" _module_preset=\"default\"][et_pb_text _builder_version=\"4.8.1\" _module_preset=\"default\" text_text_color=\"rgba(255,255,255,0.7)\" header_text_color=\"#FFFFFF\" header_3_text_color=\"#00659D\" background_layout=\"dark\" hover_enabled=\"0\" sticky_enabled=\"0\"]<h3>Vision<\/h3>\r\nNow more than ever, human beings have a growing need to be connected to a vast network that provides a window to the outside world and a connection with those around them. At nuran wireless, we offer millions people in developing countries a universal possibility: to connect to a global network and communicate over long distances efficiently and affordably. Thus, our innovative, compact and adapted solutions for rural regions will allow everyone to stay connected and keep in touch with their families, friends and relatives.[\/et_pb_text][\/et_pb_column][\/et_pb_row][\/et_pb_section][et_pb_section fb_built=\"1\" _builder_version=\"4.8.1\" _module_preset=\"default\" background_color=\"#051B31\" background_image=\"http:\/\/nuranwireless.com\/wp-content\/uploads\/2021\/01\/AdobeStock_240213482-RSZD.jpg\" background_blend=\"overlay\" top_divider_style=\"slant2\" top_divider_color=\"rgba(0,15,30,0.79)\" top_divider_color_last_edited=\"off|desktop\"][et_pb_row _builder_version=\"4.8.1\" _module_preset=\"default\" custom_padding=\"1%|2%|1%|2%|true|true\"][et_pb_column type=\"4_4\" _builder_version=\"4.8.1\" _module_preset=\"default\"][et_pb_text _builder_version=\"4.8.1\" _module_preset=\"default\" text_text_color=\"rgba(255,255,255,0.7)\" header_text_color=\"#00659D\" header_3_text_color=\"#FFFFFF\" background_layout=\"dark\"]<h3>Mission<\/h3>\r\nHumbly contributing to connect billions of people in rural and remote regions to a fast, reliable and expansive wireless network through innovative and affordable solutions.\r\n\r\n\u00ab Bridging the digital divide, one connection at a time. \u00bb[\/et_pb_text][\/et_pb_column][\/et_pb_row][\/et_pb_section]","_et_gb_content_width":"","footnotes":""},"class_list":["post-32184","page","type-page","status-publish","hentry"],"_links":{"self":[{"href":"https:\/\/nuranwireless.com\/fr\/wp-json\/wp\/v2\/pages\/32184","targetHints":{"allow":["GET"]}}],"collection":[{"href":"https:\/\/nuranwireless.com\/fr\/wp-json\/wp\/v2\/pages"}],"about":[{"href":"https:\/\/nuranwireless.com\/fr\/wp-json\/wp\/v2\/types\/page"}],"author":[{"embeddable":true,"href":"https:\/\/nuranwireless.com\/fr\/wp-json\/wp\/v2\/users\/3"}],"replies":[{"embeddable":true,"href":"https:\/\/nuranwireless.com\/fr\/wp-json\/wp\/v2\/comments?post=32184"}],"version-history":[{"count":33,"href":"https:\/\/nuranwireless.com\/fr\/wp-json\/wp\/v2\/pages\/32184\/revisions"}],"predecessor-version":[{"id":237587,"href":"https:\/\/nuranwireless.com\/fr\/wp-json\/wp\/v2\/pages\/32184\/revisions\/237587"}],"wp:attachment":[{"href":"https:\/\/nuranwireless.com\/fr\/wp-json\/wp\/v2\/media?parent=32184"}],"curies":[{"name":"wp","href":"https:\/\/api.w.org\/{rel}","templated":true}]}}