{"id":33796,"date":"2021-09-08T10:08:11","date_gmt":"2021-09-08T14:08:11","guid":{"rendered":"https:\/\/nuranwireless.com\/oc-2g\/"},"modified":"2021-09-08T10:08:17","modified_gmt":"2021-09-08T14:08:17","slug":"oc-2g","status":"publish","type":"page","link":"https:\/\/nuranwireless.com\/es\/oc-2g\/","title":{"rendered":"OC-2G"},"content":{"rendered":"<p>[et_pb_section fb_built=\u00bb1&#8243; admin_label=\u00bbHeader\u00bb _builder_version=\u00bb4.8.1&#8243; background_color=\u00bbrgba(5,27,49,0.87)\u00bb background_image=\u00bbhttp:\/\/nuranwireless.com\/wp-content\/uploads\/2021\/01\/AdobeStock_203669387_Preview.jpeg\u00bb background_position=\u00bbtop_left\u00bb background_blend=\u00bbmultiply\u00bb max_height=\u00bb4%\u00bb custom_margin=\u00bb||||false|false\u00bb custom_padding=\u00bb3%||3%||true|false\u00bb][et_pb_row _builder_version=\u00bb4.8.1&#8243; _module_preset=\u00bbdefault\u00bb background_color=\u00bbrgba(5,27,49,0.75)\u00bb width=\u00bb100%\u00bb max_width=\u00bb2560px\u00bb module_alignment=\u00bbcenter\u00bb custom_margin=\u00bb||||true|true\u00bb custom_padding=\u00bb2vw||2vw||true|true\u00bb][et_pb_column type=\u00bb4_4&#8243; _builder_version=\u00bb4.7.7&#8243; _module_preset=\u00bbdefault\u00bb][et_pb_text _builder_version=\u00bb4.9.0&#8243; _module_preset=\u00bbdefault\u00bb header_font_size=\u00bb9rem\u00bb header_2_font=\u00bbBebas Neue|||on|||||\u00bb header_2_text_align=\u00bbcenter\u00bb header_2_text_color=\u00bb#ffffff\u00bb header_2_font_size=\u00bb13rem\u00bb header_2_letter_spacing=\u00bb10px\u00bb header_2_line_height=\u00bb9rem\u00bb header_4_font=\u00bbBebas Neue||||||||\u00bb header_4_text_color=\u00bb#ffffff\u00bb header_4_font_size=\u00bb2rem\u00bb text_orientation=\u00bbcenter\u00bb background_layout=\u00bbdark\u00bb max_width=\u00bb1080px\u00bb module_alignment=\u00bbcenter\u00bb custom_padding=\u00bb||||false|false\u00bb header_2_font_size_tablet=\u00bb9rem\u00bb header_2_font_size_phone=\u00bb3rem\u00bb header_2_font_size_last_edited=\u00bbon|tablet\u00bb]<\/p>\n<h1>OC-2G &#8211; Estaci\u00f3n base GSM<\/h1>\n<p>[\/et_pb_text][\/et_pb_column][\/et_pb_row][\/et_pb_section][et_pb_section fb_built=\u00bb1&#8243; _builder_version=\u00bb4.8.1&#8243; _module_preset=\u00bbdefault\u00bb custom_padding=\u00bb2%||2%||true|false\u00bb][et_pb_row column_structure=\u00bb1_2,1_2&#8243; make_equal=\u00bbon\u00bb _builder_version=\u00bb4.9.0&#8243; _module_preset=\u00bbdefault\u00bb custom_padding=\u00bb4px||4px||true|false\u00bb custom_css_main_element=\u00bbalign-items: center;\u00bb][et_pb_column type=\u00bb1_2&#8243; _builder_version=\u00bb4.8.1&#8243; _module_preset=\u00bbdefault\u00bb][et_pb_image src=\u00bbhttp:\/\/nuranwireless.com\/wp-content\/uploads\/2017\/06\/photo-pr.png\u00bb alt=\u00bbRed GSM OC-2G | Soluci\u00f3n inal\u00e1mbrica 2G Rural | NuRAN Wireless: soluciones de redes m\u00f3viles e inal\u00e1mbricas\u00bb title_text=\u00bbOC-2G\u00bb align=\u00bbcenter\u00bb _builder_version=\u00bb4.9.0&#8243; _module_preset=\u00bbdefault\u00bb custom_padding=\u00bb||||false|false\u00bb][\/et_pb_image][\/et_pb_column][et_pb_column type=\u00bb1_2&#8243; _builder_version=\u00bb4.8.1&#8243; _module_preset=\u00bbdefault\u00bb][et_pb_text _builder_version=\u00bb4.9.2&#8243; _module_preset=\u00bbdefault\u00bb text_text_color=\u00bb#051B31&#8243; header_2_text_color=\u00bb#00659D\u00bb header_2_font_size=\u00bb2rem\u00bb header_4_text_color=\u00bb#00659D\u00bb hover_enabled=\u00bb0&#8243; header_2_font_size_tablet=\u00bb2rem\u00bb header_2_font_size_phone=\u00bb2rem\u00bb header_2_font_size_last_edited=\u00bbon|phone\u00bb sticky_enabled=\u00bb0&#8243;]<\/p>\n<h2>La estaci\u00f3n base GSM que redefine la infraestructura m\u00f3vil de bajo costo<\/h2>\n<p>OC-2G es una estaci\u00f3n base GSM de nivel de operador dise\u00f1ada y contribuida por NuRAN Wireless a la iniciativa OpenCellular del Telecom Infra Project. Gracias a su costo total de propiedad m\u00e1s bajo, es la \u00fanica soluci\u00f3n que proporciona conectividad a grupos demogr\u00e1ficos de menos de 1000 de manera rentable.<\/p>\n<p>Caracteristicas clave:<\/p>\n<p class=\"bullet\"><i class=\"fas fa-check-circle\"><\/i> Single-TRX, salida de 630 mWatt<\/p>\n<p class=\"bullet\"><i class=\"fas fa-check-circle\"><\/i> Consumo de energ\u00eda: 14 Watts<\/p>\n<p>[\/et_pb_text][\/et_pb_column][\/et_pb_row][et_pb_row _builder_version=\u00bb4.9.0&#8243; _module_preset=\u00bbdefault\u00bb][et_pb_column type=\u00bb4_4&#8243; _builder_version=\u00bb4.9.0&#8243; _module_preset=\u00bbdefault\u00bb][et_pb_text _builder_version=\u00bb4.9.0&#8243; _module_preset=\u00bbdefault\u00bb header_3_text_color=\u00bb#00659D\u00bb header_3_font_size=\u00bb48px\u00bb text_orientation=\u00bbcenter\u00bb link_option_url=\u00bb\/wp-content\/uploads\/2021\/01\/OC-2G_product_sheet_v1.0_web.pdf\u00bb link_option_url_new_window=\u00bbon\u00bb header_3_text_color_tablet=\u00bb\u00bb header_3_text_color_phone=\u00bb\u00bb header_3_text_color_last_edited=\u00bbon|desktop\u00bb header_3_font_size_tablet=\u00bb41px\u00bb header_3_font_size_phone=\u00bb36px\u00bb header_3_font_size_last_edited=\u00bbon|phone\u00bb]<\/p>\n<h3 class=\"bullet\"><i class=\"fas fa-check-circle\"><\/i> Obtenga m\u00e1s detalles sobre nuestra estaci\u00f3n base GSM OC-2G descargando la hoja de producto.<\/h3>\n<p>[\/et_pb_text][\/et_pb_column][\/et_pb_row][et_pb_row _builder_version=\u00bb4.9.0&#8243; _module_preset=\u00bbdefault\u00bb custom_margin=\u00bb||||false|false\u00bb custom_padding=\u00bb0px||||false|false\u00bb][et_pb_column type=\u00bb4_4&#8243; _builder_version=\u00bb4.8.1&#8243; _module_preset=\u00bbdefault\u00bb][et_pb_button button_url=\u00bbhttps:\/\/nuranwireless.com\/es\/contacto\/\u00bb button_text=\u00bb\u00a1Obtenga m\u00e1s informaci\u00f3n!\u00bb button_alignment=\u00bbcenter\u00bb _builder_version=\u00bb4.9.0&#8243; _module_preset=\u00bbdefault\u00bb custom_button=\u00bbon\u00bb button_text_color=\u00bb#0EBCEF\u00bb][\/et_pb_button][\/et_pb_column][\/et_pb_row][et_pb_row column_structure=\u00bb1_2,1_2&#8243; use_custom_gutter=\u00bbon\u00bb gutter_width=\u00bb2&#8243; make_equal=\u00bbon\u00bb _builder_version=\u00bb4.9.0&#8243; _module_preset=\u00bbdefault\u00bb custom_css_main_element=\u00bbalign-items: center;\u00bb][et_pb_column type=\u00bb1_2&#8243; _builder_version=\u00bb4.8.1&#8243; _module_preset=\u00bbdefault\u00bb][et_pb_image src=\u00bbhttp:\/\/nuranwireless.com\/wp-content\/uploads\/2021\/04\/Telecom-Infra-Project.jpg\u00bb alt=\u00bbProyecto de Infraestructura de Telecomunicaciones | Estaci\u00f3n base GSM 2G | NuRAN Wireless: soluciones de redes m\u00f3viles e inal\u00e1mbricas\u00bb title_text=\u00bbInfraproyecto de telecomunicaciones\u00bb align=\u00bbright\u00bb align_tablet=\u00bbcenter\u00bb align_phone=\u00bb\u00bb align_last_edited=\u00bbon|phone\u00bb _builder_version=\u00bb4.9.0&#8243; _module_preset=\u00bbdefault\u00bb custom_padding=\u00bb||||false|false\u00bb][\/et_pb_image][\/et_pb_column][et_pb_column type=\u00bb1_2&#8243; _builder_version=\u00bb4.8.1&#8243; _module_preset=\u00bbdefault\u00bb][et_pb_image src=\u00bbhttp:\/\/nuranwireless.com\/wp-content\/uploads\/2021\/04\/Open-Cellular.jpg\u00bb alt=\u00bbCelular abierto | Estaci\u00f3n base GSM 2G | NuRAN Wireless: soluciones de redes m\u00f3viles e inal\u00e1mbricas\u00bb title_text=\u00bbCelular abierto\u00bb align_tablet=\u00bbcenter\u00bb align_phone=\u00bb\u00bb align_last_edited=\u00bbon|phone\u00bb _builder_version=\u00bb4.9.0&#8243; _module_preset=\u00bbdefault\u00bb][\/et_pb_image][\/et_pb_column][\/et_pb_row][et_pb_row _builder_version=\u00bb4.8.1&#8243; _module_preset=\u00bbdefault\u00bb][et_pb_column type=\u00bb4_4&#8243; _builder_version=\u00bb4.8.1&#8243; _module_preset=\u00bbdefault\u00bb][et_pb_tabs active_tab_text_color=\u00bb#0EBCEF\u00bb _builder_version=\u00bb4.9.0&#8243; _module_preset=\u00bbdefault\u00bb tab_text_color=\u00bb#FFFFFF\u00bb][et_pb_tab title=\u00bbVisi\u00f3n general\u00bb _builder_version=\u00bb4.9.0&#8243; _module_preset=\u00bbdefault\u00bb body_text_color=\u00bb#051B31&#8243; tab_text_color=\u00bb#b5b5b5&#8243;]<\/p>\n<p>La estaci\u00f3n base OC-2G GSM est\u00e1 disponible como parte de NuRAN Carrier Solutions (NCS), donde se combina con el controlador de estaci\u00f3n base (BSC) de NuRAN Wireless para formar una red completa de acceso por radio (RAN) que se integra sin problemas a la red central de un operador. .<\/p>\n<p>Tambi\u00e9n est\u00e1 disponible como parte de NuRAN OpenAccess (NOA), que consta de software de c\u00f3digo abierto, as\u00ed como interfaces abiertas en varias capas del protocolo de red m\u00f3vil. Tambi\u00e9n cuenta con funcionalidades de nivel superior, como network-in-a-box y Community Cellular Manager impulsado por Facebook.<\/p>\n<h4>Estaci\u00f3n base OC-2G GSM &#8211; Aplicaciones<\/h4>\n<p>\u2022 Cobertura rural<br \/> \u2022 Cobertura en carretera<br \/> \u2022 Pueblos de baja densidad<br \/> \u2022 Sitios remotos<br \/> \u2022 Pa\u00edses en desarrollo \/ Mercados emergentes<br \/> \u2022 Redes privadas<\/p>\n<p>\u00bfNecesitas m\u00e1s potencia o cobertura? <a href=\"https:\/\/nuranwireless.com\/es\/gsm-litecell\/\">\u00a1Eche un vistazo a LiteCell!<\/a><\/p>\n<p>[\/et_pb_tab][et_pb_tab title=\u00bbEspecificaciones\u00bb _builder_version=\u00bb4.8.1&#8243; _module_preset=\u00bbdefault\u00bb body_text_color=\u00bb#051B31&#8243; tab_text_color=\u00bb#b5b5b5&#8243;]<strong>Cosa an\u00e1loga<\/strong><\/p>\n<p>Frecuencias de funcionamiento:<\/p>\n<table>\n<thead>\n<tr>\n<th scope=\"col\">Banda<\/th>\n<th scope=\"col\">Recepci\u00f3n<\/th>\n<th scope=\"col\">Transmisi\u00f3n<\/th>\n<\/tr>\n<\/thead>\n<tbody>\n<tr>\n<td data-label=\"Band\">850*<\/td>\n<td data-label=\"Due Date\">824-850 MHz<\/td>\n<td data-label=\"Period\">869-895 MHz<\/td>\n<\/tr>\n<tr>\n<td scope=\"row\" data-label=\"Band\">900<\/td>\n<td data-label=\"Due Date\">880-915 MHz<\/td>\n<td data-label=\"Period\">925-960 MHz<\/td>\n<\/tr>\n<tr>\n<td scope=\"row\" data-label=\"Band\">1800*<\/td>\n<td data-label=\"Due Date\">1710-1785 MHz<\/td>\n<td data-label=\"Period\">1805-1880 MHz<\/td>\n<\/tr>\n<\/tbody>\n<\/table>\n<p>Potencia de salida m\u00e1xima: 28 dBm<\/p>\n<p>Ajuste del nivel de salida: pasos de 1 dB<\/p>\n<p>Precisi\u00f3n del reloj:&lt; 0,05 ppm<\/p>\n<p>Sensibilidad: -109 dBm, 2% BER<\/p>\n<p>Radio m\u00e1ximo de celda: 22 km<\/p>\n<p>&nbsp;<\/p>\n<p><strong>Servicios<\/strong><\/p>\n<p>Formato de voz: AMR, HR, FR, EFR<\/p>\n<p>Servicios de datos:<\/p>\n<ul>\n<li>GPRS CS-1 a CS-4, m\u00faltiples ranuras<\/li>\n<li>EGPRS MCS-1 a MCS-9, ranuras m\u00faltiples<\/li>\n<\/ul>\n<p>Cifrado: A5 \/ 0, A5 \/ 1, A5 \/ 2 y A5 \/ 3<\/p>\n<p>Capacidad m\u00e1xima: 14 llamadas simult\u00e1neas (8.2 Erlangs)<\/p>\n<p>&nbsp;<\/p>\n<p><strong>Interfaz l\u00f3gica<\/strong><\/p>\n<ul>\n<li>Abis sobre IP<\/li>\n<li>GB<\/li>\n<\/ul>\n<p><strong>Interfaces f\u00edsicas<\/strong><\/p>\n<p>Antena: tipo N<\/p>\n<p>Antena GPS: SMA<\/p>\n<p>Tr\u00e1fico y control: Ethernet RJ45<\/p>\n<p>&nbsp;<\/p>\n<p><strong>El\u00e9ctrico<\/strong><\/p>\n<p>Consumo de energ\u00eda (promedio de 24 horas): 14 Watts (@ 28 dBm de salida)<\/p>\n<p>Voltaje de entrada:<\/p>\n<ul>\n<li>24 VCC nominal<\/li>\n<li>Compatible con 19-30 V CC<\/li>\n<\/ul>\n<p>&nbsp;<\/p>\n<p><strong>Mec\u00e1nico<\/strong><\/p>\n<p>Dimensiones: 220 mm x 280 mm x 93 mm<\/p>\n<p>Peso: 6 kilogramos<\/p>\n<p>Opciones de montaje: poste, pared, torre<\/p>\n<p>&nbsp;<\/p>\n<p><strong>Ambiental<\/strong><\/p>\n<p>Temperatura de funcionamiento: -20 \u00b0 C a + 55 \u00b0 C, m\u00e1s carga solar<\/p>\n<p>Temperatura de almacenamiento: -40 \u00b0 C a + 70 \u00b0 C<\/p>\n<p>Clasificaci\u00f3n: IP66<\/p>\n<p>Refrigeraci\u00f3n: pasiva<\/p>\n<p>&nbsp;<\/p>\n<p>* Soporte futuro. Pregunte por disponibilidad.[\/et_pb_tab][\/et_pb_tabs][\/et_pb_column][\/et_pb_row][et_pb_row _builder_version=\u00bb4.8.1&#8243; _module_preset=\u00bbdefault\u00bb][et_pb_column type=\u00bb4_4&#8243; _builder_version=\u00bb4.8.1&#8243; _module_preset=\u00bbdefault\u00bb][et_pb_text _builder_version=\u00bb4.9.0&#8243; _module_preset=\u00bbdefault\u00bb]<\/p>\n<p><strong>Obtenga m\u00e1s informaci\u00f3n sobre la estaci\u00f3n base GSM OC-2G y OpenCellular<\/strong><\/p>\n<p><a href=\"https:\/\/nuranwireless.com\/news-nl\/oc-2g\/\">NuRAN presenta OC-2G: un nuevo producto TIP OpenCellular<\/a><\/p>\n<p><a href=\"https:\/\/nuranwireless.com\/news-nl\/nuran-wireless-present-tip-opencellular-workshop-kenya\/\">NuRAN Wireless se presentar\u00e1 en el TIP OpenCellular Workshop en Kenia<\/a><\/p>\n<p><a href=\"https:\/\/nuranwireless.com\/news-nl\/nuran-launches-community-cellular-manager-ccm-software-litecell-base-station\/\">NuRAN lanza el software Community Cellular Manager (CCM) para su estaci\u00f3n base LiteCell<\/a><\/p>\n<p><a href=\"https:\/\/nuranwireless.com\/news-nl\/nuran-showcases-opencellular-mwc-lte-version\/\">NuRAN presenta el prototipo OpenCellular en el Mobile World Congress, contratado por Facebook como socio de desarrollo para la pr\u00f3xima versi\u00f3n LTE<\/a><\/p>\n<p>[\/et_pb_text][\/et_pb_column][\/et_pb_row][\/et_pb_section]<\/p>\n<span class=\"et_bloom_bottom_trigger\"><\/span>","protected":false},"excerpt":{"rendered":"<p>OC-2G &#8211; Estaci\u00f3n base GSMLa estaci\u00f3n base GSM que redefine la infraestructura m\u00f3vil de bajo costo OC-2G es una estaci\u00f3n base GSM de nivel de operador dise\u00f1ada y contribuida por [&hellip;]<\/p>\n","protected":false},"author":3,"featured_media":0,"parent":0,"menu_order":0,"comment_status":"closed","ping_status":"closed","template":"","meta":{"_et_pb_use_builder":"on","_et_pb_old_content":"","_et_gb_content_width":"","footnotes":""},"class_list":["post-33796","page","type-page","status-publish","hentry"],"_links":{"self":[{"href":"https:\/\/nuranwireless.com\/es\/wp-json\/wp\/v2\/pages\/33796","targetHints":{"allow":["GET"]}}],"collection":[{"href":"https:\/\/nuranwireless.com\/es\/wp-json\/wp\/v2\/pages"}],"about":[{"href":"https:\/\/nuranwireless.com\/es\/wp-json\/wp\/v2\/types\/page"}],"author":[{"embeddable":true,"href":"https:\/\/nuranwireless.com\/es\/wp-json\/wp\/v2\/users\/3"}],"replies":[{"embeddable":true,"href":"https:\/\/nuranwireless.com\/es\/wp-json\/wp\/v2\/comments?post=33796"}],"version-history":[{"count":4,"href":"https:\/\/nuranwireless.com\/es\/wp-json\/wp\/v2\/pages\/33796\/revisions"}],"predecessor-version":[{"id":33802,"href":"https:\/\/nuranwireless.com\/es\/wp-json\/wp\/v2\/pages\/33796\/revisions\/33802"}],"wp:attachment":[{"href":"https:\/\/nuranwireless.com\/es\/wp-json\/wp\/v2\/media?parent=33796"}],"curies":[{"name":"wp","href":"https:\/\/api.w.org\/{rel}","templated":true}]}}