{"id":33767,"date":"2021-09-08T10:01:25","date_gmt":"2021-09-08T14:01:25","guid":{"rendered":"https:\/\/nuranwireless.com\/socios\/"},"modified":"2021-09-08T10:02:38","modified_gmt":"2021-09-08T14:02:38","slug":"socios","status":"publish","type":"page","link":"https:\/\/nuranwireless.com\/es\/socios\/","title":{"rendered":"Socios"},"content":{"rendered":"<p>[et_pb_section fb_built=\u00bb1&#8243; admin_label=\u00bbHeader\u00bb _builder_version=\u00bb4.8.1&#8243; background_color=\u00bbrgba(5,27,49,0.87)\u00bb background_image=\u00bbhttp:\/\/nuranwireless.com\/wp-content\/uploads\/2021\/01\/AdobeStock_182834816.jpeg\u00bb background_position=\u00bbtop_center\u00bb background_blend=\u00bbmultiply\u00bb custom_margin=\u00bb||0px||false|false\u00bb custom_padding=\u00bb4vw||4vw||true|false\u00bb][et_pb_row _builder_version=\u00bb4.7.7&#8243; _module_preset=\u00bbdefault\u00bb background_color=\u00bbrgba(5,27,49,0.75)\u00bb width=\u00bb100%\u00bb max_width=\u00bb2560px\u00bb custom_margin=\u00bb||||true|false\u00bb custom_padding=\u00bb4vw||4vw||true|false\u00bb][et_pb_column type=\u00bb4_4&#8243; _builder_version=\u00bb4.7.7&#8243; _module_preset=\u00bbdefault\u00bb][et_pb_text _builder_version=\u00bb4.9.2&#8243; _module_preset=\u00bbdefault\u00bb header_font_size=\u00bb6rem\u00bb header_2_font=\u00bbBebas Neue|||on|||||\u00bb header_2_text_color=\u00bb#ffffff\u00bb header_2_font_size=\u00bb13rem\u00bb header_2_letter_spacing=\u00bb20px\u00bb header_2_line_height=\u00bb9rem\u00bb header_4_font=\u00bbBebas Neue||||||||\u00bb header_4_text_color=\u00bb#ffffff\u00bb header_4_font_size=\u00bb2rem\u00bb text_orientation=\u00bbcenter\u00bb background_layout=\u00bbdark\u00bb max_width=\u00bb1080px\u00bb module_alignment=\u00bbcenter\u00bb hover_enabled=\u00bb0&#8243; header_line_height=\u00bb6rem\u00bb header_font_size_last_edited=\u00bbon|phone\u00bb sticky_enabled=\u00bb0&#8243; header_font_size_tablet=\u00bb4rem\u00bb header_font_size_phone=\u00bb3rem\u00bb header_line_height_last_edited=\u00bbon|tablet\u00bb header_line_height_tablet=\u00bb4rem\u00bb header_line_height_phone=\u00bb3rem\u00bb]<\/p>\n<h1>Nuestros socios en la misi\u00f3n de la conectividad rural<\/h1>\n<p>[\/et_pb_text][\/et_pb_column][\/et_pb_row][\/et_pb_section][et_pb_section fb_built=\u00bb1&#8243; _builder_version=\u00bb4.8.1&#8243; _module_preset=\u00bbdefault\u00bb background_color=\u00bbrgba(5,27,49,0.93)\u00bb background_image=\u00bbhttp:\/\/nuranwireless.com\/wp-content\/uploads\/2021\/01\/AdobeStock_240213482-RSZD.jpg\u00bb background_blend=\u00bboverlay\u00bb custom_padding=\u00bb||0px||false|false\u00bb][et_pb_row column_structure=\u00bb1_3,1_3,1_3&#8243; make_equal=\u00bbon\u00bb _builder_version=\u00bb4.8.1&#8243; _module_preset=\u00bbdefault\u00bb width=\u00bb90%\u00bb max_width=\u00bb2560px\u00bb][et_pb_column type=\u00bb1_3&#8243; _builder_version=\u00bb4.8.1&#8243; _module_preset=\u00bbdefault\u00bb background_color=\u00bb#FFFFFF\u00bb custom_padding=\u00bb2%|1%|2%|1%|false|true\u00bb][et_pb_blurb title=\u00bbAdquisici\u00f3n y construcci\u00f3n de sitios (SA&amp;C)\u00bb image=\u00bbhttp:\/\/nuranwireless.com\/wp-content\/uploads\/2021\/01\/Logo-Sagemcom-2.jpg\u00bb image_max_width=\u00bb200px\u00bb _builder_version=\u00bb4.8.1&#8243; _module_preset=\u00bbdefault\u00bb header_level=\u00bbh3&#8243; header_font=\u00bbBebas Neue|||on|||||\u00bb header_text_align=\u00bbcenter\u00bb header_text_color=\u00bb#00659D\u00bb header_font_size=\u00bb1.5rem\u00bb header_letter_spacing=\u00bb3px\u00bb body_text_align=\u00bbcenter\u00bb body_link_font=\u00bb|||on|||||\u00bb body_link_text_color=\u00bb#00659D\u00bb background_enable_color=\u00bboff\u00bb custom_margin=\u00bb||||false|false\u00bb custom_padding=\u00bb15px||15px||true|false\u00bb]La construcci\u00f3n del sitio incluye el dise\u00f1o, la construcci\u00f3n de una gama completa de torres (celos\u00eda, arriostradas, monopolo, azoteas y torres especiales como palmeras), obra civil asociada (refugio, caseta de vigilancia, camino de acceso, ..) y tambi\u00e9n dise\u00f1o de instalaci\u00f3n y puesta en servicio de equipos de energ\u00eda (rectificador, grupo electr\u00f3geno, estaci\u00f3n solar e h\u00edbrida), y equipos activos (microondas, multiplexor, estaci\u00f3n base, ..).<\/p>\n<p><a href=\"https:\/\/www.sagemcom.com\/V02\/smart-city\/nanogrid-infrastructure-solutions-nis\/smart-site\/\" target=\"_blank\" rel=\"noopener noreferrer\">M\u00e1s informaci\u00f3n \u2192<\/a>[\/et_pb_blurb][\/et_pb_column][et_pb_column type=\u00bb1_3&#8243; _builder_version=\u00bb4.8.1&#8243; _module_preset=\u00bbdefault\u00bb background_color=\u00bb#FFFFFF\u00bb custom_padding=\u00bb2%|1%|2%|1%|false|true\u00bb][et_pb_blurb title=\u00bbAdquisici\u00f3n y construcci\u00f3n de sitios (SA&amp;C)\u00bb image=\u00bbhttp:\/\/nuranwireless.com\/wp-content\/uploads\/2021\/01\/Camusat.jpg\u00bb image_max_width=\u00bb200px\u00bb _builder_version=\u00bb4.8.1&#8243; _module_preset=\u00bbdefault\u00bb header_level=\u00bbh3&#8243; header_font=\u00bbBebas Neue|||on|||||\u00bb header_text_align=\u00bbcenter\u00bb header_text_color=\u00bb#00659D\u00bb header_font_size=\u00bb1.5rem\u00bb header_letter_spacing=\u00bb3px\u00bb body_text_align=\u00bbcenter\u00bb body_link_font=\u00bb|||on|||||\u00bb body_link_text_color=\u00bb#00659D\u00bb background_enable_color=\u00bboff\u00bb custom_margin=\u00bb||||false|false\u00bb custom_padding=\u00bb15px||15px||true|false\u00bb]Como proveedor de soluciones llave en mano de primera calidad, gestionamos todos los aspectos del proyecto de implementaci\u00f3n del sitio de telecomunicaciones: desde la adquisici\u00f3n y planificaci\u00f3n del sitio hasta el dise\u00f1o, la construcci\u00f3n y la instalaci\u00f3n. Nuestra amplia experiencia tambi\u00e9n incluye estudios de modificaci\u00f3n y refuerzo de torres existentes para ayudar a optimizar la infraestructura.<\/p>\n<p><a href=\"https:\/\/www.camusat.com\/our-solutions\/\" target=\"_blank\" rel=\"noopener noreferrer\">M\u00e1s informaci\u00f3n \u2192<\/a>[\/et_pb_blurb][\/et_pb_column][et_pb_column type=\u00bb1_3&#8243; _builder_version=\u00bb4.8.1&#8243; _module_preset=\u00bbdefault\u00bb background_color=\u00bb#FFFFFF\u00bb custom_padding=\u00bb2%|1%|2%|1%|false|true\u00bb][et_pb_blurb title=\u00bbTorres y postes\u00bb image=\u00bbhttp:\/\/nuranwireless.com\/wp-content\/uploads\/2021\/01\/G-Tower.jpg\u00bb image_max_width=\u00bb200px\u00bb _builder_version=\u00bb4.8.1&#8243; _module_preset=\u00bbdefault\u00bb header_level=\u00bbh3&#8243; header_font=\u00bbBebas Neue|||on|||||\u00bb header_text_align=\u00bbcenter\u00bb header_text_color=\u00bb#00659D\u00bb header_font_size=\u00bb1.5rem\u00bb header_letter_spacing=\u00bb3px\u00bb body_text_align=\u00bbcenter\u00bb body_link_font=\u00bb|||on|||||\u00bb body_link_text_color=\u00bb#00659D\u00bb background_enable_color=\u00bboff\u00bb custom_margin=\u00bb||||false|false\u00bb custom_padding=\u00bb15px||15px||true|false\u00bb]G-Tower desarrolla soluciones de estructuras de soporte de torres, postes y cimientos, como servicios de ingenier\u00eda y suministro. Estos se utilizan en transmisi\u00f3n y distribuci\u00f3n de energ\u00eda, iluminaci\u00f3n, aplicaciones de energ\u00eda e\u00f3lica a gran escala \/ peque\u00f1a \/ marina, telecomunicaciones y energ\u00eda solar.<\/p>\n<p><a href=\"https:\/\/www.power-technology.com\/contractors\/business\/g-tower\/\" target=\"_blank\" rel=\"noopener noreferrer\">M\u00e1s informaci\u00f3n \u2192<\/a>[\/et_pb_blurb][\/et_pb_column][\/et_pb_row][et_pb_row column_structure=\u00bb1_3,1_3,1_3&#8243; make_equal=\u00bbon\u00bb _builder_version=\u00bb4.8.1&#8243; _module_preset=\u00bbdefault\u00bb width=\u00bb90%\u00bb max_width=\u00bb2560px\u00bb][et_pb_column type=\u00bb1_3&#8243; _builder_version=\u00bb4.8.1&#8243; _module_preset=\u00bbdefault\u00bb background_color=\u00bb#FFFFFF\u00bb custom_padding=\u00bb2%|1%|2%|1%|false|true\u00bb][et_pb_blurb title=\u00bbTorres y postes\u00bb image=\u00bbhttp:\/\/nuranwireless.com\/wp-content\/uploads\/2021\/01\/Ersan-1.jpg\u00bb image_max_width=\u00bb200px\u00bb _builder_version=\u00bb4.8.1&#8243; _module_preset=\u00bbdefault\u00bb header_level=\u00bbh3&#8243; header_font=\u00bbBebas Neue|||on|||||\u00bb header_text_align=\u00bbcenter\u00bb header_text_color=\u00bb#00659D\u00bb header_font_size=\u00bb1.5rem\u00bb header_letter_spacing=\u00bb3px\u00bb body_text_align=\u00bbcenter\u00bb body_link_font=\u00bb|||on|||||\u00bb body_link_text_color=\u00bb#00659D\u00bb background_enable_color=\u00bboff\u00bb custom_margin=\u00bb||||false|false\u00bb custom_padding=\u00bb15px||15px||true|false\u00bb]ERSAN Energy se dedica a la fabricaci\u00f3n y venta de torres de acero tipo celos\u00eda, incluidas torres de transmisi\u00f3n de electricidad, torres GSM y estructuras de acero de subestaciones y postes poligonales utilizados en las industrias de transmisi\u00f3n de electricidad y telecomunicaciones.<\/p>\n<p><a href=\"http:\/\/www.ersancompany.com\/energy-steel\/\" target=\"_blank\" rel=\"noopener noreferrer\">M\u00e1s informaci\u00f3n \u2192<\/a>[\/et_pb_blurb][\/et_pb_column][et_pb_column type=\u00bb1_3&#8243; _builder_version=\u00bb4.8.1&#8243; _module_preset=\u00bbdefault\u00bb background_color=\u00bb#FFFFFF\u00bb custom_padding=\u00bb2%|1%|2%|1%|false|true\u00bb][et_pb_blurb title=\u00bbSistema de energ\u00eda solar\u00bb image=\u00bbhttp:\/\/nuranwireless.com\/wp-content\/uploads\/2021\/01\/Clear-blue.jpg\u00bb image_max_width=\u00bb200px\u00bb _builder_version=\u00bb4.8.1&#8243; _module_preset=\u00bbdefault\u00bb header_level=\u00bbh3&#8243; header_font=\u00bbBebas Neue|||on|||||\u00bb header_text_align=\u00bbcenter\u00bb header_text_color=\u00bb#00659D\u00bb header_font_size=\u00bb1.5rem\u00bb header_letter_spacing=\u00bb3px\u00bb body_text_align=\u00bbcenter\u00bb body_link_font=\u00bb|||on|||||\u00bb body_link_text_color=\u00bb#00659D\u00bb background_enable_color=\u00bboff\u00bb custom_margin=\u00bb||||false|false\u00bb custom_padding=\u00bb15px||15px||true|false\u00bb]<\/p>\n<p>Clear Blue Technologies, la empresa Smart Off-Grid, se fund\u00f3 con la visi\u00f3n de ofrecer \u00abenerg\u00eda inal\u00e1mbrica\u00bb limpia y administrada para satisfacer la necesidad global de energ\u00eda confiable, de bajo costo y fuera de la red para iluminaci\u00f3n, telecomunicaciones, seguridad e Internet. of Things, dispositivos y otros sistemas cr\u00edticos.<\/p>\n<p><a href=\"https:\/\/www.clearbluetechnologies.com\/\" target=\"_blank\" rel=\"noopener noreferrer\">M\u00e1s informaci\u00f3n \u2192<\/a><\/p>\n<p>[\/et_pb_blurb][\/et_pb_column][et_pb_column type=\u00bb1_3&#8243; _builder_version=\u00bb4.8.1&#8243; _module_preset=\u00bbdefault\u00bb background_color=\u00bb#FFFFFF\u00bb custom_padding=\u00bb2%|1%|2%|1%|false|true\u00bb][et_pb_blurb title=\u00bbSat\u00e9lite\u00bb image=\u00bbhttp:\/\/nuranwireless.com\/wp-content\/uploads\/2021\/01\/Eutelsat.jpg\u00bb image_max_width=\u00bb200px\u00bb _builder_version=\u00bb4.8.1&#8243; _module_preset=\u00bbdefault\u00bb header_level=\u00bbh3&#8243; header_font=\u00bbBebas Neue|||on|||||\u00bb header_text_align=\u00bbcenter\u00bb header_text_color=\u00bb#00659D\u00bb header_font_size=\u00bb1.5rem\u00bb header_letter_spacing=\u00bb3px\u00bb body_text_align=\u00bbcenter\u00bb body_link_font=\u00bb|||on|||||\u00bb body_link_text_color=\u00bb#00659D\u00bb background_enable_color=\u00bboff\u00bb custom_margin=\u00bb||||false|false\u00bb custom_padding=\u00bb15px||15px||true|false\u00bb]Conectamos a los usuarios incluso en los lugares m\u00e1s remotos, desde Europa, \u00c1frica y Oriente Medio hasta Asia y Am\u00e9rica, gracias a nuestras posiciones orbitales l\u00edderes y soluciones innovadoras.<\/p>\n<p><a href=\"https:\/\/www.eutelsat.com\/en\/home.html\" target=\"_blank\" rel=\"noopener noreferrer\">M\u00e1s informaci\u00f3n \u2192<\/a>[\/et_pb_blurb][\/et_pb_column][\/et_pb_row][et_pb_row column_structure=\u00bb1_3,1_3,1_3&#8243; make_equal=\u00bbon\u00bb _builder_version=\u00bb4.8.1&#8243; _module_preset=\u00bbdefault\u00bb width=\u00bb90%\u00bb max_width=\u00bb2560px\u00bb][et_pb_column type=\u00bb1_3&#8243; _builder_version=\u00bb4.8.1&#8243; _module_preset=\u00bbdefault\u00bb background_color=\u00bb#FFFFFF\u00bb custom_padding=\u00bb2%|1%|2%|1%|false|true\u00bb][et_pb_blurb title=\u00bbSat\u00e9lite\u00bb image=\u00bbhttp:\/\/nuranwireless.com\/wp-content\/uploads\/2021\/01\/Intelsat.jpg\u00bb image_max_width=\u00bb200px\u00bb _builder_version=\u00bb4.8.1&#8243; _module_preset=\u00bbdefault\u00bb header_level=\u00bbh3&#8243; header_font=\u00bbBebas Neue|||on|||||\u00bb header_text_align=\u00bbcenter\u00bb header_text_color=\u00bb#00659D\u00bb header_font_size=\u00bb1.5rem\u00bb header_letter_spacing=\u00bb3px\u00bb body_text_align=\u00bbcenter\u00bb body_link_font=\u00bb|||on|||||\u00bb body_link_text_color=\u00bb#00659D\u00bb background_enable_color=\u00bboff\u00bb custom_margin=\u00bb||||false|false\u00bb custom_padding=\u00bb15px||15px||true|false\u00bb]Ya sea que se conecte en el aire, en tierra o en el mar, las soluciones de Intelsat brindan conectividad confiable y segura en cualquier momento, justo donde m\u00e1s la necesita.<\/p>\n<p><a href=\"https:\/\/www.intelsat.com\/\" target=\"_blank\" rel=\"noopener noreferrer\">M\u00e1s informaci\u00f3n \u2192<\/a>[\/et_pb_blurb][\/et_pb_column][et_pb_column type=\u00bb1_3&#8243; _builder_version=\u00bb4.8.1&#8243; _module_preset=\u00bbdefault\u00bb background_color=\u00bb#FFFFFF\u00bb custom_padding=\u00bb2%|1%|2%|1%|false|true\u00bb][et_pb_blurb title=\u00bbSat\u00e9lite\u00bb image=\u00bbhttp:\/\/nuranwireless.com\/wp-content\/uploads\/2021\/01\/Amos.jpg\u00bb image_max_width=\u00bb200px\u00bb _builder_version=\u00bb4.9.0&#8243; _module_preset=\u00bbdefault\u00bb header_level=\u00bbh3&#8243; header_font=\u00bbBebas Neue|||on|||||\u00bb header_text_align=\u00bbcenter\u00bb header_text_color=\u00bb#00659D\u00bb header_font_size=\u00bb1.5rem\u00bb header_letter_spacing=\u00bb3px\u00bb body_text_align=\u00bbcenter\u00bb body_link_font=\u00bb|||on|||||\u00bb body_link_text_color=\u00bb#00659D\u00bb background_enable_color=\u00bboff\u00bb custom_margin=\u00bb||||false|false\u00bb custom_padding=\u00bb15px||15px||true|false\u00bb]<\/p>\n<p>AMOS, que proporciona las comunicaciones bidireccionales con la tasa de bits m\u00e1s alta en un \u00e1rea de cobertura amplia, es la plataforma ideal para los operadores de telecomunicaciones y los proveedores de servicios que ofrecen transmisi\u00f3n de voz, datos y video de alta velocidad.<\/p>\n<p><a href=\"https:\/\/www.amos-spacecom.com\/\" target=\"_blank\" rel=\"noopener noreferrer\">M\u00e1s informaci\u00f3n \u2192<\/a><\/p>\n<p>[\/et_pb_blurb][\/et_pb_column][et_pb_column type=\u00bb1_3&#8243; _builder_version=\u00bb4.8.1&#8243; _module_preset=\u00bbdefault\u00bb background_color=\u00bb#FFFFFF\u00bb custom_padding=\u00bb2%|1%|2%|1%|false|true\u00bb][et_pb_blurb title=\u00bbSat\u00e9lite\u00bb image=\u00bbhttp:\/\/nuranwireless.com\/wp-content\/uploads\/2021\/01\/africa.jpg\u00bb image_max_width=\u00bb200px\u00bb _builder_version=\u00bb4.8.1&#8243; _module_preset=\u00bbdefault\u00bb header_level=\u00bbh3&#8243; header_font=\u00bbBebas Neue|||on|||||\u00bb header_text_align=\u00bbcenter\u00bb header_text_color=\u00bb#00659D\u00bb header_font_size=\u00bb1.5rem\u00bb header_letter_spacing=\u00bb3px\u00bb body_text_align=\u00bbcenter\u00bb body_link_font=\u00bb|||on|||||\u00bb body_link_text_color=\u00bb#00659D\u00bb background_enable_color=\u00bboff\u00bb custom_margin=\u00bb||||false|false\u00bb custom_padding=\u00bb15px||15px||true|false\u00bb]iSAT Africa proporciona soluciones de conectividad rural de extremo a extremo a las empresas de telecomunicaciones en \u00c1frica y m\u00e1s all\u00e1. El servicio incluye soluciones pasivas, activas, el\u00e9ctricas y backhaul.<\/p>\n<p><a href=\"https:\/\/www.isatafrica.com\/\" target=\"_blank\" rel=\"noopener noreferrer\">M\u00e1s informaci\u00f3n \u2192<\/a>[\/et_pb_blurb][\/et_pb_column][\/et_pb_row][\/et_pb_section]<\/p>\n<span class=\"et_bloom_bottom_trigger\"><\/span>","protected":false},"excerpt":{"rendered":"<p>Nuestros socios en la misi\u00f3n de la conectividad ruralLa construcci\u00f3n del sitio incluye el dise\u00f1o, la construcci\u00f3n de una gama completa de torres (celos\u00eda, arriostradas, monopolo, azoteas y torres especiales [&hellip;]<\/p>\n","protected":false},"author":4,"featured_media":0,"parent":0,"menu_order":0,"comment_status":"closed","ping_status":"closed","template":"","meta":{"_et_pb_use_builder":"on","_et_pb_old_content":"","_et_gb_content_width":"","footnotes":""},"class_list":["post-33767","page","type-page","status-publish","hentry"],"_links":{"self":[{"href":"https:\/\/nuranwireless.com\/es\/wp-json\/wp\/v2\/pages\/33767","targetHints":{"allow":["GET"]}}],"collection":[{"href":"https:\/\/nuranwireless.com\/es\/wp-json\/wp\/v2\/pages"}],"about":[{"href":"https:\/\/nuranwireless.com\/es\/wp-json\/wp\/v2\/types\/page"}],"author":[{"embeddable":true,"href":"https:\/\/nuranwireless.com\/es\/wp-json\/wp\/v2\/users\/4"}],"replies":[{"embeddable":true,"href":"https:\/\/nuranwireless.com\/es\/wp-json\/wp\/v2\/comments?post=33767"}],"version-history":[{"count":7,"href":"https:\/\/nuranwireless.com\/es\/wp-json\/wp\/v2\/pages\/33767\/revisions"}],"predecessor-version":[{"id":33776,"href":"https:\/\/nuranwireless.com\/es\/wp-json\/wp\/v2\/pages\/33767\/revisions\/33776"}],"wp:attachment":[{"href":"https:\/\/nuranwireless.com\/es\/wp-json\/wp\/v2\/media?parent=33767"}],"curies":[{"name":"wp","href":"https:\/\/api.w.org\/{rel}","templated":true}]}}