{"id":33758,"date":"2021-09-08T09:56:08","date_gmt":"2021-09-08T13:56:08","guid":{"rendered":"https:\/\/nuranwireless.com\/vista-general\/junta-directiva\/"},"modified":"2024-02-01T12:18:22","modified_gmt":"2024-02-01T17:18:22","slug":"junta-directiva","status":"publish","type":"page","link":"https:\/\/nuranwireless.com\/es\/vista-general\/junta-directiva\/","title":{"rendered":"Junta Directiva"},"content":{"rendered":"<p>[et_pb_section fb_built=\u00bb1&#8243; admin_label=\u00bbHeader\u00bb _builder_version=\u00bb4.16&#8243; background_color=\u00bb#051B31&#8243; background_image=\u00bbhttp:\/\/nuranwireless.com\/wp-content\/uploads\/2021\/01\/AdobeStock_205914027-RSZD.jpg\u00bb background_position=\u00bbbottom_center\u00bb background_blend=\u00bbsoft-light\u00bb height=\u00bb90%\u00bb custom_margin=\u00bb||||false|false\u00bb custom_padding=\u00bb||||false|false\u00bb da_disable_devices=\u00bboff|off|off\u00bb global_colors_info=\u00bb{}\u00bb da_is_popup=\u00bboff\u00bb da_exit_intent=\u00bboff\u00bb da_has_close=\u00bbon\u00bb da_alt_close=\u00bboff\u00bb da_dark_close=\u00bboff\u00bb da_not_modal=\u00bbon\u00bb da_is_singular=\u00bboff\u00bb da_with_loader=\u00bboff\u00bb da_has_shadow=\u00bbon\u00bb][et_pb_row _builder_version=\u00bb4.16&#8243; _module_preset=\u00bbdefault\u00bb background_color=\u00bbrgba(5,27,49,0.75)\u00bb width=\u00bb100%\u00bb max_width=\u00bb2560px\u00bb module_alignment=\u00bbcenter\u00bb custom_margin=\u00bb||||true|true\u00bb custom_padding=\u00bb4vw||4vw||true|true\u00bb global_colors_info=\u00bb{}\u00bb][et_pb_column type=\u00bb4_4&#8243; _builder_version=\u00bb4.16&#8243; _module_preset=\u00bbdefault\u00bb global_colors_info=\u00bb{}\u00bb][et_pb_text _builder_version=\u00bb4.16&#8243; _module_preset=\u00bbdefault\u00bb header_font_size=\u00bb9rem\u00bb header_2_font=\u00bbBebas Neue|||on|||||\u00bb header_2_text_align=\u00bbcenter\u00bb header_2_text_color=\u00bb#ffffff\u00bb header_2_font_size=\u00bb13rem\u00bb header_2_letter_spacing=\u00bb10px\u00bb header_2_line_height=\u00bb9rem\u00bb header_4_font=\u00bbBebas Neue||||||||\u00bb header_4_text_color=\u00bb#ffffff\u00bb header_4_font_size=\u00bb2rem\u00bb text_orientation=\u00bbcenter\u00bb background_layout=\u00bbdark\u00bb max_width=\u00bb1080px\u00bb module_alignment=\u00bbcenter\u00bb header_font_size_tablet=\u00bb\u00bb header_font_size_phone=\u00bb\u00bb header_font_size_last_edited=\u00bbon|desktop\u00bb header_2_font_size_tablet=\u00bb9rem\u00bb header_2_font_size_phone=\u00bb3rem\u00bb header_2_font_size_last_edited=\u00bbon|tablet\u00bb global_colors_info=\u00bb{}\u00bb]<\/p>\n<h1>Junta Directiva<\/h1>\n<p>[\/et_pb_text][\/et_pb_column][\/et_pb_row][\/et_pb_section][et_pb_section fb_built=\u00bb1&#8243; _builder_version=\u00bb4.16&#8243; _module_preset=\u00bbdefault\u00bb da_disable_devices=\u00bboff|off|off\u00bb global_colors_info=\u00bb{}\u00bb da_is_popup=\u00bboff\u00bb da_exit_intent=\u00bboff\u00bb da_has_close=\u00bbon\u00bb da_alt_close=\u00bboff\u00bb da_dark_close=\u00bboff\u00bb da_not_modal=\u00bbon\u00bb da_is_singular=\u00bboff\u00bb da_with_loader=\u00bboff\u00bb da_has_shadow=\u00bbon\u00bb][et_pb_row column_structure=\u00bb2_5,3_5&#8243; use_custom_gutter=\u00bbon\u00bb gutter_width=\u00bb2&#8243; make_equal=\u00bbon\u00bb _builder_version=\u00bb4.16&#8243; _module_preset=\u00bbdefault\u00bb custom_css_main_element=\u00bbalign-items: center;\u00bb global_colors_info=\u00bb{}\u00bb][et_pb_column type=\u00bb2_5&#8243; _builder_version=\u00bb4.16&#8243; _module_preset=\u00bbdefault\u00bb global_colors_info=\u00bb{}\u00bb][et_pb_image src=\u00bbhttps:\/\/nuranwireless.com\/wp-content\/uploads\/2021\/01\/FRANCIS-HEADSHOT-2021.jpg\u00bb alt=\u00bbFrancis L\u00e9tourneau, presidente | Soluciones de red inal\u00e1mbrica | NuRAN inal\u00e1mbrico\u00bb title_text=\u00bbFrancis L\u00e9tourneau, presidente\u00bb align=\u00bbcenter\u00bb _builder_version=\u00bb4.16&#8243; _module_preset=\u00bbdefault\u00bb max_width=\u00bb53%\u00bb global_colors_info=\u00bb{}\u00bb][\/et_pb_image][\/et_pb_column][et_pb_column type=\u00bb3_5&#8243; _builder_version=\u00bb4.16&#8243; _module_preset=\u00bbdefault\u00bb global_colors_info=\u00bb{}\u00bb][et_pb_text _builder_version=\u00bb4.23&#8243; _module_preset=\u00bbdefault\u00bb global_colors_info=\u00bb{}\u00bb]<\/p>\n<p><strong>Francis L\u00e9tourneau, presidente y director ejecutivo<\/strong><\/p>\n<p>Francis L\u00e9tourneau es un experimentado y consumado ejecutivo de ventas y marketing con m\u00e1s de 25 a\u00f1os de experiencia en la industria de las telecomunicaciones. El se\u00f1or L\u00e9tourneau es un profesional orientado a resultados y aut\u00f3nomo con 20 a\u00f1os de experiencia en NuRAN Wireless Inc. El Sr. L\u00e9tourneau fue promovido inicialmente a miembro del Consejo de Administraci\u00f3n de NuRAN en 2015.<\/p>\n<p>Esta experiencia le ha valido ahora el t\u00edtulo de presidente y director ejecutivo de NuRAN Wireless. El Sr. L\u00e9tourneau ha desempe\u00f1ado un papel decisivo en la nueva orientaci\u00f3n de NuRAN mediante la implantaci\u00f3n de un modelo de negocio de red como servicio (NAAS), que ahora define a NuRAN como un habilitador de redes m\u00f3viles rurales. Como resultado de esta iniciativa estrat\u00e9gica, NuRAN Wireless ha generado ya m\u00e1s de 800 millones de d\u00f3lares en contratos en su primer a\u00f1o como proveedor de NaaS.<\/p>\n<p>El Sr. L\u00e9tourneau es licenciado en Administraci\u00f3n y Direcci\u00f3n de Empresas por la Universidad Laval de Quebec (Canad\u00e1) y Censor Jurado de Cuentas (CMA).<\/p>\n<p>[\/et_pb_text][\/et_pb_column][\/et_pb_row][et_pb_row column_structure=\u00bb2_5,3_5&#8243; use_custom_gutter=\u00bbon\u00bb gutter_width=\u00bb2&#8243; make_equal=\u00bbon\u00bb _builder_version=\u00bb4.16&#8243; _module_preset=\u00bbdefault\u00bb custom_css_main_element=\u00bbalign-items: center;\u00bb global_colors_info=\u00bb{}\u00bb][et_pb_column type=\u00bb2_5&#8243; _builder_version=\u00bb4.16&#8243; _module_preset=\u00bbdefault\u00bb global_colors_info=\u00bb{}\u00bb][et_pb_image src=\u00bbhttps:\/\/nuranwireless.com\/wp-content\/uploads\/2021\/01\/JIM-HEADSHOT-2021-Back-Ground-e1644258459912.jpg\u00bb alt=\u00bbJim Bailey, director financiero | Soluciones de red inal\u00e1mbrica | NuRAN inal\u00e1mbrico\u00bb title_text=\u00bbJim Bailey, director financiero\u00bb align=\u00bbcenter\u00bb _builder_version=\u00bb4.16&#8243; _module_preset=\u00bbdefault\u00bb max_width=\u00bb53%\u00bb global_colors_info=\u00bb{}\u00bb][\/et_pb_image][\/et_pb_column][et_pb_column type=\u00bb3_5&#8243; _builder_version=\u00bb4.16&#8243; _module_preset=\u00bbdefault\u00bb global_colors_info=\u00bb{}\u00bb][et_pb_text _builder_version=\u00bb4.16&#8243; _module_preset=\u00bbdefault\u00bb global_colors_info=\u00bb{}\u00bb]<\/p>\n<p><strong>Jim Bailey, director financiero<\/strong><\/p>\n<p>M\u00e1s de 25 a\u00f1os de experiencia trabajando con empresas de telecomunicaciones, medios y tecnolog\u00eda. Los roles incluyen director de fusiones y adquisiciones, director financiero, director ejecutivo y director. Un papel importante en el espacio de NuRAN fue el director financiero y luego director ejecutivo de Telecel International, una subsidiaria de Orascom Telecom Holdings, que ten\u00eda operaciones en \u00c1frica subsahariana. Tambi\u00e9n trabaj\u00f3 en Desarrollo de Negocios para el grupo que cubre la regi\u00f3n EMEA y fue Director Financiero de Orascom Telecom WiMAX Limited, una empresa conjunta con Intel Capital. Durante los \u00faltimos 10 a\u00f1os, Jim ha trabajado como consultor financiero para pymes proporcionando asesoramiento financiero corporativo en fusiones y adquisiciones, planificaci\u00f3n comercial y como director financiero interino \/ a tiempo parcial. Tiene una licenciatura en Comercio de la Universidad de Calgary, un MBA de la London Business School y es miembro del Chartered Institute of Management Accountants (CIMA).<\/p>\n<p>[\/et_pb_text][\/et_pb_column][\/et_pb_row][et_pb_row column_structure=\u00bb2_5,3_5&#8243; use_custom_gutter=\u00bbon\u00bb gutter_width=\u00bb2&#8243; make_equal=\u00bbon\u00bb _builder_version=\u00bb4.16&#8243; _module_preset=\u00bbdefault\u00bb custom_css_main_element=\u00bbalign-items: center;\u00bb global_colors_info=\u00bb{}\u00bb][et_pb_column type=\u00bb2_5&#8243; _builder_version=\u00bb4.16&#8243; _module_preset=\u00bbdefault\u00bb global_colors_info=\u00bb{}\u00bb][et_pb_image src=\u00bbhttp:\/\/nuranwireless.com\/wp-content\/uploads\/2021\/02\/LOGO_01.png\u00bb alt=\u00bbJim Bailey, director financiero | Soluciones de red inal\u00e1mbrica | NuRAN inal\u00e1mbrico\u00bb title_text=\u00bbLOGO_01&#8243; align=\u00bbcenter\u00bb _builder_version=\u00bb4.16&#8243; _module_preset=\u00bbdefault\u00bb max_width=\u00bb53%\u00bb global_colors_info=\u00bb{}\u00bb][\/et_pb_image][\/et_pb_column][et_pb_column type=\u00bb3_5&#8243; _builder_version=\u00bb4.16&#8243; _module_preset=\u00bbdefault\u00bb global_colors_info=\u00bb{}\u00bb][et_pb_text _builder_version=\u00bb4.16&#8243; _module_preset=\u00bbdefault\u00bb global_colors_info=\u00bb{}\u00bb]<strong>Binyomin Y. Posen, miembro de la junta<\/strong><\/p>\n<p>El Sr. Binyomin Y. Posen es director ejecutivo, director financiero y director de Rio Verde Industries, Inc., director, director ejecutivo y director financiero de TransGlobe Internet &amp; Telecom Co. Ltd., director, director ejecutivo y director financiero de Shane Resources Ltd., director independiente de Pacific Iron Ore Corp., director, director ejecutivo y director financiero de Prominex Resource Corp., director independiente de Red Light Holland Corp. , director, director ejecutivo y director financiero de Jiminex, Inc., director, director ejecutivo y director financiero de Sniper Resources Ltd., director ejecutivo, director financiero y director de Academy Explorations Ltd., director independiente de Senternet Phi Gamma , Inc., presidente, director ejecutivo, director financiero, secretario y director de Agau Resources, Inc. y presidente de 2778533 Ontario, Inc.<\/p>\n<p>Es miembro del Consejo de Administraci\u00f3n de Rio Verde Industries, Inc., TransGlobe Internet &amp; Telecom Co. Ltd., Shane Resources Ltd., Pacific Iron Ore Corp., Prominex Resource Corp., Red Light Holland Corp., Jiminex, Inc., Sniper Resources Ltd., Academy Explorations Ltd., Senternet Phi Gamma, Inc., Agau Resources, Inc., Hash Corp., Interactive Games Technologies, Inc. y NuRAN Wireless, Inc. El Sr. Posen trabaj\u00f3 anteriormente como director, director ejecutivo y director financiero de Novamind, Inc., director independiente de Fairmont Resources, Inc., presidente de ehave, Inc. y analista s\u00e9nior de Plaza Capital Ltd.<\/p>\n<p>Tambi\u00e9n se desempe\u00f1\u00f3 en la junta directiva de Added Capital, Inc., World Class Extractions, Inc., CBD MED Research Corp., Tova Ventures II, Inc. y High Tide, Inc.[\/et_pb_text][\/et_pb_column][\/et_pb_row][et_pb_row column_structure=\u00bb2_5,3_5&#8243; use_custom_gutter=\u00bbon\u00bb gutter_width=\u00bb2&#8243; make_equal=\u00bbon\u00bb _builder_version=\u00bb4.16&#8243; _module_preset=\u00bbdefault\u00bb custom_css_main_element=\u00bbalign-items: center;\u00bb global_colors_info=\u00bb{}\u00bb][et_pb_column type=\u00bb2_5&#8243; _builder_version=\u00bb4.16&#8243; _module_preset=\u00bbdefault\u00bb global_colors_info=\u00bb{}\u00bb][et_pb_image src=\u00bbhttp:\/\/nuranwireless.com\/wp-content\/uploads\/2021\/02\/LOGO_01.png\u00bb alt=\u00bbJim Bailey, director financiero | Soluciones de red inal\u00e1mbrica | NuRAN inal\u00e1mbrico\u00bb title_text=\u00bbLOGO_01&#8243; align=\u00bbcenter\u00bb _builder_version=\u00bb4.16&#8243; _module_preset=\u00bbdefault\u00bb max_width=\u00bb53%\u00bb global_colors_info=\u00bb{}\u00bb][\/et_pb_image][\/et_pb_column][et_pb_column type=\u00bb3_5&#8243; _builder_version=\u00bb4.16&#8243; _module_preset=\u00bbdefault\u00bb global_colors_info=\u00bb{}\u00bb][et_pb_text admin_label=\u00bbText\u00bb _builder_version=\u00bb4.16&#8243; _module_preset=\u00bbdefault\u00bb global_colors_info=\u00bb{}\u00bb]<\/p>\n<p><strong> Vitor M. Fonseca, Consejero<\/strong><\/p>\n<p class=\"x_MsoNormal\"><span lang=\"EN-CA\">Vitor tiene m\u00e1s de 25 a\u00f1os de experiencia en el sector financiero e inmobiliario. Actualmente es vicepresidente y tesorero de Romspen Investment Corporation, uno de los mayores prestamistas privados de bienes inmuebles comerciales de Canad\u00e1, con una cartera de 3.000 millones de d\u00f3lares en Norteam\u00e9rica. Antes de incorporarse a Romspen, fue director de operaciones de un promotor y operador de residencias de ancianos.<\/span><\/p>\n<p class=\"x_MsoNormal\"><span lang=\"EN-CA\">Actualmente es director y presidente del Comit\u00e9 de Auditor\u00eda de Canntab Therapeutics Inc. y director de Magellan Communities Care, una organizaci\u00f3n sin \u00e1nimo de lucro que est\u00e1 desarrollando un complejo de cuidados para personas mayores en el centro de Toronto. Ha sido director y presidente del Comit\u00e9 de Auditor\u00eda de Mission Ready Services Inc. y de Enwave Energy Corporation.<\/span><\/p>\n<p class=\"x_MsoNormal\"><span lang=\"EN-CA\">Vitor tiene un MBA de la Rotman School of Management , un CPA-CGA y es tambi\u00e9n graduado del Institute of Corporate Directors.<\/span><\/p>\n<p>[\/et_pb_text][\/et_pb_column][\/et_pb_row][et_pb_row column_structure=\u00bb2_5,3_5&#8243; use_custom_gutter=\u00bbon\u00bb gutter_width=\u00bb2&#8243; make_equal=\u00bbon\u00bb _builder_version=\u00bb4.16&#8243; _module_preset=\u00bbdefault\u00bb custom_css_main_element=\u00bbalign-items: center;\u00bb global_colors_info=\u00bb{}\u00bb][et_pb_column type=\u00bb2_5&#8243; _builder_version=\u00bb4.16&#8243; _module_preset=\u00bbdefault\u00bb global_colors_info=\u00bb{}\u00bb][et_pb_image src=\u00bbhttp:\/\/nuranwireless.com\/wp-content\/uploads\/2021\/02\/LOGO_01.png\u00bb alt=\u00bbDenis Lambert, vicepresidente de ventas | Soluciones de red inal\u00e1mbrica | NuRAN inal\u00e1mbrico\u00bb title_text=\u00bbLOGO_01&#8243; align=\u00bbcenter\u00bb _builder_version=\u00bb4.16&#8243; _module_preset=\u00bbdefault\u00bb global_colors_info=\u00bb{}\u00bb][\/et_pb_image][\/et_pb_column][et_pb_column type=\u00bb3_5&#8243; _builder_version=\u00bb4.16&#8243; _module_preset=\u00bbdefault\u00bb global_colors_info=\u00bb{}\u00bb][et_pb_text _builder_version=\u00bb4.16&#8243; _module_preset=\u00bbdefault\u00bb global_colors_info=\u00bb{}\u00bb]<strong>Brendan Purdy, miembro de la junta<\/strong><\/p>\n<p>Brendan Purdy es un empresario que ha estado al frente de 7 empresas diferentes y actualmente es director ejecutivo, secretario y director de Canadian GoldCamps Corp., director ejecutivo y director de International Cobalt Corp., director financiero y director de Transnational Cannabis. Ltd. y Asesor Jur\u00eddico de 3sixty Secure Corp.<\/p>\n<p>Tambi\u00e9n es miembro de The Law Society of Upper Canada, COO-Medical Blockchain &amp; Data Security Division en EGF Theramed Health Corp., consejero general de CanUrsa Finance, Inc. y director de Brendan Purdy, Barrister &amp; Solicitor y miembro de la junta de 7 otras compa\u00f1\u00edas.<\/p>\n<p>Anteriormente ocup\u00f3 el cargo de presidente en Mojave Jane Brands, Inc., director independiente en Pasofino Gold Ltd., secretario y asesor corporativo en Advanced Explorations, Inc., secretario y director en Global Gaming Technologies Corp., presidente, director ejecutivo y Director de Element 79 Capital, Inc. y director ejecutivo de Seaway Energy Services, Inc.<\/p>\n<p>Brendan Purdy recibi\u00f3 un t\u00edtulo de posgrado de la Universidad de Ottawa y una licenciatura de la Universidad de Western Ontario.[\/et_pb_text][\/et_pb_column][\/et_pb_row][et_pb_row column_structure=\u00bb2_5,3_5&#8243; use_custom_gutter=\u00bbon\u00bb gutter_width=\u00bb2&#8243; make_equal=\u00bbon\u00bb _builder_version=\u00bb4.16&#8243; _module_preset=\u00bbdefault\u00bb custom_css_main_element=\u00bbalign-items: center;\u00bb global_colors_info=\u00bb{}\u00bb][et_pb_column type=\u00bb2_5&#8243; _builder_version=\u00bb4.16&#8243; _module_preset=\u00bbdefault\u00bb global_colors_info=\u00bb{}\u00bb][et_pb_image src=\u00bbhttps:\/\/nuranwireless.com\/wp-content\/uploads\/2024\/02\/Navindran-1.jpeg\u00bb alt=\u00bbDenis Lambert, vicepresidente de ventas | Soluciones de red inal\u00e1mbrica | NuRAN inal\u00e1mbrico\u00bb title_text=\u00bbNavindran\u00bb align=\u00bbcenter\u00bb _builder_version=\u00bb4.23.1&#8243; _module_preset=\u00bbdefault\u00bb width=\u00bb50%\u00bb global_colors_info=\u00bb{}\u00bb][\/et_pb_image][\/et_pb_column][et_pb_column type=\u00bb3_5&#8243; _builder_version=\u00bb4.16&#8243; _module_preset=\u00bbdefault\u00bb global_colors_info=\u00bb{}\u00bb][et_pb_text _builder_version=\u00bb4.23.1&#8243; _module_preset=\u00bbdefault\u00bb global_colors_info=\u00bb{}\u00bb]<\/p>\n<p><strong><span>Navindran Naidoo<\/span>, <span><br \/>\n  <span class=\"ui-provider ed bdr azp bjb bjc bjd bje bjf bjg bjh bji bjj bjk bjl bjm bjn bjo bjp bjq bjr dej dek bju bjv bjw bjx bjy bjz bka bkb bkc bkd bke bkf bkg\" dir=\"ltr\">Director y Presidente del Comit\u00e9 Estrat\u00e9gico<\/span><br \/>\n<\/span><\/strong><\/p>\n<p><strong><span><\/span><\/strong><\/p>\n<p class=\"x_x_elementtoproof\"><span>Navi Naidoo cuenta con m\u00e1s de 25 a\u00f1os de experiencia en telecomunicaciones, en los campos de la planificaci\u00f3n y optimizaci\u00f3n de redes m\u00f3viles y fijas, abarcando el desarrollo de instalaciones de red, la planificaci\u00f3n del espectro, los sistemas de transporte, incluidas las redes IP, el n\u00facleo de pr\u00f3xima generaci\u00f3n y las redes empresariales. Fue responsable de la evoluci\u00f3n eficiente y estrat\u00e9gica de las redes (RAN, transporte, n\u00facleo, OSS y energ\u00eda e infraestructura) para ofrecer la mejor experiencia a los clientes de MTN en todo el mundo. Tambi\u00e9n desempe\u00f1\u00f3 un papel decisivo en el avance del despliegue de la red rural en toda \u00c1frica mediante la introducci\u00f3n de proveedores alternativos, como NuRan y otros proveedores de ORAN. Navi represent\u00f3 a MTN Group en la iniciativa TIP de Facebook y facilit\u00f3 numerosas pruebas de laboratorio y sobre el terreno de equipos de c\u00f3digo abierto y otros proveedores de RAN para su despliegue en \u00c1frica.<\/span><\/p>\n<p class=\"x_x_elementtoproof\"><span>Navi se incorpor\u00f3 a MTN en 1997 y ha ocupado varios puestos de Alta Direcci\u00f3n en Tecnolog\u00eda del Grupo, adem\u00e1s de ser Ejecutivo de Red de 2013 a 2021. Anteriormente hab\u00eda trabajado en Nigeria, Uganda, Camer\u00fan y Suazilandia, donde desempe\u00f1\u00f3 un papel decisivo en la planificaci\u00f3n inicial, el despliegue y el funcionamiento de las redes m\u00f3viles de MTN en estos pa\u00edses.<\/span><\/p>\n<p><span>Navi posee un m\u00e1ster en Administraci\u00f3n de Empresas, un diploma de posgrado en Gesti\u00f3n Empresarial, un m\u00e1ster en Ingenier\u00eda y Electr\u00f3nica y una licenciatura en Ingenier\u00eda y Electr\u00f3nica por la Universidad de Kwazulu-Natal (antigua Universidad de Natal), en Sud\u00e1frica.<\/span><\/p>\n<p>&nbsp;<\/p>\n<p>[\/et_pb_text][\/et_pb_column][\/et_pb_row][et_pb_row column_structure=\u00bb2_5,3_5&#8243; use_custom_gutter=\u00bbon\u00bb gutter_width=\u00bb2&#8243; make_equal=\u00bbon\u00bb _builder_version=\u00bb4.16&#8243; _module_preset=\u00bbdefault\u00bb custom_css_main_element=\u00bbalign-items: center;\u00bb global_colors_info=\u00bb{}\u00bb][et_pb_column type=\u00bb2_5&#8243; _builder_version=\u00bb4.16&#8243; _module_preset=\u00bbdefault\u00bb global_colors_info=\u00bb{}\u00bb][\/et_pb_column][et_pb_column type=\u00bb3_5&#8243; _builder_version=\u00bb4.16&#8243; _module_preset=\u00bbdefault\u00bb global_colors_info=\u00bb{}\u00bb][\/et_pb_column][\/et_pb_row][\/et_pb_section]<\/p>\n<span class=\"et_bloom_bottom_trigger\"><\/span>","protected":false},"excerpt":{"rendered":"<p>Junta DirectivaFrancis L\u00e9tourneau, presidente y director ejecutivo Francis L\u00e9tourneau es un experimentado y consumado ejecutivo de ventas y marketing con m\u00e1s de 25 a\u00f1os de experiencia en la industria de [&hellip;]<\/p>\n","protected":false},"author":3,"featured_media":0,"parent":11290,"menu_order":0,"comment_status":"closed","ping_status":"closed","template":"","meta":{"_et_pb_use_builder":"on","_et_pb_old_content":"","_et_gb_content_width":"","footnotes":""},"class_list":["post-33758","page","type-page","status-publish","hentry"],"_links":{"self":[{"href":"https:\/\/nuranwireless.com\/es\/wp-json\/wp\/v2\/pages\/33758","targetHints":{"allow":["GET"]}}],"collection":[{"href":"https:\/\/nuranwireless.com\/es\/wp-json\/wp\/v2\/pages"}],"about":[{"href":"https:\/\/nuranwireless.com\/es\/wp-json\/wp\/v2\/types\/page"}],"author":[{"embeddable":true,"href":"https:\/\/nuranwireless.com\/es\/wp-json\/wp\/v2\/users\/3"}],"replies":[{"embeddable":true,"href":"https:\/\/nuranwireless.com\/es\/wp-json\/wp\/v2\/comments?post=33758"}],"version-history":[{"count":24,"href":"https:\/\/nuranwireless.com\/es\/wp-json\/wp\/v2\/pages\/33758\/revisions"}],"predecessor-version":[{"id":237276,"href":"https:\/\/nuranwireless.com\/es\/wp-json\/wp\/v2\/pages\/33758\/revisions\/237276"}],"up":[{"embeddable":true,"href":"https:\/\/nuranwireless.com\/es\/wp-json\/wp\/v2\/pages\/11290"}],"wp:attachment":[{"href":"https:\/\/nuranwireless.com\/es\/wp-json\/wp\/v2\/media?parent=33758"}],"curies":[{"name":"wp","href":"https:\/\/api.w.org\/{rel}","templated":true}]}}