{"id":33739,"date":"2021-09-08T09:44:22","date_gmt":"2021-09-08T13:44:22","guid":{"rendered":"https:\/\/nuranwireless.com\/contacto\/"},"modified":"2021-09-08T12:05:42","modified_gmt":"2021-09-08T16:05:42","slug":"contacto","status":"publish","type":"page","link":"https:\/\/nuranwireless.com\/es\/contacto\/","title":{"rendered":"Contacto"},"content":{"rendered":"<p>[et_pb_section fb_built=\u00bb1&#8243; admin_label=\u00bbHeader\u00bb _builder_version=\u00bb4.8.2&#8243; background_color=\u00bbrgba(5,27,49,0.87)\u00bb background_image=\u00bbhttp:\/\/nuranwireless.com\/wp-content\/uploads\/2021\/02\/AdobeStock_403155013-RSZD.jpg\u00bb background_position=\u00bbtop_left\u00bb background_blend=\u00bbmultiply\u00bb height=\u00bb90%\u00bb custom_margin=\u00bb||||false|false\u00bb custom_padding=\u00bb||||false|false\u00bb][et_pb_row _builder_version=\u00bb4.8.1&#8243; _module_preset=\u00bbdefault\u00bb background_color=\u00bbrgba(5,27,49,0.75)\u00bb width=\u00bb100%\u00bb max_width=\u00bb2560px\u00bb module_alignment=\u00bbcenter\u00bb custom_margin=\u00bb||||true|true\u00bb custom_padding=\u00bb4vw||4vw||true|true\u00bb][et_pb_column type=\u00bb4_4&#8243; _builder_version=\u00bb4.7.7&#8243; _module_preset=\u00bbdefault\u00bb][et_pb_text _builder_version=\u00bb4.9.2&#8243; _module_preset=\u00bbdefault\u00bb header_font_size=\u00bb9rem\u00bb header_2_font=\u00bbBebas Neue|||on|||||\u00bb header_2_text_align=\u00bbcenter\u00bb header_2_text_color=\u00bb#ffffff\u00bb header_2_font_size=\u00bb13rem\u00bb header_2_letter_spacing=\u00bb10px\u00bb header_2_line_height=\u00bb9rem\u00bb header_4_font=\u00bbBebas Neue||||||||\u00bb header_4_text_color=\u00bb#ffffff\u00bb header_4_font_size=\u00bb2rem\u00bb text_orientation=\u00bbcenter\u00bb background_layout=\u00bbdark\u00bb max_width=\u00bb1080px\u00bb module_alignment=\u00bbcenter\u00bb header_font_size_tablet=\u00bb\u00bb header_font_size_phone=\u00bb\u00bb header_font_size_last_edited=\u00bbon|desktop\u00bb header_2_font_size_tablet=\u00bb9rem\u00bb header_2_font_size_phone=\u00bb3rem\u00bb header_2_font_size_last_edited=\u00bbon|tablet\u00bb]<\/p>\n<h1>Contacto<\/h1>\n<p>[\/et_pb_text][\/et_pb_column][\/et_pb_row][et_pb_row _builder_version=\u00bb4.8.1&#8243; _module_preset=\u00bbdefault\u00bb][et_pb_column type=\u00bb4_4&#8243; _builder_version=\u00bb4.8.1&#8243; _module_preset=\u00bbdefault\u00bb][et_pb_text _builder_version=\u00bb4.9.2&#8243; _module_preset=\u00bbdefault\u00bb header_3_text_color=\u00bb#00659D\u00bb text_orientation=\u00bbcenter\u00bb background_layout=\u00bbdark\u00bb max_width=\u00bb68%\u00bb module_alignment=\u00bbcenter\u00bb header_3_font_size_tablet=\u00bb\u00bb header_3_font_size_phone=\u00bb36px\u00bb header_3_font_size_last_edited=\u00bbon|phone\u00bb]<\/p>\n<h3>No dude en contactarnos si tiene preguntas sobre nuestros servicios m\u00f3viles y de telecomunicaciones y nuestras soluciones de redes inal\u00e1mbricas.<\/h3>\n<p>[\/et_pb_text][\/et_pb_column][\/et_pb_row][\/et_pb_section][et_pb_section fb_built=\u00bb1&#8243; _builder_version=\u00bb4.8.1&#8243; _module_preset=\u00bbdefault\u00bb][et_pb_row use_custom_gutter=\u00bbon\u00bb gutter_width=\u00bb4&#8243; make_equal=\u00bbon\u00bb _builder_version=\u00bb4.8.1&#8243; _module_preset=\u00bbdefault\u00bb background_enable_image=\u00bboff\u00bb max_width=\u00bb555px\u00bb module_alignment=\u00bbcenter\u00bb custom_margin=\u00bb-161px||||false|false\u00bb][et_pb_column type=\u00bb4_4&#8243; _builder_version=\u00bb4.8.1&#8243; _module_preset=\u00bbdefault\u00bb][et_pb_blurb use_icon=\u00bbon\u00bb font_icon=\u00bb%%238%%\u00bb icon_color=\u00bb#FFFFFF\u00bb use_circle=\u00bbon\u00bb circle_color=\u00bb#00659D\u00bb _builder_version=\u00bb4.9.2&#8243; _module_preset=\u00bbdefault\u00bb header_text_align=\u00bbcenter\u00bb header_text_color=\u00bb#051B31&#8243; body_text_align=\u00bbcenter\u00bb body_text_color=\u00bb#00659D\u00bb background_color=\u00bbrgba(255,255,255,0.98)\u00bb text_orientation=\u00bbcenter\u00bb module_alignment=\u00bbcenter\u00bb custom_margin=\u00bb||||false|false\u00bb custom_padding=\u00bb5%|5%|5%|5%|true|true\u00bb custom_padding_tablet=\u00bb|5%||5%|true|true\u00bb custom_padding_phone=\u00bb|0%||0%|true|true\u00bb custom_padding_last_edited=\u00bbon|tablet\u00bb box_shadow_style=\u00bbpreset2&#8243;]<\/p>\n<h4><a href=\"mailto:info@nuranwireless.com\">info@nuranwireless.com<\/a><\/h4>\n<p>Para m\u00e1s informaci\u00f3n, escr\u00edbanos y ser\u00e1 un placer responderle.<\/p>\n<p>[\/et_pb_blurb][et_pb_blurb url=\u00bbhttps:\/\/www.facebook.com\/NuRANWireless\u00bb use_icon=\u00bbon\u00bb font_icon=\u00bb%%337%%\u00bb icon_color=\u00bb#FFFFFF\u00bb use_circle=\u00bbon\u00bb circle_color=\u00bb#00659D\u00bb _builder_version=\u00bb4.9.7&#8243; _module_preset=\u00bbdefault\u00bb header_text_align=\u00bbcenter\u00bb header_text_color=\u00bb#051B31&#8243; body_text_align=\u00bbcenter\u00bb body_text_color=\u00bb#00659D\u00bb background_color=\u00bbrgba(255,255,255,0.98)\u00bb text_orientation=\u00bbcenter\u00bb module_alignment=\u00bbcenter\u00bb custom_margin=\u00bb||||false|false\u00bb custom_padding=\u00bb5%|5%|5%|5%|true|true\u00bb custom_padding_tablet=\u00bb|5%||5%|true|true\u00bb custom_padding_phone=\u00bb|0%||0%|true|true\u00bb custom_padding_last_edited=\u00bbon|tablet\u00bb hover_enabled=\u00bb0&#8243; box_shadow_style=\u00bbpreset2&#8243; url_new_window=\u00bbon\u00bb link_option_url_new_window=\u00bbon\u00bb sticky_enabled=\u00bb0&#8243;]<\/p>\n<h4>\u00a1S\u00edguenos en Facebook!<\/h4>\n<p>[\/et_pb_blurb][et_pb_blurb url=\u00bbhttps:\/\/twitter.com\/NuRANWireless\u00bb use_icon=\u00bbon\u00bb font_icon=\u00bb%%338%%\u00bb icon_color=\u00bb#FFFFFF\u00bb use_circle=\u00bbon\u00bb circle_color=\u00bb#00659D\u00bb _builder_version=\u00bb4.9.7&#8243; _module_preset=\u00bbdefault\u00bb header_text_align=\u00bbcenter\u00bb header_text_color=\u00bb#051B31&#8243; body_text_align=\u00bbcenter\u00bb body_text_color=\u00bb#00659D\u00bb background_color=\u00bbrgba(255,255,255,0.98)\u00bb text_orientation=\u00bbcenter\u00bb module_alignment=\u00bbcenter\u00bb custom_margin=\u00bb||||false|false\u00bb custom_padding=\u00bb5%|5%|5%|5%|true|true\u00bb custom_padding_tablet=\u00bb|5%||5%|true|true\u00bb custom_padding_phone=\u00bb|0%||0%|true|true\u00bb custom_padding_last_edited=\u00bbon|tablet\u00bb hover_enabled=\u00bb0&#8243; box_shadow_style=\u00bbpreset2&#8243; url_new_window=\u00bbon\u00bb link_option_url_new_window=\u00bbon\u00bb sticky_enabled=\u00bb0&#8243;]<\/p>\n<h4>\u00a1S\u00edguenos en Twitter!<\/h4>\n<p>[\/et_pb_blurb][et_pb_blurb url=\u00bbhttps:\/\/www.linkedin.com\/company\/5065261\/\u00bb use_icon=\u00bbon\u00bb font_icon=\u00bb%%347%%\u00bb icon_color=\u00bb#FFFFFF\u00bb use_circle=\u00bbon\u00bb circle_color=\u00bb#00659D\u00bb _builder_version=\u00bb4.9.7&#8243; _module_preset=\u00bbdefault\u00bb header_text_align=\u00bbcenter\u00bb header_text_color=\u00bb#051B31&#8243; body_text_align=\u00bbcenter\u00bb body_text_color=\u00bb#00659D\u00bb background_color=\u00bbrgba(255,255,255,0.98)\u00bb text_orientation=\u00bbcenter\u00bb module_alignment=\u00bbcenter\u00bb custom_margin=\u00bb||||false|false\u00bb custom_padding=\u00bb5%|5%|5%|5%|true|true\u00bb custom_padding_tablet=\u00bb|5%||5%|true|true\u00bb custom_padding_phone=\u00bb|0%||0%|true|true\u00bb custom_padding_last_edited=\u00bbon|tablet\u00bb hover_enabled=\u00bb0&#8243; box_shadow_style=\u00bbpreset2&#8243; url_new_window=\u00bbon\u00bb link_option_url_new_window=\u00bbon\u00bb sticky_enabled=\u00bb0&#8243;]<\/p>\n<h4>\u00a1S\u00edguenos en LinkedIn!<\/h4>\n<p>[\/et_pb_blurb][et_pb_blurb url=\u00bbhttps:\/\/www.instagram.com\/nuranwireless\/\u00bb use_icon=\u00bbon\u00bb font_icon=\u00bb%%344%%\u00bb icon_color=\u00bb#FFFFFF\u00bb use_circle=\u00bbon\u00bb circle_color=\u00bb#00659D\u00bb _builder_version=\u00bb4.9.7&#8243; _module_preset=\u00bbdefault\u00bb header_text_align=\u00bbcenter\u00bb header_text_color=\u00bb#051B31&#8243; body_text_align=\u00bbcenter\u00bb body_text_color=\u00bb#00659D\u00bb background_color=\u00bbrgba(255,255,255,0.98)\u00bb text_orientation=\u00bbcenter\u00bb module_alignment=\u00bbcenter\u00bb custom_margin=\u00bb||||false|false\u00bb custom_padding=\u00bb5%|5%|5%|5%|true|true\u00bb custom_padding_tablet=\u00bb|5%||5%|true|true\u00bb custom_padding_phone=\u00bb|0%||0%|true|true\u00bb custom_padding_last_edited=\u00bbon|tablet\u00bb hover_enabled=\u00bb0&#8243; box_shadow_style=\u00bbpreset2&#8243; url_new_window=\u00bbon\u00bb link_option_url_new_window=\u00bbon\u00bb sticky_enabled=\u00bb0&#8243;]<\/p>\n<h4>\u00a1S\u00edguenos en Instagram!<\/h4>\n<p>[\/et_pb_blurb][et_pb_blurb url=\u00bbhttps:\/\/www.youtube.com\/channel\/UCQTAgWQtW_t1gewK9nzStiw\u00bb use_icon=\u00bbon\u00bb font_icon=\u00bb%%353%%\u00bb icon_color=\u00bb#FFFFFF\u00bb use_circle=\u00bbon\u00bb circle_color=\u00bb#00659D\u00bb _builder_version=\u00bb4.9.7&#8243; _module_preset=\u00bbdefault\u00bb header_text_align=\u00bbcenter\u00bb header_text_color=\u00bb#051B31&#8243; body_text_align=\u00bbcenter\u00bb body_text_color=\u00bb#00659D\u00bb background_color=\u00bbrgba(255,255,255,0.98)\u00bb text_orientation=\u00bbcenter\u00bb module_alignment=\u00bbcenter\u00bb custom_margin=\u00bb||||false|false\u00bb custom_padding=\u00bb5%|5%|5%|5%|true|true\u00bb custom_padding_tablet=\u00bb|5%||5%|true|true\u00bb custom_padding_phone=\u00bb|0%||0%|true|true\u00bb custom_padding_last_edited=\u00bbon|tablet\u00bb hover_enabled=\u00bb0&#8243; box_shadow_style=\u00bbpreset2&#8243; url_new_window=\u00bbon\u00bb link_option_url_new_window=\u00bbon\u00bb sticky_enabled=\u00bb0&#8243;]<\/p>\n<h4>\u00a1Vea nuestro canal de YouTube!<\/h4>\n<p>[\/et_pb_blurb][\/et_pb_column][\/et_pb_row][\/et_pb_section]<\/p>\n<span class=\"et_bloom_bottom_trigger\"><\/span>","protected":false},"excerpt":{"rendered":"<p>ContactoNo dude en contactarnos si tiene preguntas sobre nuestros servicios m\u00f3viles y de telecomunicaciones y nuestras soluciones de redes inal\u00e1mbricas.info@nuranwireless.com Para m\u00e1s informaci\u00f3n, escr\u00edbanos y ser\u00e1 un placer responderle.\u00a1S\u00edguenos en [&hellip;]<\/p>\n","protected":false},"author":3,"featured_media":0,"parent":0,"menu_order":0,"comment_status":"closed","ping_status":"closed","template":"","meta":{"_et_pb_use_builder":"on","_et_pb_old_content":"","_et_gb_content_width":"","footnotes":""},"class_list":["post-33739","page","type-page","status-publish","hentry"],"_links":{"self":[{"href":"https:\/\/nuranwireless.com\/es\/wp-json\/wp\/v2\/pages\/33739","targetHints":{"allow":["GET"]}}],"collection":[{"href":"https:\/\/nuranwireless.com\/es\/wp-json\/wp\/v2\/pages"}],"about":[{"href":"https:\/\/nuranwireless.com\/es\/wp-json\/wp\/v2\/types\/page"}],"author":[{"embeddable":true,"href":"https:\/\/nuranwireless.com\/es\/wp-json\/wp\/v2\/users\/3"}],"replies":[{"embeddable":true,"href":"https:\/\/nuranwireless.com\/es\/wp-json\/wp\/v2\/comments?post=33739"}],"version-history":[{"count":3,"href":"https:\/\/nuranwireless.com\/es\/wp-json\/wp\/v2\/pages\/33739\/revisions"}],"predecessor-version":[{"id":33859,"href":"https:\/\/nuranwireless.com\/es\/wp-json\/wp\/v2\/pages\/33739\/revisions\/33859"}],"wp:attachment":[{"href":"https:\/\/nuranwireless.com\/es\/wp-json\/wp\/v2\/media?parent=33739"}],"curies":[{"name":"wp","href":"https:\/\/api.w.org\/{rel}","templated":true}]}}