{"id":33736,"date":"2021-09-08T09:43:17","date_gmt":"2021-09-08T13:43:17","guid":{"rendered":"https:\/\/nuranwireless.com\/acerca-de\/"},"modified":"2024-03-21T10:02:03","modified_gmt":"2024-03-21T14:02:03","slug":"acerca-de","status":"publish","type":"page","link":"https:\/\/nuranwireless.com\/es\/acerca-de\/","title":{"rendered":"Acerca de"},"content":{"rendered":"<p>[et_pb_section fb_built=\u00bb1&#8243; admin_label=\u00bbHeader\u00bb _builder_version=\u00bb4.8.1&#8243; background_color=\u00bbrgba(5,27,49,0.87)\u00bb background_image=\u00bbhttp:\/\/nuranwireless.com\/wp-content\/uploads\/2021\/01\/AdobeStock_196435727.jpeg\u00bb background_blend=\u00bbsoft-light\u00bb height=\u00bb90%\u00bb custom_margin=\u00bb||||false|false\u00bb custom_padding=\u00bb||100px||false|false\u00bb bottom_divider_flip=\u00bbhorizontal\u00bb bottom_divider_arrangement=\u00bbabove_content\u00bb global_colors_info=\u00bb{}\u00bb][et_pb_row _builder_version=\u00bb4.8.1&#8243; _module_preset=\u00bbdefault\u00bb background_color=\u00bbrgba(5,27,49,0.75)\u00bb width=\u00bb100%\u00bb max_width=\u00bb2560px\u00bb module_alignment=\u00bbcenter\u00bb custom_margin=\u00bb||||true|true\u00bb custom_padding=\u00bb4vw||4vw||true|true\u00bb global_colors_info=\u00bb{}\u00bb][et_pb_column type=\u00bb4_4&#8243; _builder_version=\u00bb4.7.7&#8243; _module_preset=\u00bbdefault\u00bb global_colors_info=\u00bb{}\u00bb][et_pb_text content_tablet=\u00bb<\/p>\n<h1>Una empresa de telecomunicaciones especializada en cobertura de redes inal\u00e1mbricas rurales<\/h1>\n<p>\u00bb content_phone=\u00bb<\/p>\n<h1>Una empresa de telecomunicaciones especializada en cobertura de redes inal\u00e1mbricas rurales<\/h1>\n<p>\u00bb content_last_edited=\u00bbon|phone\u00bb _builder_version=\u00bb4.9.2&#8243; _module_preset=\u00bbdefault\u00bb header_font_size=\u00bb5rem\u00bb header_line_height=\u00bb5rem\u00bb header_2_font=\u00bbBebas Neue|||on|||||\u00bb header_2_text_align=\u00bbcenter\u00bb header_2_text_color=\u00bb#ffffff\u00bb header_2_font_size=\u00bb13rem\u00bb header_2_letter_spacing=\u00bb10px\u00bb header_2_line_height=\u00bb9rem\u00bb header_4_font=\u00bbBebas Neue||||||||\u00bb header_4_text_color=\u00bb#ffffff\u00bb header_4_font_size=\u00bb2rem\u00bb text_orientation=\u00bbcenter\u00bb background_layout=\u00bbdark\u00bb max_width=\u00bb1080px\u00bb max_width_tablet=\u00bb80%\u00bb max_width_phone=\u00bb90%\u00bb max_width_last_edited=\u00bbon|phone\u00bb module_alignment=\u00bbcenter\u00bb text_font_size_tablet=\u00bb\u00bb text_font_size_phone=\u00bb\u00bb text_font_size_last_edited=\u00bbon|desktop\u00bb header_font_size_tablet=\u00bb4rem\u00bb header_font_size_phone=\u00bb1rem\u00bb header_font_size_last_edited=\u00bbon|phone\u00bb header_line_height_tablet=\u00bb1em\u00bb header_line_height_phone=\u00bb1em\u00bb header_line_height_last_edited=\u00bbon|phone\u00bb header_2_font_size_tablet=\u00bb9rem\u00bb header_2_font_size_phone=\u00bb3rem\u00bb header_2_font_size_last_edited=\u00bbon|tablet\u00bb global_colors_info=\u00bb{}\u00bb]<\/p>\n<h1>Una empresa de telecomunicaciones especializada en cobertura de redes inal\u00e1mbricas rurales<\/h1>\n<p>[\/et_pb_text][\/et_pb_column][\/et_pb_row][\/et_pb_section][et_pb_section fb_built=\u00bb1&#8243; _builder_version=\u00bb4.8.1&#8243; _module_preset=\u00bbdefault\u00bb background_color=\u00bb#0c1830&#8243; background_image=\u00bbhttp:\/\/nuranwireless.com\/wp-content\/uploads\/2021\/01\/AdobeStock_240213482-RSZD.jpg\u00bb background_position=\u00bbtop_center\u00bb background_blend=\u00bbluminosity\u00bb custom_padding=\u00bb||90px||false|false\u00bb top_divider_style=\u00bbslant2&#8243; top_divider_color=\u00bbrgba(0,18,33,0.96)\u00bb bottom_divider_style=\u00bbslant2&#8243; bottom_divider_color=\u00bbrgba(0,11,25,0.96)\u00bb global_colors_info=\u00bb{}\u00bb][et_pb_row _builder_version=\u00bb4.8.1&#8243; _module_preset=\u00bbdefault\u00bb custom_padding=\u00bb1%|2%|1%|2%|true|true\u00bb global_colors_info=\u00bb{}\u00bb][et_pb_column type=\u00bb4_4&#8243; _builder_version=\u00bb4.8.1&#8243; _module_preset=\u00bbdefault\u00bb global_colors_info=\u00bb{}\u00bb][et_pb_text _builder_version=\u00bb4.9.2&#8243; _module_preset=\u00bbdefault\u00bb text_text_color=\u00bb#051B31&#8243; header_text_color=\u00bb#051B31&#8243; header_2_text_color=\u00bb#00659D\u00bb header_2_font_size=\u00bb3rem\u00bb header_3_text_color=\u00bb#00659D\u00bb header_2_font_size_tablet=\u00bb3rem\u00bb header_2_font_size_phone=\u00bb2rem\u00bb header_2_font_size_last_edited=\u00bbon|phone\u00bb global_colors_info=\u00bb{}\u00bb]<\/p>\n<h2>Acerca de NuRAN Wireless<\/h2>\n<p>NuRAN Wireless es una empresa especializada en telecomunicaciones que satisface la creciente demanda de cobertura de redes inal\u00e1mbricas de pa\u00edses y regiones remotos. Con sus asequibles e innovadoras soluciones de tecnolog\u00edas 2G, 3G y 4G, NuRAN Wireless ofrece una nueva posibilidad para que m\u00e1s de mil millones de personas puedan comunicarse de manera efectiva a largas distancias. Tras haber sido conocida por diferentes nombres, es gracias a su resistencia, sus nobles valores y un equipo apasionado que NuRAN Wireless puede seguir persiguiendo un objetivo inspirador para servir a una causa m\u00e1s grande que ella misma: \u00abReducir la brecha digital, una conexi\u00f3n cada vez\u00bb.<\/p>\n<p>[\/et_pb_text][\/et_pb_column][\/et_pb_row][\/et_pb_section][et_pb_section fb_built=\u00bb1&#8243; _builder_version=\u00bb4.8.1&#8243; _module_preset=\u00bbdefault\u00bb background_color=\u00bb#051B31&#8243; background_image=\u00bbhttp:\/\/nuranwireless.com\/wp-content\/uploads\/2021\/01\/AdobeStock_240213482-RSZD.jpg\u00bb background_position=\u00bbtop_center\u00bb background_blend=\u00bbcolor-burn\u00bb global_colors_info=\u00bb{}\u00bb][et_pb_row _builder_version=\u00bb4.8.1&#8243; _module_preset=\u00bbdefault\u00bb custom_padding=\u00bb1%|2%|1%|2%|true|true\u00bb global_colors_info=\u00bb{}\u00bb][et_pb_column type=\u00bb4_4&#8243; _builder_version=\u00bb4.8.1&#8243; _module_preset=\u00bbdefault\u00bb global_colors_info=\u00bb{}\u00bb][et_pb_text _builder_version=\u00bb4.9.2&#8243; _module_preset=\u00bbdefault\u00bb text_text_color=\u00bbrgba(255,255,255,0.7)\u00bb header_text_color=\u00bb#FFFFFF\u00bb header_2_text_color=\u00bb#00659D\u00bb header_2_font_size=\u00bb3rem\u00bb header_3_text_color=\u00bb#00659D\u00bb background_layout=\u00bbdark\u00bb header_2_font_size_tablet=\u00bb3rem\u00bb header_2_font_size_phone=\u00bb2rem\u00bb header_2_font_size_last_edited=\u00bbon|phone\u00bb global_colors_info=\u00bb{}\u00bb]<\/p>\n<h2>Nuestra visi\u00f3n sobre la conectividad rural<\/h2>\n<p>Ahora m\u00e1s que nunca, las personas tienen una necesidad creciente de estar conectadas a una amplia red que les brinde una ventana al mundo exterior y una conexi\u00f3n con quienes los rodean. En NuRAN Wireless, ofrecemos a millones de personas en pa\u00edses en desarrollo una posibilidad universal: conectarse a una red global y comunicarse a largas distancias de manera eficiente y asequible. Por lo tanto, nuestras soluciones innovadoras, compactas y adaptadas para las regiones rurales permitir\u00e1n que todos est\u00e9n conectados y en contacto con sus familias, amigos y seres queridos.<\/p>\n<p>[\/et_pb_text][\/et_pb_column][\/et_pb_row][\/et_pb_section][et_pb_section fb_built=\u00bb1&#8243; _builder_version=\u00bb4.8.1&#8243; _module_preset=\u00bbdefault\u00bb background_color=\u00bb#051B31&#8243; background_image=\u00bbhttp:\/\/nuranwireless.com\/wp-content\/uploads\/2021\/01\/AdobeStock_240213482-RSZD.jpg\u00bb background_blend=\u00bboverlay\u00bb top_divider_style=\u00bbslant2&#8243; top_divider_color=\u00bbrgba(0,15,30,0.79)\u00bb top_divider_color_last_edited=\u00bboff|desktop\u00bb global_colors_info=\u00bb{}\u00bb][et_pb_row _builder_version=\u00bb4.8.1&#8243; _module_preset=\u00bbdefault\u00bb custom_padding=\u00bb1%|2%|1%|2%|true|true\u00bb global_colors_info=\u00bb{}\u00bb][et_pb_column type=\u00bb4_4&#8243; _builder_version=\u00bb4.8.1&#8243; _module_preset=\u00bbdefault\u00bb global_colors_info=\u00bb{}\u00bb][et_pb_text _builder_version=\u00bb4.9.2&#8243; _module_preset=\u00bbdefault\u00bb text_text_color=\u00bbrgba(255,255,255,0.7)\u00bb header_text_color=\u00bb#00659D\u00bb header_2_font_size=\u00bb3rem\u00bb header_3_text_color=\u00bb#FFFFFF\u00bb background_layout=\u00bbdark\u00bb header_2_font_size_tablet=\u00bb3rem\u00bb header_2_font_size_phone=\u00bb2rem\u00bb header_2_font_size_last_edited=\u00bbon|phone\u00bb global_colors_info=\u00bb{}\u00bb]<\/p>\n<h2>Conectar personas en \u00e1reas remotas a una red inal\u00e1mbrica confiable: nuestra misi\u00f3n<\/h2>\n<p>Conectar a miles de millones de personas en regiones rurales y remotas a una red inal\u00e1mbrica r\u00e1pida, confiable y expansiva a trav\u00e9s de soluciones innovadoras y asequibles.<\/p>\n<p>\u00abReducir la brecha digital, una conexi\u00f3n a la vez. \u00bb<\/p>\n<p>[\/et_pb_text][\/et_pb_column][\/et_pb_row][\/et_pb_section]<\/p>\n<span class=\"et_bloom_bottom_trigger\"><\/span>","protected":false},"excerpt":{"rendered":"<p>Una empresa de telecomunicaciones especializada en cobertura de redes inal\u00e1mbricas ruralesAcerca de NuRAN Wireless NuRAN Wireless es una empresa especializada en telecomunicaciones que satisface la creciente demanda de cobertura de [&hellip;]<\/p>\n","protected":false},"author":3,"featured_media":0,"parent":0,"menu_order":0,"comment_status":"closed","ping_status":"closed","template":"","meta":{"_et_pb_use_builder":"on","_et_pb_old_content":"","_et_gb_content_width":"","footnotes":""},"class_list":["post-33736","page","type-page","status-publish","hentry"],"_links":{"self":[{"href":"https:\/\/nuranwireless.com\/es\/wp-json\/wp\/v2\/pages\/33736","targetHints":{"allow":["GET"]}}],"collection":[{"href":"https:\/\/nuranwireless.com\/es\/wp-json\/wp\/v2\/pages"}],"about":[{"href":"https:\/\/nuranwireless.com\/es\/wp-json\/wp\/v2\/types\/page"}],"author":[{"embeddable":true,"href":"https:\/\/nuranwireless.com\/es\/wp-json\/wp\/v2\/users\/3"}],"replies":[{"embeddable":true,"href":"https:\/\/nuranwireless.com\/es\/wp-json\/wp\/v2\/comments?post=33736"}],"version-history":[{"count":4,"href":"https:\/\/nuranwireless.com\/es\/wp-json\/wp\/v2\/pages\/33736\/revisions"}],"predecessor-version":[{"id":237584,"href":"https:\/\/nuranwireless.com\/es\/wp-json\/wp\/v2\/pages\/33736\/revisions\/237584"}],"wp:attachment":[{"href":"https:\/\/nuranwireless.com\/es\/wp-json\/wp\/v2\/media?parent=33736"}],"curies":[{"name":"wp","href":"https:\/\/api.w.org\/{rel}","templated":true}]}}