{"id":33712,"date":"2021-09-08T09:30:14","date_gmt":"2021-09-08T13:30:14","guid":{"rendered":"https:\/\/nuranwireless.com\/litecell-xg\/"},"modified":"2022-10-11T08:43:12","modified_gmt":"2022-10-11T12:43:12","slug":"litecell-xg","status":"publish","type":"page","link":"https:\/\/nuranwireless.com\/es\/litecell-xg\/","title":{"rendered":"Litecell-xG"},"content":{"rendered":"<p>[et_pb_section fb_built=\u00bb1&#8243; admin_label=\u00bbFeatures\u00bb module_id=\u00bbmis-part\u00edculas\u00bb _builder_version=\u00bb4.14.7&#8243; background_enable_color=\u00bboff\u00bb background_image=\u00bbhttp:\/\/nuranwireless.com\/wp-content\/uploads\/2021\/06\/litecell-xg-1.jpg\u00bb background_position=\u00bbtop_center\u00bb background_blend=\u00bbmultiply\u00bb custom_margin=\u00bb0px||0px||true|false\u00bb custom_padding=\u00bb0px||0px||false|false\u00bb hover_enabled=\u00bb0&#8243; global_colors_info=\u00bb{}\u00bb title_text=\u00bbproduct video_1&#8243; background_video_mp4=\u00bbhttps:\/\/nuranwireless.com\/wp-content\/uploads\/2022\/08\/product-video_1.mp4&#8243; sticky_enabled=\u00bb0&#8243; da_is_popup=\u00bboff\u00bb da_exit_intent=\u00bboff\u00bb da_has_close=\u00bbon\u00bb da_alt_close=\u00bboff\u00bb da_dark_close=\u00bboff\u00bb da_not_modal=\u00bbon\u00bb da_is_singular=\u00bboff\u00bb da_with_loader=\u00bboff\u00bb da_has_shadow=\u00bbon\u00bb da_disable_devices=\u00bboff|off|off\u00bb][et_pb_row column_structure=\u00bb1_2,1_2&#8243; make_equal=\u00bbon\u00bb _builder_version=\u00bb4.9.7&#8243; _module_preset=\u00bbdefault\u00bb max_width=\u00bb2560px\u00bb module_alignment=\u00bbcenter\u00bb custom_margin=\u00bb||||false|false\u00bb custom_padding=\u00bb141px||141px||true|false\u00bb custom_css_main_element=\u00bbalign-items: center;\u00bb global_colors_info=\u00bb{}\u00bb][et_pb_column type=\u00bb1_2&#8243; _builder_version=\u00bb4.8.0&#8243; _module_preset=\u00bbdefault\u00bb global_colors_info=\u00bb{}\u00bb][et_pb_text _builder_version=\u00bb4.14.7&#8243; _module_preset=\u00bbdefault\u00bb text_text_color=\u00bb#FFFFFF\u00bb header_font=\u00bb|300|||||||\u00bb header_text_align=\u00bbleft\u00bb header_text_color=\u00bb#FFFFFF\u00bb header_font_size=\u00bb7rem\u00bb header_2_text_color=\u00bb#FFFFFF\u00bb header_2_font_size=\u00bb3rem\u00bb header_3_text_color=\u00bb#00659D\u00bb background_layout=\u00bbdark\u00bb custom_padding=\u00bb||30px||false|false\u00bb hover_enabled=\u00bb0&#8243; header_text_align_tablet=\u00bbleft\u00bb header_text_align_phone=\u00bbleft\u00bb header_text_align_last_edited=\u00bbon|desktop\u00bb header_font_size_tablet=\u00bb\u00bb header_font_size_phone=\u00bb\u00bb header_font_size_last_edited=\u00bbon|tablet\u00bb header_3_font_size_tablet=\u00bb\u00bb header_3_font_size_phone=\u00bb38px\u00bb header_3_font_size_last_edited=\u00bbon|phone\u00bb global_colors_info=\u00bb{}\u00bb background_enable_color=\u00bboff\u00bb use_background_color_gradient=\u00bbon\u00bb background_color_gradient_start=\u00bb#3b4250&#8243; background_color_gradient_end=\u00bbrgba(255,255,255,0)\u00bb sticky_enabled=\u00bb0&#8243; custom_margin=\u00bb||137px|||\u00bb min_height=\u00bb358.2px\u00bb]<\/p>\n<h1>Litecell-XG<\/h1>\n<h2>Estaci\u00f3n base 2G, 3G, 4G (LTE)<\/h2>\n<p>Litecell xG es una estaci\u00f3n base multiest\u00e1ndar 2G, 3G, 4G (LTE), todo dentro de una sola unidad. Los operadores de redes m\u00f3viles pueden maximizar su retorno de la inversi\u00f3n al proporcionar servicios evolutivos sin interrupciones desde 2G hasta 5G a sus suscriptores gracias a LiteCell xG, definido por software y de m\u00faltiples est\u00e1ndares y preparado para el futuro.<\/p>\n<p>[\/et_pb_text][\/et_pb_column][et_pb_column type=\u00bb1_2&#8243; _builder_version=\u00bb4.8.0&#8243; _module_preset=\u00bbdefault\u00bb global_colors_info=\u00bb{}\u00bb][\/et_pb_column][\/et_pb_row][\/et_pb_section][et_pb_section fb_built=\u00bb1&#8243; admin_label=\u00bbFeatures\u00bb module_id=\u00bbmis-part\u00edculas2&#8243; _builder_version=\u00bb4.9.7&#8243; background_enable_color=\u00bboff\u00bb background_image=\u00bbhttp:\/\/nuranwireless.com\/wp-content\/uploads\/2021\/06\/litecell-xg-1.jpg\u00bb background_position=\u00bbtop_center\u00bb background_blend=\u00bbmultiply\u00bb custom_margin=\u00bb0px||0px||true|false\u00bb custom_padding=\u00bb0px||0px||false|false\u00bb custom_css_main_element=\u00bbalign-items:flex-end;\u00bb box_shadow_style=\u00bbpreset1&#8243; global_colors_info=\u00bb{}\u00bb da_is_popup=\u00bboff\u00bb da_exit_intent=\u00bboff\u00bb da_has_close=\u00bbon\u00bb da_alt_close=\u00bboff\u00bb da_dark_close=\u00bboff\u00bb da_not_modal=\u00bbon\u00bb da_is_singular=\u00bboff\u00bb da_with_loader=\u00bboff\u00bb da_has_shadow=\u00bbon\u00bb da_disable_devices=\u00bboff|off|off\u00bb][et_pb_row column_structure=\u00bb1_2,1_2&#8243; use_custom_gutter=\u00bbon\u00bb gutter_width=\u00bb2&#8243; make_equal=\u00bbon\u00bb _builder_version=\u00bb4.9.7&#8243; _module_preset=\u00bbdefault\u00bb module_alignment=\u00bbcenter\u00bb global_colors_info=\u00bb{}\u00bb][et_pb_column type=\u00bb1_2&#8243; _builder_version=\u00bb4.8.1&#8243; _module_preset=\u00bbdefault\u00bb global_colors_info=\u00bb{}\u00bb][et_pb_text _builder_version=\u00bb4.9.7&#8243; _module_preset=\u00bbdefault\u00bb text_text_color=\u00bb#FFFFFF\u00bb header_text_color=\u00bb#051B31&#8243; header_3_text_color=\u00bb#FFFFFF\u00bb background_layout=\u00bbdark\u00bb custom_margin=\u00bb||75px||false|false\u00bb custom_padding=\u00bb|||30px|false|false\u00bb header_3_font_size_tablet=\u00bb\u00bb header_3_font_size_phone=\u00bb38px\u00bb header_3_font_size_last_edited=\u00bbon|phone\u00bb border_width_left=\u00bb2px\u00bb border_color_left=\u00bb#FFFFFF\u00bb global_colors_info=\u00bb{}\u00bb]<\/p>\n<h3>Optimizaci\u00f3n del ancho de banda de backhaul<\/h3>\n<p class=\"bullet\"><i class=\"fas fa-check-circle\"><\/i> Funciones de optimizaci\u00f3n de voz patentadas<\/p>\n<p class=\"bullet\"><i class=\"fas fa-check-circle\"><\/i> Funciones de optimizaci\u00f3n de ps patentadas<\/p>\n<p class=\"bullet\"><i class=\"fas fa-check-circle\"><\/i> Backhaul agn\u00f3stico<\/p>\n<p>[\/et_pb_text][et_pb_text _builder_version=\u00bb4.9.7&#8243; _module_preset=\u00bbdefault\u00bb text_text_color=\u00bb#FFFFFF\u00bb header_text_color=\u00bb#051B31&#8243; header_3_text_color=\u00bb#FFFFFF\u00bb background_layout=\u00bbdark\u00bb custom_margin=\u00bb||30px||false|false\u00bb custom_padding=\u00bb|||30px|false|false\u00bb header_3_font_size_tablet=\u00bb\u00bb header_3_font_size_phone=\u00bb38px\u00bb header_3_font_size_last_edited=\u00bbon|phone\u00bb border_width_left=\u00bb2px\u00bb border_color_left=\u00bb#FFFFFF\u00bb global_colors_info=\u00bb{}\u00bb]<\/p>\n<h3>Constru\u00eddo para perdurar<\/h3>\n<p class=\"bullet\"><i class=\"fas fa-check-circle\"><\/i> Dise\u00f1o de hardware robusto<\/p>\n<p class=\"bullet\"><i class=\"fas fa-check-circle\"><\/i> Arquitectura de procesador x86 flexible<\/p>\n<p class=\"bullet\"><i class=\"fas fa-check-circle\"><\/i> Dise\u00f1o de sistema operativo extremadamente confiable<\/p>\n<p class=\"bullet\"><i class=\"fas fa-check-circle\"><\/i> Actualizaciones de software remotas<\/p>\n<p>[\/et_pb_text][\/et_pb_column][et_pb_column type=\u00bb1_2&#8243; _builder_version=\u00bb4.8.1&#8243; _module_preset=\u00bbdefault\u00bb background_enable_color=\u00bboff\u00bb global_colors_info=\u00bb{}\u00bb][et_pb_text _builder_version=\u00bb4.9.7&#8243; _module_preset=\u00bbdefault\u00bb text_text_color=\u00bb#FFFFFF\u00bb header_text_color=\u00bb#051B31&#8243; header_3_text_color=\u00bb#FFFFFF\u00bb background_layout=\u00bbdark\u00bb custom_margin=\u00bb||30px||false|false\u00bb custom_padding=\u00bb|||30px|false|false\u00bb header_3_font_size_tablet=\u00bb\u00bb header_3_font_size_phone=\u00bb38px\u00bb header_3_font_size_last_edited=\u00bbon|phone\u00bb border_width_left=\u00bb2px\u00bb border_color_left=\u00bb#FFFFFF\u00bb global_colors_info=\u00bb{}\u00bb]<\/p>\n<h3>Bajo consumo de energ\u00eda<\/h3>\n<p class=\"bullet\"><i class=\"fas fa-check-circle\"><\/i> Componentes energ\u00e9ticamente eficientes<\/p>\n<p class=\"bullet\"><i class=\"fas fa-check-circle\"><\/i> Funciones inteligentes de ahorro de energ\u00eda<\/p>\n<p>[\/et_pb_text][et_pb_text _builder_version=\u00bb4.9.7&#8243; _module_preset=\u00bbdefault\u00bb text_text_color=\u00bb#FFFFFF\u00bb header_text_color=\u00bb#051B31&#8243; header_3_text_color=\u00bb#FFFFFF\u00bb background_layout=\u00bbdark\u00bb custom_margin=\u00bb||30px||false|false\u00bb custom_padding=\u00bb|||30px|false|false\u00bb header_3_font_size_tablet=\u00bb\u00bb header_3_font_size_phone=\u00bb38px\u00bb header_3_font_size_last_edited=\u00bbon|phone\u00bb border_width_left=\u00bb2px\u00bb border_color_left=\u00bb#FFFFFF\u00bb global_colors_info=\u00bb{}\u00bb]<\/p>\n<h3>Multi-RAT<\/h3>\n<p class=\"bullet\"><i class=\"fas fa-check-circle\"><\/i> Combinaci\u00f3n de tecnolog\u00eda flexible<\/p>\n<p class=\"bullet\"><i class=\"fas fa-check-circle\"><\/i> Modo de funcionamiento configurable de forma remota<\/p>\n<p class=\"bullet\"><i class=\"fas fa-check-circle\"><\/i> Preparado para el futuro: compatible con 5G<\/p>\n<p>[\/et_pb_text][et_pb_text _builder_version=\u00bb4.9.7&#8243; _module_preset=\u00bbdefault\u00bb text_text_color=\u00bb#FFFFFF\u00bb header_text_color=\u00bb#051B31&#8243; header_3_text_color=\u00bb#FFFFFF\u00bb background_layout=\u00bbdark\u00bb custom_margin=\u00bb||30px||false|false\u00bb custom_padding=\u00bb|||30px|false|false\u00bb header_3_font_size_tablet=\u00bb\u00bb header_3_font_size_phone=\u00bb38px\u00bb header_3_font_size_last_edited=\u00bbon|phone\u00bb border_width_left=\u00bb2px\u00bb border_color_left=\u00bb#FFFFFF\u00bb global_colors_info=\u00bb{}\u00bb]<\/p>\n<h3>TCO m\u00e1s bajo<\/h3>\n<p class=\"bullet\"><i class=\"fas fa-check-circle\"><\/i> F\u00e1cil de implementar y administrar<\/p>\n<p class=\"bullet\"><i class=\"fas fa-check-circle\"><\/i> Componentes HW listos para usar \/ comercializados \/ f\u00e1cilmente disponibles<\/p>\n<p>[\/et_pb_text][\/et_pb_column][\/et_pb_row][\/et_pb_section][et_pb_section fb_built=\u00bb1&#8243; admin_label=\u00bbFeatures\u00bb _builder_version=\u00bb4.9.7&#8243; background_enable_color=\u00bboff\u00bb background_image=\u00bbhttp:\/\/nuranwireless.com\/wp-content\/uploads\/2021\/06\/BG-xG-Promo-David-Parsons.jpg\u00bb background_size=\u00bbinitial\u00bb background_position=\u00bbtop_center\u00bb background_repeat=\u00bbrepeat\u00bb background_blend=\u00bbmultiply\u00bb custom_margin=\u00bb0px||0px||true|false\u00bb custom_padding=\u00bb0px||0px||false|false\u00bb top_divider_color=\u00bbRGBA(0,0,0,0)\u00bb box_shadow_style=\u00bbpreset1&#8243; global_colors_info=\u00bb{}\u00bb da_is_popup=\u00bboff\u00bb da_exit_intent=\u00bboff\u00bb da_has_close=\u00bbon\u00bb da_alt_close=\u00bboff\u00bb da_dark_close=\u00bboff\u00bb da_not_modal=\u00bbon\u00bb da_is_singular=\u00bboff\u00bb da_with_loader=\u00bboff\u00bb da_has_shadow=\u00bbon\u00bb da_disable_devices=\u00bboff|off|off\u00bb][et_pb_row _builder_version=\u00bb4.9.7&#8243; _module_preset=\u00bbdefault\u00bb custom_padding=\u00bb50px||50px||true|\u00bb global_colors_info=\u00bb{}\u00bb][et_pb_column type=\u00bb4_4&#8243; _builder_version=\u00bb4.9.7&#8243; _module_preset=\u00bbdefault\u00bb global_colors_info=\u00bb{}\u00bb][et_pb_video src=\u00bbhttp:\/\/nuranwireless.com\/wp-content\/uploads\/2021\/06\/xG-Promo-David-Parsons.mov\u00bb image_src=\u00bbhttps:\/\/nuranwireless.com\/wp-content\/uploads\/2021\/06\/xG-Promo-David-Parsons.jpg\u00bb play_icon_color=\u00bb#FFFFFF\u00bb use_icon_font_size=\u00bbon\u00bb icon_font_size=\u00bb150px\u00bb thumbnail_overlay_color=\u00bbrgba(59,66,80,0.75)\u00bb _builder_version=\u00bb4.9.7&#8243; _module_preset=\u00bbdefault\u00bb custom_margin=\u00bb0px||0px||false|false\u00bb custom_padding=\u00bb0px||0px||false|false\u00bb border_width_all=\u00bb5px\u00bb border_color_all=\u00bb#3B4250&#8243; box_shadow_style=\u00bbpreset1&#8243; global_colors_info=\u00bb{}\u00bb][\/et_pb_video][\/et_pb_column][\/et_pb_row][\/et_pb_section]<\/p>\n<span class=\"et_bloom_bottom_trigger\"><\/span>","protected":false},"excerpt":{"rendered":"<p>Litecell-XG Estaci\u00f3n base 2G, 3G, 4G (LTE) Litecell xG es una estaci\u00f3n base multiest\u00e1ndar 2G, 3G, 4G (LTE), todo dentro de una sola unidad. Los operadores de redes m\u00f3viles pueden [&hellip;]<\/p>\n","protected":false},"author":3,"featured_media":0,"parent":0,"menu_order":0,"comment_status":"closed","ping_status":"closed","template":"","meta":{"_et_pb_use_builder":"on","_et_pb_old_content":"","_et_gb_content_width":"","footnotes":""},"class_list":["post-33712","page","type-page","status-publish","hentry"],"_links":{"self":[{"href":"https:\/\/nuranwireless.com\/es\/wp-json\/wp\/v2\/pages\/33712","targetHints":{"allow":["GET"]}}],"collection":[{"href":"https:\/\/nuranwireless.com\/es\/wp-json\/wp\/v2\/pages"}],"about":[{"href":"https:\/\/nuranwireless.com\/es\/wp-json\/wp\/v2\/types\/page"}],"author":[{"embeddable":true,"href":"https:\/\/nuranwireless.com\/es\/wp-json\/wp\/v2\/users\/3"}],"replies":[{"embeddable":true,"href":"https:\/\/nuranwireless.com\/es\/wp-json\/wp\/v2\/comments?post=33712"}],"version-history":[{"count":12,"href":"https:\/\/nuranwireless.com\/es\/wp-json\/wp\/v2\/pages\/33712\/revisions"}],"predecessor-version":[{"id":235886,"href":"https:\/\/nuranwireless.com\/es\/wp-json\/wp\/v2\/pages\/33712\/revisions\/235886"}],"wp:attachment":[{"href":"https:\/\/nuranwireless.com\/es\/wp-json\/wp\/v2\/media?parent=33712"}],"curies":[{"name":"wp","href":"https:\/\/api.w.org\/{rel}","templated":true}]}}