{"id":33709,"date":"2021-09-08T09:10:02","date_gmt":"2021-09-08T13:10:02","guid":{"rendered":"https:\/\/nuranwireless.com\/gsm-litecell\/"},"modified":"2024-10-29T10:58:27","modified_gmt":"2024-10-29T14:58:27","slug":"gsm-litecell","status":"publish","type":"page","link":"https:\/\/nuranwireless.com\/es\/gsm-litecell\/","title":{"rendered":"GSM LiteCell"},"content":{"rendered":"<p>[et_pb_section fb_built=\u00bb1&#8243; admin_label=\u00bbHeader\u00bb _builder_version=\u00bb4.16&#8243; background_color=\u00bbrgba(5,27,49,0.87)\u00bb background_image=\u00bbhttps:\/\/nuranwireless.com\/wp-content\/uploads\/2021\/01\/AdobeStock_203669387_Preview.jpeg\u00bb background_position=\u00bbtop_left\u00bb background_blend=\u00bbmultiply\u00bb max_height=\u00bb4%\u00bb custom_margin=\u00bb||||false|false\u00bb custom_padding=\u00bb3%||0%||false|false\u00bb da_disable_devices=\u00bboff|off|off\u00bb global_colors_info=\u00bb{}\u00bb da_is_popup=\u00bboff\u00bb da_exit_intent=\u00bboff\u00bb da_has_close=\u00bbon\u00bb da_alt_close=\u00bboff\u00bb da_dark_close=\u00bboff\u00bb da_not_modal=\u00bbon\u00bb da_is_singular=\u00bboff\u00bb da_with_loader=\u00bboff\u00bb da_has_shadow=\u00bbon\u00bb][et_pb_row _builder_version=\u00bb4.16&#8243; _module_preset=\u00bbdefault\u00bb background_color=\u00bbrgba(5,27,49,0.75)\u00bb width=\u00bb100%\u00bb max_width=\u00bb2560px\u00bb module_alignment=\u00bbcenter\u00bb custom_margin=\u00bb||||true|true\u00bb custom_padding=\u00bb2vw||2vw||true|true\u00bb global_colors_info=\u00bb{}\u00bb][et_pb_column type=\u00bb4_4&#8243; _builder_version=\u00bb4.16&#8243; _module_preset=\u00bbdefault\u00bb global_colors_info=\u00bb{}\u00bb][et_pb_text _builder_version=\u00bb4.16&#8243; _module_preset=\u00bbdefault\u00bb header_font_size=\u00bb9rem\u00bb header_2_font=\u00bbBebas Neue|||on|||||\u00bb header_2_text_align=\u00bbcenter\u00bb header_2_text_color=\u00bb#ffffff\u00bb header_2_font_size=\u00bb13rem\u00bb header_2_letter_spacing=\u00bb10px\u00bb header_2_line_height=\u00bb9rem\u00bb header_4_font=\u00bbBebas Neue||||||||\u00bb header_4_text_color=\u00bb#ffffff\u00bb header_4_font_size=\u00bb2rem\u00bb text_orientation=\u00bbcenter\u00bb background_layout=\u00bbdark\u00bb max_width=\u00bb1080px\u00bb module_alignment=\u00bbcenter\u00bb custom_padding=\u00bb||||false|false\u00bb header_font_size_tablet=\u00bb\u00bb header_font_size_phone=\u00bb54px\u00bb header_font_size_last_edited=\u00bbon|phone\u00bb header_2_font_size_tablet=\u00bb9rem\u00bb header_2_font_size_phone=\u00bb3rem\u00bb header_2_font_size_last_edited=\u00bbon|tablet\u00bb global_colors_info=\u00bb{}\u00bb]<\/p>\n<h1>GSM LiteCell<\/h1>\n<p>[\/et_pb_text][\/et_pb_column][\/et_pb_row][et_pb_row _builder_version=\u00bb4.16&#8243; _module_preset=\u00bbdefault\u00bb custom_padding=\u00bb0px||||false|false\u00bb global_colors_info=\u00bb{}\u00bb][et_pb_column type=\u00bb4_4&#8243; _builder_version=\u00bb4.16&#8243; _module_preset=\u00bbdefault\u00bb global_colors_info=\u00bb{}\u00bb][et_pb_text _builder_version=\u00bb4.16&#8243; _module_preset=\u00bbdefault\u00bb header_2_text_color=\u00bb#00659D\u00bb text_orientation=\u00bbcenter\u00bb background_layout=\u00bbdark\u00bb module_alignment=\u00bbcenter\u00bb custom_padding=\u00bb1%||0.25%||false|false\u00bb header_2_font_size_tablet=\u00bb\u00bb header_2_font_size_phone=\u00bb29px\u00bb header_2_font_size_last_edited=\u00bbon|phone\u00bb global_colors_info=\u00bb{}\u00bb]<\/p>\n<h2>Estaci\u00f3n base GSM &#8211; LiteCell 1.5<\/h2>\n<p>[\/et_pb_text][\/et_pb_column][\/et_pb_row][\/et_pb_section][et_pb_section fb_built=\u00bb1&#8243; _builder_version=\u00bb4.16&#8243; _module_preset=\u00bbdefault\u00bb custom_padding=\u00bb2%||2%||true|false\u00bb da_disable_devices=\u00bboff|off|off\u00bb global_colors_info=\u00bb{}\u00bb da_is_popup=\u00bboff\u00bb da_exit_intent=\u00bboff\u00bb da_has_close=\u00bbon\u00bb da_alt_close=\u00bboff\u00bb da_dark_close=\u00bboff\u00bb da_not_modal=\u00bbon\u00bb da_is_singular=\u00bboff\u00bb da_with_loader=\u00bboff\u00bb da_has_shadow=\u00bbon\u00bb][et_pb_row column_structure=\u00bb1_2,1_2&#8243; make_equal=\u00bbon\u00bb _builder_version=\u00bb4.16&#8243; _module_preset=\u00bbdefault\u00bb custom_margin=\u00bb||||false|false\u00bb custom_padding=\u00bb4px||||false|false\u00bb custom_css_main_element=\u00bbalign-items: center;\u00bb global_colors_info=\u00bb{}\u00bb][et_pb_column type=\u00bb1_2&#8243; _builder_version=\u00bb4.16&#8243; _module_preset=\u00bbdefault\u00bb global_colors_info=\u00bb{}\u00bb][et_pb_image src=\u00bbhttps:\/\/nuranwireless.com\/wp-content\/uploads\/2021\/01\/GSM-LITECELL-15-shadow.png\u00bb alt=\u00bbGSM LiteCell | Red GSM | NuRAN Wireless: soluciones de redes m\u00f3viles e inal\u00e1mbricas\u00bb title_text=\u00bbGSM LiteCell\u00bb align=\u00bbcenter\u00bb _builder_version=\u00bb4.16&#8243; _module_preset=\u00bbdefault\u00bb custom_padding=\u00bb||||false|false\u00bb global_colors_info=\u00bb{}\u00bb][\/et_pb_image][\/et_pb_column][et_pb_column type=\u00bb1_2&#8243; _builder_version=\u00bb4.16&#8243; _module_preset=\u00bbdefault\u00bb global_colors_info=\u00bb{}\u00bb][et_pb_text _builder_version=\u00bb4.27.2&#8243; _module_preset=\u00bbdefault\u00bb text_text_color=\u00bb#051B31&#8243; header_2_text_color=\u00bb#00659D\u00bb header_2_font_size=\u00bb2rem\u00bb header_3_text_color=\u00bb#00659D\u00bb header_3_font_size=\u00bb30px\u00bb header_4_text_color=\u00bb#00659D\u00bb hover_enabled=\u00bb0&#8243; header_2_font_size_tablet=\u00bb2rem\u00bb header_2_font_size_phone=\u00bb2rem\u00bb header_2_font_size_last_edited=\u00bbon|phone\u00bb global_colors_info=\u00bb{}\u00bb sticky_enabled=\u00bb0&#8243;]<\/p>\n<h2>GSM Litecell es la estaci\u00f3n base GSM m\u00e1s asequible, de menor consumo de energ\u00eda y m\u00e1s f\u00e1cil de implementar.<\/h2>\n<p class=\"bullet\"><i class=\"fas fa-check-circle\"><\/i> Dual-TRX, 10 W cada canal<\/p>\n<p class=\"bullet\"><i class=\"fas fa-check-circle\"><\/i> Consumo de energ\u00eda: 46W (2x5W) \/ 56W (2x10W)<\/p>\n<p class=\"bullet\"><i class=\"fas fa-check-circle\"><\/i> Pico de consumo de energ\u00eda: 105W (2 x10W)*<\/p>\n<p class=\"bullet\"><i class=\"fas fa-check-circle\"><\/i> TCO m\u00e1s bajo<\/p>\n<p class=\"bullet\">*Basado<span>en estad\u00edsticas en las que el segundo TRX podr\u00eda estar apagado cuando no se necesita, espec\u00edficamente durante la noche.<\/span><\/p>\n<p class=\"bullet\">[\/et_pb_text][\/et_pb_column][\/et_pb_row][et_pb_row _builder_version=\u00bb4.16&#8243; _module_preset=\u00bbdefault\u00bb module_alignment=\u00bbcenter\u00bb custom_margin=\u00bb||||false|false\u00bb custom_padding=\u00bb0px||0px||false|false\u00bb global_colors_info=\u00bb{}\u00bb][et_pb_column type=\u00bb4_4&#8243; _builder_version=\u00bb4.16&#8243; _module_preset=\u00bbdefault\u00bb global_colors_info=\u00bb{}\u00bb][et_pb_text _builder_version=\u00bb4.16&#8243; _module_preset=\u00bbdefault\u00bb header_3_text_color=\u00bb#00659D\u00bb header_3_font_size=\u00bb2.5em\u00bb header_4_text_color=\u00bb#00659D\u00bb text_orientation=\u00bbcenter\u00bb custom_margin=\u00bb||||false|false\u00bb custom_padding=\u00bb||||false|false\u00bb link_option_url=\u00bb\/wp-content\/uploads\/2021\/01\/NuRAN-GSM-LiteCell_1.5_v1.6-WEB.pdf\u00bb link_option_url_new_window=\u00bbon\u00bb header_3_font_size_tablet=\u00bb\u00bb header_3_font_size_phone=\u00bb\u00bb header_3_font_size_last_edited=\u00bbon|phone\u00bb global_colors_info=\u00bb{}\u00bb]<\/p>\n<h3 class=\"bullet\"><i class=\"fas fa-check-circle\"><\/i> Obtenga m\u00e1s informaci\u00f3n sobre nuestra potente estaci\u00f3n base GSM descargando la hoja de producto<\/h3>\n<h3><\/h3>\n<p>[\/et_pb_text][\/et_pb_column][\/et_pb_row][et_pb_row _builder_version=\u00bb4.16&#8243; _module_preset=\u00bbdefault\u00bb global_colors_info=\u00bb{}\u00bb][et_pb_column type=\u00bb4_4&#8243; _builder_version=\u00bb4.16&#8243; _module_preset=\u00bbdefault\u00bb global_colors_info=\u00bb{}\u00bb][et_pb_button button_url=\u00bbhttps:\/\/odoo.nuranwireless.com\/litecell#scrollTop=0&#8243; button_text=\u00bb\u00a1Obtenga m\u00e1s informaci\u00f3n!\u00bb button_alignment=\u00bbcenter\u00bb _builder_version=\u00bb4.23&#8243; _module_preset=\u00bbdefault\u00bb custom_button=\u00bbon\u00bb button_text_color=\u00bb#0EBCEF\u00bb custom_margin=\u00bb||||false|false\u00bb custom_padding=\u00bb0px||||false|false\u00bb global_colors_info=\u00bb{}\u00bb][\/et_pb_button][\/et_pb_column][\/et_pb_row][et_pb_row _builder_version=\u00bb4.16&#8243; _module_preset=\u00bbdefault\u00bb global_colors_info=\u00bb{}\u00bb][et_pb_column type=\u00bb4_4&#8243; _builder_version=\u00bb4.16&#8243; _module_preset=\u00bbdefault\u00bb global_colors_info=\u00bb{}\u00bb][et_pb_tabs active_tab_text_color=\u00bb#0EBCEF\u00bb _builder_version=\u00bb4.16&#8243; _module_preset=\u00bbdefault\u00bb tab_text_color=\u00bb#FFFFFF\u00bb global_colors_info=\u00bb{}\u00bb][et_pb_tab title=\u00bbVisi\u00f3n general\u00bb _builder_version=\u00bb4.16&#8243; _module_preset=\u00bbdefault\u00bb body_text_color=\u00bb#051B31&#8243; tab_text_color=\u00bb#b5b5b5&#8243; global_colors_info=\u00bb{}\u00bb]<\/p>\n<p><strong>El GSM LiteCell 1.5 es indiscutiblemente la estaci\u00f3n base GSM m\u00e1s asequible, de menor consumo de energ\u00eda y m\u00e1s f\u00e1cil de implementar del mundo. Dise\u00f1ada espec\u00edficamente para llegar a los pr\u00f3ximos mil millones de suscriptores m\u00f3viles, la estaci\u00f3n base GSM de NuRAN (LiteCell) abre un mundo completamente nuevo de posibilidades para conectar poblaciones remotas, de bajos ingresos y de baja densidad.<\/strong><\/p>\n<h4>GSM LiteCell 1.5 &#8211; Aplicaciones<\/h4>\n<p>\u2022 Cobertura rural<br \/> \u2022 Cobertura en carretera<br \/> \u2022 Pueblos de baja densidad<br \/> \u2022 Sitios remotos<br \/> \u2022 Pa\u00edses en desarrollo \/ Mercados emergentes<br \/> \u2022 Redes privadas<\/p>\n<h4>Llegando m\u00e1s lejos<\/h4>\n<p>Hasta ahora, las ubicaciones remotas y escasamente pobladas no pod\u00edan beneficiarse de la cobertura m\u00f3vil, ya que los ingresos proyectados de las bases de suscriptores m\u00e1s peque\u00f1os no pod\u00edan justificar los costos de implementaci\u00f3n y operaci\u00f3n inherentes a los equipos tradicionales. Esta realidad ahora pertenece al pasado, ya que la estaci\u00f3n base GSM de NuRAN Wireless (GSM LiteCell) hace posible construir sitios a muy bajo costo, y donde solo existe una infraestructura m\u00ednima o nula. Los operadores ahora tienen la posibilidad de ampliar la cobertura de su red y llegar a estos suscriptores de forma viable.<\/p>\n<h4>Implementaciones simplificadas<\/h4>\n<p>GSM LiteCell es una estaci\u00f3n base montada en torre y port\u00e1til. No requiere de ninguna maquinaria para instalar, ni ning\u00fan tipo de refugio para protegerlo. Las antenas se conectan directamente a la unidad; sin necesidad de componentes de RF externos costosos y engorrosos. Su interfaz totalmente IP hace que GSM LiteCell sea f\u00e1cil de conectar a cualquier backhaul terrestre o satelital basado en IP. El consumo de energ\u00eda ultrabajo de la estaci\u00f3n base GSM minimiza el CAPEX asociado con los paneles solares y las bater\u00edas, o el OPEX en el caso de los sitios que funcionan con diesel.<\/p>\n<h4>Optimizado para sat\u00e9lite<\/h4>\n<p>Cuando se combina con NuBSC y LiteSat de NuRAN Wireless, LiteCell logra una optimizaci\u00f3n del ancho de banda l\u00edder en la industria, manteniendo as\u00ed el OPEX de los sitios acreditados por sat\u00e9lite al m\u00ednimo absoluto.<\/p>\n<h4>Fiabilidad probada<\/h4>\n<p>GSM LiteCell 1.5 es la cuarta generaci\u00f3n de estaciones base GSM de NuRAN Wireless. Se basa en un historial de alta confiabilidad, con miles de unidades desplegadas en todas partes del mundo, soportando las condiciones m\u00e1s duras.<\/p>\n<p>[\/et_pb_tab][et_pb_tab title=\u00bbEspecificaciones\u00bb _builder_version=\u00bb4.16&#8243; _module_preset=\u00bbdefault\u00bb body_text_color=\u00bb#051B31&#8243; tab_text_color=\u00bb#b5b5b5&#8243; global_colors_info=\u00bb{}\u00bb]<\/p>\n<p>Cosa an\u00e1loga<\/p>\n<ul>\n<li>Frecuencias de funcionamiento:<\/li>\n<\/ul>\n<table>\n<thead>\n<tr>\n<th scope=\"col\">Banda<\/th>\n<th scope=\"col\">Recepci\u00f3n<\/th>\n<th scope=\"col\">Transmisi\u00f3n<\/th>\n<\/tr>\n<\/thead>\n<tbody>\n<tr>\n<td data-label=\"Band\">850<\/td>\n<td data-label=\"Due Date\">824-850 MHz<\/td>\n<td data-label=\"Period\">869-895 MHz<\/td>\n<\/tr>\n<tr>\n<td scope=\"row\" data-label=\"Band\">900<\/td>\n<td data-label=\"Due Date\">880-915 MHz<\/td>\n<td data-label=\"Period\">925-960 MHz<\/td>\n<\/tr>\n<tr>\n<td scope=\"row\" data-label=\"Band\">1800<\/td>\n<td data-label=\"Due Date\">1710-1785 MHz<\/td>\n<td data-label=\"Period\">1805-1880 MHz<\/td>\n<\/tr>\n<\/tbody>\n<\/table>\n<p>Potencia m\u00e1xima de salida:<\/p>\n<ul>\n<li>2 \u00d7 10 vatios<\/li>\n<\/ul>\n<p>Ajuste del nivel de salida:<\/p>\n<ul>\n<li>Pasos de 1 dB<\/li>\n<\/ul>\n<p>Precisi\u00f3n del reloj:<\/p>\n<ul>\n<li>&lt; 0,05 ppm<\/li>\n<\/ul>\n<p>Sensibilidad:<\/p>\n<ul>\n<li>-114 dBm, 2% BER (con diversidad)<\/li>\n<\/ul>\n<p><strong><\/strong><\/p>\n<p><strong>Soporte de canal<\/strong><\/p>\n<p>Formato de voz:<\/p>\n<ul>\n<li>AMR, HR, FR, EFR<\/li>\n<\/ul>\n<p>Cifrado:<\/p>\n<ul>\n<li>A5 \/ 0, A5 \/ 1, A5 \/ 2 y A5 \/ 3<\/li>\n<\/ul>\n<p><strong><\/strong><\/p>\n<p><strong>Interfaces l\u00f3gicas<\/strong><\/p>\n<ul>\n<li>Abis sobre IP<\/li>\n<\/ul>\n<p><strong><\/strong><\/p>\n<p><strong>Interfaces f\u00edsicas<\/strong><\/p>\n<ul>\n<li>Antenas:<br \/> Tipo N<\/li>\n<li>Antena GPS:<br \/> SMA<\/li>\n<li>Tr\u00e1fico y control:<br \/> Ethernet RJ45<\/li>\n<\/ul>\n<p><strong><\/strong><\/p>\n<p><strong>El\u00e9ctrico<\/strong><\/p>\n<ul>\n<li>El consumo de energ\u00eda:<br \/> 46 vatios (2x5W)<br \/> 56 vatios (2&#215;10 W)<\/li>\n<li>Voltaje de entrada:<br \/> 24 VCC nominal<br \/> Compatible con 19-30 V CC<\/li>\n<\/ul>\n<p><strong><\/strong><\/p>\n<p><strong>Mec\u00e1nico<\/strong><\/p>\n<ul>\n<li>Dimensiones:<br \/> 344 mm \u00d7 230 mm \u00d7 132 mm<\/li>\n<li>Peso:<br \/> 8 kilogramos<\/li>\n<li>Opciones de montaje:<br \/> Poste, pared, torre<\/li>\n<\/ul>\n<p><strong><\/strong><\/p>\n<p><strong>Ambiental<\/strong><\/p>\n<ul>\n<li>Temperatura de funcionamiento:<br \/> -20 \u00b0 C a +55 \u00b0 C, m\u00e1s carga solar<\/li>\n<li>Temperatura de almacenamiento:<br \/> -40 \u00b0 C hasta +70 \u00b0 C<\/li>\n<li>Clasificaci\u00f3n:<br \/> IP66<\/li>\n<li>Enfriamiento:<br \/> Pasivo<\/li>\n<\/ul>\n<p>[\/et_pb_tab][\/et_pb_tabs][\/et_pb_column][\/et_pb_row][\/et_pb_section]<\/p>\n<span class=\"et_bloom_bottom_trigger\"><\/span>","protected":false},"excerpt":{"rendered":"<p>GSM LiteCellEstaci\u00f3n base GSM &#8211; LiteCell 1.5GSM Litecell es la estaci\u00f3n base GSM m\u00e1s asequible, de menor consumo de energ\u00eda y m\u00e1s f\u00e1cil de implementar. Dual-TRX, 10 W cada canal [&hellip;]<\/p>\n","protected":false},"author":3,"featured_media":0,"parent":0,"menu_order":0,"comment_status":"closed","ping_status":"closed","template":"","meta":{"_et_pb_use_builder":"on","_et_pb_old_content":"","_et_gb_content_width":"","footnotes":""},"class_list":["post-33709","page","type-page","status-publish","hentry"],"_links":{"self":[{"href":"https:\/\/nuranwireless.com\/es\/wp-json\/wp\/v2\/pages\/33709","targetHints":{"allow":["GET"]}}],"collection":[{"href":"https:\/\/nuranwireless.com\/es\/wp-json\/wp\/v2\/pages"}],"about":[{"href":"https:\/\/nuranwireless.com\/es\/wp-json\/wp\/v2\/types\/page"}],"author":[{"embeddable":true,"href":"https:\/\/nuranwireless.com\/es\/wp-json\/wp\/v2\/users\/3"}],"replies":[{"embeddable":true,"href":"https:\/\/nuranwireless.com\/es\/wp-json\/wp\/v2\/comments?post=33709"}],"version-history":[{"count":19,"href":"https:\/\/nuranwireless.com\/es\/wp-json\/wp\/v2\/pages\/33709\/revisions"}],"predecessor-version":[{"id":237862,"href":"https:\/\/nuranwireless.com\/es\/wp-json\/wp\/v2\/pages\/33709\/revisions\/237862"}],"wp:attachment":[{"href":"https:\/\/nuranwireless.com\/es\/wp-json\/wp\/v2\/media?parent=33709"}],"curies":[{"name":"wp","href":"https:\/\/api.w.org\/{rel}","templated":true}]}}