{"id":237028,"date":"2023-10-11T13:54:45","date_gmt":"2023-10-11T17:54:45","guid":{"rendered":"https:\/\/nuranwireless.com\/politica-de-privacidad\/"},"modified":"2023-10-11T13:54:45","modified_gmt":"2023-10-11T17:54:45","slug":"politica-de-privacidad","status":"publish","type":"page","link":"https:\/\/nuranwireless.com\/es\/politica-de-privacidad\/","title":{"rendered":"Pol\u00edtica de privacidad"},"content":{"rendered":"<h1>Pol\u00edtica de privacidad de NuRAN Wireless Inc.<\/h1>\n<h2>\u00daltima actualizaci\u00f3n: 11 de octubre de 2023<\/h2>\n<p>En NuRAN Wireless Inc, nos preocupamos por proteger su privacidad. Esta pol\u00edtica de privacidad detalla c\u00f3mo recogemos, utilizamos y protegemos su informaci\u00f3n cuando visita nuestro sitio web<a href=\"https:\/\/nuranwireless.com\/\">(https:\/\/nuranwireless.com\/)<\/a>. Le recomendamos que lea atentamente esta pol\u00edtica para comprender c\u00f3mo procesamos sus datos personales.<\/p>\n<h2>Recogida de datos personales<\/h2>\n<p>Recogemos determinados datos personales cuando usted utiliza nuestro sitio web. A continuaci\u00f3n encontrar\u00e1 informaci\u00f3n sobre las cookies que utilizamos y c\u00f3mo utilizamos los datos personales:<\/p>\n<h3>Cookies utilizadas :<\/h3>\n<p><strong>Google Analytics (Estad\u00edsticas):<\/strong> Las cookies de Google Analytics nos ayudan a recopilar informaci\u00f3n sobre c\u00f3mo interact\u00faan los visitantes con nuestro sitio web. Estos datos nos permiten analizar el rendimiento del sitio y mejorar su contenido. Los datos personales son an\u00f3nimos y no se utilizan para identificarle.<\/p>\n<p><strong>WPML (Funcional) :<\/strong> Las cookies WPML se utilizan para ofrecer una experiencia multiling\u00fce en nuestro sitio web. Registran la lengua preferida del usuario para personalizar los contenidos.<\/p>\n<p><strong>Divi (Elegant Themes) (Finalidad pendiente de investigaci\u00f3n) :<\/strong> Utilizamos cookies de Divi para fines que est\u00e1n siendo evaluados actualmente. Actualizaremos esta secci\u00f3n en cuanto tengamos m\u00e1s informaci\u00f3n sobre su uso.<\/p>\n<p>Google Fonts <strong>(Marketing):<\/strong> Las cookies de Google Fonts se utilizan con fines de marketing para mostrar fuentes personalizadas en nuestro sitio web.<\/p>\n<p><strong>Google Maps (Marketing):<\/strong> Las cookies de Google Maps nos ayudan a integrar mapas interactivos para mejorar la experiencia de nuestros usuarios.<\/p>\n<p><strong>YouTube (Marketing):<\/strong> Utilizamos cookies de YouTube para incrustar v\u00eddeos relevantes en nuestro sitio y mejorar su experiencia en el mismo.<\/p>\n<p><strong>Facebook (Marketing, Funcional) :<\/strong> Las cookies de Facebook se utilizan con fines de marketing para personalizar tu experiencia y ofrecerte publicidad relevante. Tambi\u00e9n pueden tener una finalidad funcional. Ten en cuenta que Facebook puede recopilar datos personales de acuerdo con su propia pol\u00edtica de privacidad.<\/p>\n<p><strong>Twitter (Funcional, Marketing):<\/strong> Las cookies de Twitter se utilizan con fines funcionales y de marketing para personalizar su experiencia en nuestro sitio. Tambi\u00e9n pueden recopilar datos personales de acuerdo con la pol\u00edtica de privacidad de Twitter.<\/p>\n<h2>Uso de datos personales<\/h2>\n<p>Utilizamos los datos personales recogidos a trav\u00e9s de nuestras cookies para fines espec\u00edficos, como se ha descrito anteriormente. Estos datos se utilizan principalmente para personalizar su experiencia en nuestro sitio web, mejorar nuestros productos y servicios y proporcionarle informaci\u00f3n relevante.<\/p>\n<h2>Divulgaci\u00f3n de datos personales<\/h2>\n<p>NuRAN Wireless Inc no comparte sus datos personales con terceros no afiliados, excepto en casos espec\u00edficos en los que sea necesario para prestar los servicios que ha solicitado o cuando lo exija la ley. Los terceros responsables de las cookies que utilizamos pueden recoger y tratar sus datos personales de acuerdo con sus propias pol\u00edticas de confidencialidad.<\/p>\n<h2>Avisos legales para Canad\u00e1 y Quebec<\/h2>\n<p>Si reside en Canad\u00e1, tiene derecho a proteger sus datos personales de acuerdo con la legislaci\u00f3n vigente en Quebec y Canad\u00e1. Estos derechos incluyen la posibilidad de acceder a sus datos, corregirlos en caso de error e incluso borrarlos si es necesario.<\/p>\n<p>De conformidad con el proyecto de ley 25 &#8211; LPRPDE (Ley de protecci\u00f3n de datos personales y documentos electr\u00f3nicos) y la LPRPDE (Ley de protecci\u00f3n de datos personales y documentos electr\u00f3nicos), NuRAN Wireless Inc se compromete a respetar los principios de la protecci\u00f3n de datos. Esto implica medidas como limitar la recogida de informaci\u00f3n, establecer objetivos claros, obtener el consentimiento adecuado y garantizar la seguridad de los datos.<\/p>\n<p><strong>Sus derechos en virtud de la Ley de Protecci\u00f3n de Datos en Quebec y Canad\u00e1 incluyen:<\/strong><\/p>\n<ol>\n<li>Derecho al consentimiento: Tiene derecho a dar su consentimiento informado y voluntario para la recogida, uso y divulgaci\u00f3n de sus datos personales.<\/li>\n<li>Derecho a revocar el consentimiento: Puede revocar su consentimiento en cualquier momento, y se respetar\u00e1 su elecci\u00f3n.<\/li>\n<li>Derecho a la informaci\u00f3n: tiene derecho a ser informado sobre c\u00f3mo se recogen, utilizan y comparten sus datos personales.<\/li>\n<li>Derecho de acceso: tiene derecho a acceder a sus datos personales en poder de una organizaci\u00f3n y a solicitar informaci\u00f3n sobre su uso.<\/li>\n<li>Derecho de rectificaci\u00f3n: puede solicitar que se corrijan sus datos personales si son inexactos.<\/li>\n<li>Derecho a la portabilidad: tiene derecho a solicitar que sus datos personales se transfieran a otra organizaci\u00f3n.<\/li>\n<li>Derecho de restricci\u00f3n: puede solicitar que se restrinja el uso de sus datos personales en determinadas circunstancias.<\/li>\n<li>Derecho al olvido: Tiene derecho a solicitar la supresi\u00f3n de sus datos personales en determinadas situaciones.<\/li>\n<li>Derecho a presentar una reclamaci\u00f3n: Tiene derecho a presentar una reclamaci\u00f3n ante la Autoridad de Protecci\u00f3n de Datos si considera que no se han respetado sus derechos.<\/li>\n<li>Derecho de oposici\u00f3n: tiene derecho a negarse a que se recojan sus datos personales en determinados casos, salvo que sea necesario por motivos legales o contractuales.<\/li>\n<\/ol>\n<p><strong>Estos derechos son de importancia fundamental para proteger su privacidad y garantizar la seguridad de sus datos personales, de conformidad con las leyes de Quebec y Canad\u00e1.<\/strong><\/p>\n<h2>Enlaces a plataformas de medios sociales y sitios web asociados<\/h2>\n<p>Nuestro sitio web contiene enlaces a plataformas de redes sociales como Facebook y Twitter. Tenga en cuenta que estas plataformas tienen sus propias pol\u00edticas de privacidad y que NuRAN Wireless Inc. no es responsable de la recopilaci\u00f3n o el uso de sus datos personales por parte de estos sitios de terceros.<\/p>\n<p>Tambi\u00e9n hemos incluido enlaces externos a los sitios web de nuestros socios. Tenga en cuenta que estos sitios tienen sus propias pol\u00edticas de privacidad, y le animamos a consultarlas para entender c\u00f3mo recogen y utilizan sus datos personales.<\/p>\n<h2>Consentimiento<\/h2>\n<p>Al utilizar nuestro sitio web, da su consentimiento a la recogida, uso y divulgaci\u00f3n de sus datos personales de acuerdo con esta Pol\u00edtica de Privacidad.<\/p>\n<h2>Cambios en nuestra pol\u00edtica de privacidad<\/h2>\n<p>Podemos actualizar esta Pol\u00edtica de Privacidad de vez en cuando para reflejar los cambios en nuestras pr\u00e1cticas de recopilaci\u00f3n y gesti\u00f3n de datos personales. Los cambios se publicar\u00e1n en esta p\u00e1gina, y la fecha de la \u00faltima actualizaci\u00f3n se revisar\u00e1 para indicar la fecha del cambio.<\/p>\n<p>Le animamos a consultar esta pol\u00edtica de privacidad con regularidad para mantenerse informado sobre c\u00f3mo protegemos y utilizamos sus datos personales.<\/p>\n<p><strong>Si tiene alguna pregunta sobre nuestra pol\u00edtica de privacidad, no dude en ponerse en contacto con nosotros en la siguiente direcci\u00f3n:<\/strong><\/p>\n<p>NuRAN Wireless Inc.<br \/>\nPersona responsable de la informaci\u00f3n personal: Esth\u00e8re Bibeau, Directora de Recursos Humanos<br \/>\n2150 Rue Cyrille-Duquet #100,<br \/>\nQuebec, Canad\u00e1<br \/>\nG1N 2G3<br \/>\nCorreo electr\u00f3nico: <a href=\"mailto:esthere.bibeau@nuranwireless.com\">esthere.bibeau@nuranwireless.com<\/a><br \/>\nTel\u00e9fono: <a href=\"tel:+14189149569\">1(418) 914-9569<\/a><\/p>\n<span class=\"et_bloom_bottom_trigger\"><\/span>","protected":false},"excerpt":{"rendered":"<p>Pol\u00edtica de privacidad de NuRAN Wireless Inc. \u00daltima actualizaci\u00f3n: 11 de octubre de 2023 En NuRAN Wireless Inc, nos preocupamos por proteger su privacidad. Esta pol\u00edtica de privacidad detalla c\u00f3mo [&hellip;]<\/p>\n","protected":false},"author":3,"featured_media":0,"parent":0,"menu_order":0,"comment_status":"closed","ping_status":"closed","template":"","meta":{"_et_pb_use_builder":"","_et_pb_old_content":"","_et_gb_content_width":"","footnotes":""},"class_list":["post-237028","page","type-page","status-publish","hentry"],"_links":{"self":[{"href":"https:\/\/nuranwireless.com\/es\/wp-json\/wp\/v2\/pages\/237028","targetHints":{"allow":["GET"]}}],"collection":[{"href":"https:\/\/nuranwireless.com\/es\/wp-json\/wp\/v2\/pages"}],"about":[{"href":"https:\/\/nuranwireless.com\/es\/wp-json\/wp\/v2\/types\/page"}],"author":[{"embeddable":true,"href":"https:\/\/nuranwireless.com\/es\/wp-json\/wp\/v2\/users\/3"}],"replies":[{"embeddable":true,"href":"https:\/\/nuranwireless.com\/es\/wp-json\/wp\/v2\/comments?post=237028"}],"version-history":[{"count":0,"href":"https:\/\/nuranwireless.com\/es\/wp-json\/wp\/v2\/pages\/237028\/revisions"}],"wp:attachment":[{"href":"https:\/\/nuranwireless.com\/es\/wp-json\/wp\/v2\/media?parent=237028"}],"curies":[{"name":"wp","href":"https:\/\/api.w.org\/{rel}","templated":true}]}}