{"id":11292,"date":"2015-04-17T10:18:42","date_gmt":"2015-04-17T14:18:42","guid":{"rendered":"https:\/\/nuranwireless.com\/?page_id=11292"},"modified":"2023-10-25T13:24:42","modified_gmt":"2023-10-25T17:24:42","slug":"gestion","status":"publish","type":"page","link":"https:\/\/nuranwireless.com\/es\/vista-general\/gestion\/","title":{"rendered":"Equipo de gesti\u00f3n"},"content":{"rendered":"<p>[et_pb_section fb_built=\u00bb1&#8243; admin_label=\u00bbHeader\u00bb _builder_version=\u00bb4.16&#8243; background_color=\u00bb#051B31&#8243; background_image=\u00bbhttp:\/\/nuranwireless.com\/wp-content\/uploads\/2021\/01\/AdobeStock_205914027-RSZD.jpg\u00bb background_position=\u00bbbottom_center\u00bb background_blend=\u00bbsoft-light\u00bb height=\u00bb90%\u00bb custom_margin=\u00bb||||false|false\u00bb custom_padding=\u00bb||||false|false\u00bb da_disable_devices=\u00bboff|off|off\u00bb global_colors_info=\u00bb{}\u00bb da_is_popup=\u00bboff\u00bb da_exit_intent=\u00bboff\u00bb da_has_close=\u00bbon\u00bb da_alt_close=\u00bboff\u00bb da_dark_close=\u00bboff\u00bb da_not_modal=\u00bbon\u00bb da_is_singular=\u00bboff\u00bb da_with_loader=\u00bboff\u00bb da_has_shadow=\u00bbon\u00bb][et_pb_row _builder_version=\u00bb4.16&#8243; _module_preset=\u00bbdefault\u00bb background_color=\u00bbrgba(5,27,49,0.75)\u00bb width=\u00bb100%\u00bb max_width=\u00bb2560px\u00bb module_alignment=\u00bbcenter\u00bb custom_margin=\u00bb||||true|true\u00bb custom_padding=\u00bb4vw||4vw||true|true\u00bb global_colors_info=\u00bb{}\u00bb][et_pb_column type=\u00bb4_4&#8243; _builder_version=\u00bb4.16&#8243; _module_preset=\u00bbdefault\u00bb global_colors_info=\u00bb{}\u00bb][et_pb_text _builder_version=\u00bb4.16&#8243; _module_preset=\u00bbdefault\u00bb header_font_size=\u00bb9rem\u00bb header_2_font=\u00bbBebas Neue|||on|||||\u00bb header_2_text_align=\u00bbcenter\u00bb header_2_text_color=\u00bb#ffffff\u00bb header_2_font_size=\u00bb13rem\u00bb header_2_letter_spacing=\u00bb10px\u00bb header_2_line_height=\u00bb9rem\u00bb header_4_font=\u00bbBebas Neue||||||||\u00bb header_4_text_color=\u00bb#ffffff\u00bb header_4_font_size=\u00bb2rem\u00bb text_orientation=\u00bbcenter\u00bb background_layout=\u00bbdark\u00bb max_width=\u00bb1080px\u00bb module_alignment=\u00bbcenter\u00bb header_font_size_tablet=\u00bb\u00bb header_font_size_phone=\u00bb\u00bb header_font_size_last_edited=\u00bbon|desktop\u00bb header_2_font_size_tablet=\u00bb9rem\u00bb header_2_font_size_phone=\u00bb3rem\u00bb header_2_font_size_last_edited=\u00bbon|tablet\u00bb global_colors_info=\u00bb{}\u00bb]<\/p>\n<h1>Equipo de gesti\u00f3n<\/h1>\n<p>[\/et_pb_text][\/et_pb_column][\/et_pb_row][\/et_pb_section][et_pb_section fb_built=\u00bb1&#8243; _builder_version=\u00bb4.16&#8243; _module_preset=\u00bbdefault\u00bb da_disable_devices=\u00bboff|off|off\u00bb global_colors_info=\u00bb{}\u00bb da_is_popup=\u00bboff\u00bb da_exit_intent=\u00bboff\u00bb da_has_close=\u00bbon\u00bb da_alt_close=\u00bboff\u00bb da_dark_close=\u00bboff\u00bb da_not_modal=\u00bbon\u00bb da_is_singular=\u00bboff\u00bb da_with_loader=\u00bboff\u00bb da_has_shadow=\u00bbon\u00bb][et_pb_row column_structure=\u00bb2_5,3_5&#8243; use_custom_gutter=\u00bbon\u00bb gutter_width=\u00bb2&#8243; make_equal=\u00bbon\u00bb _builder_version=\u00bb4.16&#8243; _module_preset=\u00bbdefault\u00bb custom_css_main_element=\u00bbalign-items: center;\u00bb global_colors_info=\u00bb{}\u00bb][et_pb_column type=\u00bb2_5&#8243; _builder_version=\u00bb4.16&#8243; _module_preset=\u00bbdefault\u00bb global_colors_info=\u00bb{}\u00bb][et_pb_image src=\u00bbhttps:\/\/nuranwireless.com\/wp-content\/uploads\/2021\/01\/FRANCIS-HEADSHOT-2021.jpg\u00bb alt=\u00bbFrancis L\u00e9tourneau, presidente | Soluciones de red inal\u00e1mbrica | NuRAN inal\u00e1mbrico\u00bb title_text=\u00bbFrancis L\u00e9tourneau, presidente\u00bb align=\u00bbcenter\u00bb _builder_version=\u00bb4.16&#8243; _module_preset=\u00bbdefault\u00bb max_width=\u00bb53%\u00bb global_colors_info=\u00bb{}\u00bb][\/et_pb_image][\/et_pb_column][et_pb_column type=\u00bb3_5&#8243; _builder_version=\u00bb4.16&#8243; _module_preset=\u00bbdefault\u00bb global_colors_info=\u00bb{}\u00bb][et_pb_text _builder_version=\u00bb4.16&#8243; _module_preset=\u00bbdefault\u00bb global_colors_info=\u00bb{}\u00bb]<\/p>\n<p><strong>Francis L\u00e9tourneau, presidente y director ejecutivo<\/strong><\/p>\n<p style=\"text-align: justify;\">Francis L\u00e9tourneau es un experimentado y consumado ejecutivo de ventas y marketing con m\u00e1s de 25 a\u00f1os de experiencia en la industria de las telecomunicaciones. El se\u00f1or L\u00e9tourneau es un profesional orientado a resultados y aut\u00f3nomo con 20 a\u00f1os de experiencia en NuRAN Wireless Inc. El Sr. L\u00e9tourneau fue promovido inicialmente a miembro del Consejo de Administraci\u00f3n de NuRAN en 2015.<\/p>\n<p style=\"text-align: justify;\">Esta experiencia le ha valido ahora el t\u00edtulo de presidente y director ejecutivo de NuRAN Wireless. El Sr. L\u00e9tourneau ha sido fundamental en la conducci\u00f3n de NuRAN en una nueva direcci\u00f3n a trav\u00e9s de la implementaci\u00f3n del modelo de negocio NAAS, que ahora define a NuRAN como Operador de Red M\u00f3vil. Como resultado de esta iniciativa estrat\u00e9gica, NuRAN Wireless ahora ha generado m\u00e1s de $ 550 millones de d\u00f3lares en contratos en su a\u00f1o inicial como MNO.<\/p>\n<p style=\"text-align: justify;\">El Sr. L\u00e9tourneau tiene una licenciatura en Administraci\u00f3n de Empresas de la Universidad Laval, Quebec, Canad\u00e1 y es Contador de Gesti\u00f3n Certificado (CMA).<\/p>\n<p>[\/et_pb_text][\/et_pb_column][\/et_pb_row][et_pb_row column_structure=\u00bb2_5,3_5&#8243; use_custom_gutter=\u00bbon\u00bb gutter_width=\u00bb2&#8243; make_equal=\u00bbon\u00bb _builder_version=\u00bb4.16&#8243; _module_preset=\u00bbdefault\u00bb custom_css_main_element=\u00bbalign-items: center;\u00bb global_colors_info=\u00bb{}\u00bb][et_pb_column type=\u00bb2_5&#8243; _builder_version=\u00bb4.16&#8243; _module_preset=\u00bbdefault\u00bb global_colors_info=\u00bb{}\u00bb][et_pb_image src=\u00bbhttps:\/\/nuranwireless.com\/wp-content\/uploads\/2021\/01\/JIM-HEADSHOT-2021-Back-Ground-e1644258459912.jpg\u00bb alt=\u00bbJim Bailey, director financiero | Soluciones de red inal\u00e1mbrica | NuRAN inal\u00e1mbrico\u00bb title_text=\u00bbJim Bailey, director financiero\u00bb align=\u00bbcenter\u00bb _builder_version=\u00bb4.16&#8243; _module_preset=\u00bbdefault\u00bb max_width=\u00bb53%\u00bb global_colors_info=\u00bb{}\u00bb][\/et_pb_image][\/et_pb_column][et_pb_column type=\u00bb3_5&#8243; _builder_version=\u00bb4.16&#8243; _module_preset=\u00bbdefault\u00bb global_colors_info=\u00bb{}\u00bb][et_pb_text _builder_version=\u00bb4.16&#8243; _module_preset=\u00bbdefault\u00bb global_colors_info=\u00bb{}\u00bb]<\/p>\n<p style=\"text-align: justify;\"><strong>Jim Bailey, director financiero<\/strong><\/p>\n<p style=\"text-align: justify;\">M\u00e1s de 25 a\u00f1os de experiencia trabajando con empresas de telecomunicaciones, medios y tecnolog\u00eda. Los roles incluyen director de fusiones y adquisiciones, director financiero, director ejecutivo y director. Un papel importante en el espacio de NuRAN fue el director financiero y luego director ejecutivo de Telecel International, una subsidiaria de Orascom Telecom Holdings, que ten\u00eda operaciones en \u00c1frica subsahariana. Tambi\u00e9n trabaj\u00f3 en Desarrollo de Negocios para el grupo que cubre la regi\u00f3n EMEA y fue Director Financiero de Orascom Telecom WiMAX Limited, una empresa conjunta con Intel Capital. Durante los \u00faltimos 10 a\u00f1os, Jim ha trabajado como consultor financiero para pymes proporcionando asesoramiento financiero corporativo en fusiones y adquisiciones, planificaci\u00f3n comercial y como director financiero interino \/ a tiempo parcial. Tiene una licenciatura en Comercio de la Universidad de Calgary, un MBA de la London Business School y es miembro del Chartered Institute of Management Accountants (CIMA).<\/p>\n<p>[\/et_pb_text][\/et_pb_column][\/et_pb_row][et_pb_row column_structure=\u00bb2_5,3_5&#8243; use_custom_gutter=\u00bbon\u00bb gutter_width=\u00bb2&#8243; make_equal=\u00bbon\u00bb _builder_version=\u00bb4.16&#8243; _module_preset=\u00bbdefault\u00bb custom_css_main_element=\u00bbalign-items: center;\u00bb global_colors_info=\u00bb{}\u00bb][et_pb_column type=\u00bb2_5&#8243; _builder_version=\u00bb4.16&#8243; _module_preset=\u00bbdefault\u00bb global_colors_info=\u00bb{}\u00bb][et_pb_image src=\u00bbhttps:\/\/nuranwireless.com\/wp-content\/uploads\/2022\/09\/DAVID-HEADSHOT-2021.jpg\u00bb alt=\u00bbDavid Parsons, vicepresidente de ingenier\u00eda de soluciones | Soluciones de red inal\u00e1mbrica | NuRAN inal\u00e1mbrico\u00bb title_text=\u00bbDAVID HEADSHOT 2021&#8243; align=\u00bbcenter\u00bb _builder_version=\u00bb4.16&#8243; _module_preset=\u00bbdefault\u00bb max_width=\u00bb53%\u00bb global_colors_info=\u00bb{}\u00bb][\/et_pb_image][\/et_pb_column][et_pb_column type=\u00bb3_5&#8243; _builder_version=\u00bb4.16&#8243; _module_preset=\u00bbdefault\u00bb global_colors_info=\u00bb{}\u00bb][et_pb_text _builder_version=\u00bb4.18.0&#8243; _module_preset=\u00bbdefault\u00bb global_colors_info=\u00bb{}\u00bb]<\/p>\n<p><strong>David Parsons, <span>Director de Tecnolog\u00eda<\/span><\/strong><\/p>\n<p style=\"text-align: justify;\"><span>Licenciado en Ingenier\u00eda Electr\u00f3nica y de Comunicaciones por la Universidad de Bath (Inglaterra). Ha trabajado con muchos ORM y proveedores de equipos en toda Am\u00e9rica Latina durante m\u00e1s de 15 a\u00f1os para apoyar las actividades de planificaci\u00f3n y optimizaci\u00f3n de la red. Ha dirigido equipos de ingenier\u00eda para racionalizar y mejorar los procesos de trabajo internos de los clientes, desde simples actividades de planificaci\u00f3n de la cobertura hasta algoritmos de previsi\u00f3n del tr\u00e1fico. David lleva 7 a\u00f1os en NuRAN Wireless y, en su funci\u00f3n de director de tecnolog\u00eda, impulsa el desarrollo de productos para superar los retos de la conectividad rural y apoyar a los operadores de redes m\u00f3viles y a las organizaciones en sus esfuerzos por acercar a las personas a trav\u00e9s de la tecnolog\u00eda.<\/span><\/p>\n<p>[\/et_pb_text][\/et_pb_column][\/et_pb_row][et_pb_row column_structure=\u00bb2_5,3_5&#8243; use_custom_gutter=\u00bbon\u00bb gutter_width=\u00bb2&#8243; make_equal=\u00bbon\u00bb _builder_version=\u00bb4.16&#8243; _module_preset=\u00bbdefault\u00bb custom_css_main_element=\u00bbalign-items: center;\u00bb global_colors_info=\u00bb{}\u00bb][et_pb_column type=\u00bb2_5&#8243; _builder_version=\u00bb4.16&#8243; _module_preset=\u00bbdefault\u00bb global_colors_info=\u00bb{}\u00bb][et_pb_image src=\u00bbhttps:\/\/nuranwireless.com\/wp-content\/uploads\/2023\/05\/ESTHERE-HEADSHOT-2023.png\u00bb alt=\u00bbDenis Lambert, vicepresidente de ventas | Soluciones de red inal\u00e1mbrica | NuRAN inal\u00e1mbrico\u00bb title_text=\u00bbESTHERE HEADSHOT 2023&#8243; align=\u00bbcenter\u00bb _builder_version=\u00bb4.20.4&#8243; _module_preset=\u00bbdefault\u00bb width=\u00bb50%\u00bb max_width=\u00bb100%\u00bb global_colors_info=\u00bb{}\u00bb][\/et_pb_image][\/et_pb_column][et_pb_column type=\u00bb3_5&#8243; _builder_version=\u00bb4.16&#8243; _module_preset=\u00bbdefault\u00bb global_colors_info=\u00bb{}\u00bb][et_pb_text _builder_version=\u00bb4.21.2&#8243; _module_preset=\u00bbdefault\u00bb hover_enabled=\u00bb0&#8243; global_colors_info=\u00bb{}\u00bb sticky_enabled=\u00bb0&#8243;]<\/p>\n<p><strong>Esther Bibeau, Vicepresidente de Recursos Humanos<\/strong><\/p>\n<p style=\"text-align: justify;\"><span>Esther es una profesional con m\u00e1s de 17 a\u00f1os de experiencia en gesti\u00f3n de recursos humanos. Trabajando para multinacionales y empresas en crecimiento durante 13 a\u00f1os, tiene habilidades para apoyar a equipos en constante movimiento y evoluci\u00f3n, como NuRAN Wireless. Tiene una notable experiencia en planificaci\u00f3n estrat\u00e9gica de recursos humanos, gesti\u00f3n del rendimiento, dotaci\u00f3n de personal, relaciones laborales, beneficios para los empleados, compensaci\u00f3n y n\u00f3minas, formaci\u00f3n y desarrollo, y coaching de gesti\u00f3n. Es licenciada en Relaciones Industriales por la Universidad de Laval y actualmente est\u00e1 completando un programa de formaci\u00f3n de coaches en el Instituto de Coaching de Gesti\u00f3n.<\/span><\/p>\n<p>[\/et_pb_text][\/et_pb_column][\/et_pb_row][\/et_pb_section]<\/p>\n<span class=\"et_bloom_bottom_trigger\"><\/span>","protected":false},"excerpt":{"rendered":"<p>Equipo de gesti\u00f3nFrancis L\u00e9tourneau, presidente y director ejecutivo Francis L\u00e9tourneau es un experimentado y consumado ejecutivo de ventas y marketing con m\u00e1s de 25 a\u00f1os de experiencia en la industria [&hellip;]<\/p>\n","protected":false},"author":2,"featured_media":0,"parent":11290,"menu_order":0,"comment_status":"closed","ping_status":"closed","template":"","meta":{"_et_pb_use_builder":"on","_et_pb_old_content":"","_et_gb_content_width":"","footnotes":""},"class_list":["post-11292","page","type-page","status-publish","hentry"],"_links":{"self":[{"href":"https:\/\/nuranwireless.com\/es\/wp-json\/wp\/v2\/pages\/11292","targetHints":{"allow":["GET"]}}],"collection":[{"href":"https:\/\/nuranwireless.com\/es\/wp-json\/wp\/v2\/pages"}],"about":[{"href":"https:\/\/nuranwireless.com\/es\/wp-json\/wp\/v2\/types\/page"}],"author":[{"embeddable":true,"href":"https:\/\/nuranwireless.com\/es\/wp-json\/wp\/v2\/users\/2"}],"replies":[{"embeddable":true,"href":"https:\/\/nuranwireless.com\/es\/wp-json\/wp\/v2\/comments?post=11292"}],"version-history":[{"count":22,"href":"https:\/\/nuranwireless.com\/es\/wp-json\/wp\/v2\/pages\/11292\/revisions"}],"predecessor-version":[{"id":237071,"href":"https:\/\/nuranwireless.com\/es\/wp-json\/wp\/v2\/pages\/11292\/revisions\/237071"}],"up":[{"embeddable":true,"href":"https:\/\/nuranwireless.com\/es\/wp-json\/wp\/v2\/pages\/11290"}],"wp:attachment":[{"href":"https:\/\/nuranwireless.com\/es\/wp-json\/wp\/v2\/media?parent=11292"}],"curies":[{"name":"wp","href":"https:\/\/api.w.org\/{rel}","templated":true}]}}