{"id":11290,"date":"2015-04-17T10:13:30","date_gmt":"2015-04-17T14:13:30","guid":{"rendered":"https:\/\/nuranwireless.com\/?page_id=11290"},"modified":"2021-09-08T12:21:19","modified_gmt":"2021-09-08T16:21:19","slug":"vista-general","status":"publish","type":"page","link":"https:\/\/nuranwireless.com\/es\/vista-general\/","title":{"rendered":"Corporativo"},"content":{"rendered":"<p>[et_pb_section fb_built=\u00bb1&#8243; admin_label=\u00bbHeader\u00bb _builder_version=\u00bb4.8.1&#8243; background_color=\u00bbrgba(5,27,49,0.87)\u00bb background_image=\u00bbhttp:\/\/nuranwireless.com\/wp-content\/uploads\/2021\/01\/AdobeStock_73920831.jpeg\u00bb background_position=\u00bbcenter_right\u00bb background_blend=\u00bbmultiply\u00bb custom_margin=\u00bb||0px||false|false\u00bb custom_padding=\u00bb4vw||4vw||true|false\u00bb][et_pb_row _builder_version=\u00bb4.7.7&#8243; _module_preset=\u00bbdefault\u00bb background_color=\u00bbrgba(5,27,49,0.75)\u00bb width=\u00bb100%\u00bb max_width=\u00bb2560px\u00bb custom_margin=\u00bb||||true|false\u00bb custom_padding=\u00bb4vw||4vw||true|false\u00bb][et_pb_column type=\u00bb4_4&#8243; _builder_version=\u00bb4.7.7&#8243; _module_preset=\u00bbdefault\u00bb][et_pb_text _builder_version=\u00bb4.9.2&#8243; _module_preset=\u00bbdefault\u00bb header_font_size=\u00bb9rem\u00bb header_2_font=\u00bbBebas Neue|||on|||||\u00bb header_2_text_color=\u00bb#ffffff\u00bb header_2_font_size=\u00bb13rem\u00bb header_2_letter_spacing=\u00bb20px\u00bb header_2_line_height=\u00bb9rem\u00bb header_4_font=\u00bbBebas Neue||||||||\u00bb header_4_text_color=\u00bb#ffffff\u00bb header_4_font_size=\u00bb2rem\u00bb text_orientation=\u00bbcenter\u00bb background_layout=\u00bbdark\u00bb max_width=\u00bb1080px\u00bb module_alignment=\u00bbcenter\u00bb header_font_size_tablet=\u00bb9rem\u00bb header_font_size_phone=\u00bb\u00bb header_font_size_last_edited=\u00bbon|phone\u00bb]<\/p>\n<h1>Corporativo<\/h1>\n<h4><\/h4>\n<h4><\/h4>\n<h4>Obtenga m\u00e1s informaci\u00f3n sobre Nuran Wireless. Obtenga las \u00faltimas noticias, eventos, mercado de valores e informaci\u00f3n para inversores.<\/h4>\n<p>[\/et_pb_text][\/et_pb_column][\/et_pb_row][\/et_pb_section][et_pb_section fb_built=\u00bb1&#8243; _builder_version=\u00bb4.7.7&#8243; _module_preset=\u00bbdefault\u00bb background_color=\u00bb#020c16&#8243; custom_padding=\u00bb||0px||false|false\u00bb][et_pb_row column_structure=\u00bb1_3,1_3,1_3&#8243; _builder_version=\u00bb4.7.7&#8243; _module_preset=\u00bbdefault\u00bb width=\u00bb90%\u00bb max_width=\u00bb2560px\u00bb][et_pb_column type=\u00bb1_3&#8243; _builder_version=\u00bb4.7.7&#8243; _module_preset=\u00bbdefault\u00bb custom_padding=\u00bb||||true|false\u00bb][et_pb_blurb title=\u00bbEmpresa\u00bb url=\u00bbhttps:\/\/nuranwireless.com\/es\/acerca-de\/\u00bb image=\u00bbhttp:\/\/nuranwireless.com\/wp-content\/uploads\/2021\/01\/AdobeStock_150573568.jpeg\u00bb alt=\u00bbCompa\u00f1\u00eda inal\u00e1mbrica NuRAN | Telecom | NuRAN Wireless: soluciones de redes m\u00f3viles e inal\u00e1mbricas\u00bb _builder_version=\u00bb4.9.2&#8243; _module_preset=\u00bbdefault\u00bb header_level=\u00bbh3&#8243; header_font=\u00bbBebas Neue|||on|||||\u00bb header_text_align=\u00bbcenter\u00bb header_text_color=\u00bb#ffffff\u00bb header_font_size=\u00bb3rem\u00bb header_letter_spacing=\u00bb5px\u00bb custom_margin=\u00bb||0px||false|false\u00bb custom_padding=\u00bb||0px||false|false\u00bb header_font_size_tablet=\u00bb\u00bb header_font_size_phone=\u00bb3rem\u00bb header_font_size_last_edited=\u00bbon|phone\u00bb][\/et_pb_blurb][et_pb_button button_url=\u00bbhttps:\/\/nuranwireless.com\/es\/acerca-de\/\u00bb button_text=\u00bbLee mas\u00bb button_alignment=\u00bbcenter\u00bb _builder_version=\u00bb4.8.1&#8243; _module_preset=\u00bbdefault\u00bb custom_button=\u00bbon\u00bb button_text_size=\u00bb2rem\u00bb button_text_color=\u00bb#0069a9&#8243; button_border_width=\u00bb0px\u00bb button_border_radius=\u00bb0px\u00bb button_letter_spacing=\u00bb2px\u00bb button_font=\u00bbBebas Neue|||on|||||\u00bb custom_margin=\u00bb0px||0px||false|false\u00bb custom_padding=\u00bb0px||0px||false|false\u00bb][\/et_pb_button][\/et_pb_column][et_pb_column type=\u00bb1_3&#8243; _builder_version=\u00bb4.7.7&#8243; _module_preset=\u00bbdefault\u00bb custom_padding=\u00bb||||true|false\u00bb hover_enabled=\u00bb0&#8243; sticky_enabled=\u00bb0&#8243;][et_pb_blurb title=\u00bbInformaci\u00f3n para inversores y mercado de valores\u00bb url=\u00bb\/es\/inversionistas\/\u00bb image=\u00bbhttp:\/\/nuranwireless.com\/wp-content\/uploads\/2021\/01\/AdobeStock_226785771.jpeg\u00bb alt=\u00bbInversores | Bolsa e inversi\u00f3n burs\u00e1til | NuRAN Wireless: soluciones de redes m\u00f3viles e inal\u00e1mbricas\u00bb _builder_version=\u00bb4.9.7&#8243; _module_preset=\u00bbdefault\u00bb header_level=\u00bbh3&#8243; header_font=\u00bbBebas Neue|||on|||||\u00bb header_text_align=\u00bbcenter\u00bb header_text_color=\u00bb#ffffff\u00bb header_font_size=\u00bb3rem\u00bb header_letter_spacing=\u00bb5px\u00bb custom_margin=\u00bb||0px||false|false\u00bb custom_padding=\u00bb||0px||false|false\u00bb hover_enabled=\u00bb0&#8243; header_font_size_tablet=\u00bb\u00bb header_font_size_phone=\u00bb3rem\u00bb header_font_size_last_edited=\u00bbon|phone\u00bb sticky_enabled=\u00bb0&#8243;][\/et_pb_blurb][et_pb_button button_url=\u00bbhttps:\/\/nuranwireless.com\/investors\/\u00bb button_text=\u00bbLee mas\u00bb button_alignment=\u00bbcenter\u00bb _builder_version=\u00bb4.8.1&#8243; _module_preset=\u00bbdefault\u00bb custom_button=\u00bbon\u00bb button_text_size=\u00bb2rem\u00bb button_text_color=\u00bb#0069a9&#8243; button_border_width=\u00bb0px\u00bb button_border_radius=\u00bb0px\u00bb button_letter_spacing=\u00bb2px\u00bb button_font=\u00bbBebas Neue|||on|||||\u00bb custom_margin=\u00bb0px||0px||false|false\u00bb custom_padding=\u00bb0px||0px||false|false\u00bb][\/et_pb_button][\/et_pb_column][et_pb_column type=\u00bb1_3&#8243; _builder_version=\u00bb4.7.7&#8243; _module_preset=\u00bbdefault\u00bb custom_padding=\u00bb||||true|false\u00bb][et_pb_blurb title=\u00bbNuestro compromiso\u00bb url=\u00bb\/es\/nuestro-compromiso\/\u00bb image=\u00bbhttp:\/\/nuranwireless.com\/wp-content\/uploads\/2021\/01\/AdobeStock_203669387.jpeg\u00bb alt=\u00bbNuestro compromiso | 17 ODS | NuRAN Wireless: soluciones de redes m\u00f3viles e inal\u00e1mbricas\u00bb _builder_version=\u00bb4.9.7&#8243; _module_preset=\u00bbdefault\u00bb header_level=\u00bbh3&#8243; header_font=\u00bbBebas Neue|||on|||||\u00bb header_text_align=\u00bbcenter\u00bb header_text_color=\u00bb#ffffff\u00bb header_font_size=\u00bb3rem\u00bb header_letter_spacing=\u00bb5px\u00bb custom_margin=\u00bb||0px||false|false\u00bb custom_padding=\u00bb||0px||false|false\u00bb link_option_url=\u00bb\/es\/nuestro-compromiso\/\u00bb hover_enabled=\u00bb0&#8243; header_font_size_tablet=\u00bb\u00bb header_font_size_phone=\u00bb3rem\u00bb header_font_size_last_edited=\u00bbon|phone\u00bb sticky_enabled=\u00bb0&#8243;][\/et_pb_blurb][et_pb_button button_url=\u00bbhttps:\/\/nuranwireless.com\/our-commitment\/\u00bb button_text=\u00bbLee mas\u00bb button_alignment=\u00bbcenter\u00bb _builder_version=\u00bb4.9.0&#8243; _module_preset=\u00bbdefault\u00bb custom_button=\u00bbon\u00bb button_text_size=\u00bb2rem\u00bb button_text_color=\u00bb#0069a9&#8243; button_border_width=\u00bb0px\u00bb button_border_radius=\u00bb0px\u00bb button_letter_spacing=\u00bb2px\u00bb button_font=\u00bbBebas Neue|||on|||||\u00bb custom_margin=\u00bb0px||0px||false|false\u00bb custom_padding=\u00bb0px||0px||false|false\u00bb][\/et_pb_button][\/et_pb_column][\/et_pb_row][\/et_pb_section][et_pb_section fb_built=\u00bb1&#8243; prev_background_color=\u00bb#020c16&#8243; admin_label=\u00bbHeader\u00bb _builder_version=\u00bb4.8.1&#8243; background_color=\u00bb#051b31&#8243; background_image=\u00bbhttp:\/\/nuranwireless.com\/wp-content\/uploads\/2021\/01\/AdobeStock_73920831.jpeg\u00bb background_position=\u00bbcenter_right\u00bb background_blend=\u00bbmultiply\u00bb custom_padding=\u00bb5vw||5vw||true|false\u00bb top_divider_style=\u00bbslant2&#8243; top_divider_height=\u00bb69px\u00bb bottom_divider_color=\u00bb#051b31&#8243;][et_pb_row column_structure=\u00bb2_5,3_5&#8243; use_custom_gutter=\u00bbon\u00bb gutter_width=\u00bb1&#8243; make_equal=\u00bbon\u00bb module_id=\u00bblatestvideo\u00bb _builder_version=\u00bb4.7.7&#8243; background_color=\u00bb#020c16&#8243; custom_margin=\u00bb||0px||false|false\u00bb custom_padding=\u00bb0px|0px|0px|0px|true|false\u00bb animation_style=\u00bbfold\u00bb animation_direction=\u00bbbottom\u00bb box_shadow_style=\u00bbpreset1&#8243;][et_pb_column type=\u00bb2_5&#8243; _builder_version=\u00bb4.7.7&#8243; custom_padding=\u00bb5%|5%|5%|5%|true|true\u00bb parallax__hover=\u00bboff\u00bb parallax_method__hover=\u00bbon\u00bb custom_padding__hover=\u00bb|||\u00bb][et_pb_text _builder_version=\u00bb4.9.2&#8243; text_font=\u00bb||||||||\u00bb text_text_color=\u00bbrgba(255,255,255,0.6)\u00bb text_line_height=\u00bb1.9em\u00bb header_font=\u00bb||||||||\u00bb header_2_font=\u00bb||||||||\u00bb header_2_font_size=\u00bb40px\u00bb header_2_line_height=\u00bb1.1em\u00bb header_3_font=\u00bbGlegoo|700|||||||\u00bb header_3_line_height=\u00bb1.5em\u00bb header_4_font=\u00bb|700||on|||||\u00bb header_4_font_size=\u00bb16px\u00bb header_4_letter_spacing=\u00bb2px\u00bb header_4_line_height=\u00bb1.6em\u00bb background_layout=\u00bbdark\u00bb custom_margin=\u00bb||20px||false|false\u00bb header_2_font_size_tablet=\u00bb30px\u00bb header_2_font_size_phone=\u00bb22px\u00bb header_2_font_size_last_edited=\u00bbon|phone\u00bb header_3_font_size_tablet=\u00bb30px\u00bb header_3_font_size_phone=\u00bb22px\u00bb header_3_font_size_last_edited=\u00bboff|desktop\u00bb header_4_font_size_tablet=\u00bb\u00bb header_4_font_size_phone=\u00bb14px\u00bb header_4_font_size_last_edited=\u00bbon|phone\u00bb locked=\u00bboff\u00bb]<\/p>\n<h2>\u00daltimas noticias sobre nuestros servicios m\u00f3viles y de banda ancha<\/h2>\n<p>Actualizaci\u00f3n corporativa de NuRAN Wireless sobre la asociaci\u00f3n con Orange Telecom[\/et_pb_text][et_pb_text _builder_version=\u00bb4.9.2&#8243; _module_preset=\u00bbdefault\u00bb text_text_color=\u00bb#00659D\u00bb header_3_text_color=\u00bb#00659D\u00bb header_3_line_height=\u00bb1.2em\u00bb link_option_url=\u00bbhttps:\/\/www.youtube.com\/watch?v=3cUNs_tcHqc\u00bb link_option_url_new_window=\u00bbon\u00bb]<\/p>\n<h3 class=\"bullet\"><i class=\"fas fa-check-circle\"><\/i> Suscr\u00edbete para estar al d\u00eda de las \u00faltimas novedades del mundo de las telecomunicaciones<\/p>\n<h3>[\/et_pb_text][\/et_pb_column][et_pb_column type=\u00bb3_5&#8243; _builder_version=\u00bb4.7.7&#8243; background_enable_image=\u00bboff\u00bb custom_padding=\u00bb|||\u00bb parallax__hover=\u00bboff\u00bb parallax_method__hover=\u00bbon\u00bb custom_padding__hover=\u00bb|||\u00bb][et_pb_video src=\u00bbhttps:\/\/www.youtube.com\/watch?v=KUSWYE1FU_8&#038;ab_channel=NuRANWireless\u00bb _builder_version=\u00bb4.9.3&#8243; _module_preset=\u00bbdefault\u00bb border_color_all=\u00bb#3b4250&#8243;][\/et_pb_video][\/et_pb_column][\/et_pb_row][\/et_pb_section][et_pb_section fb_built=\u00bb1&#8243; prev_background_color=\u00bb#051b31&#8243; admin_label=\u00bbHeader\u00bb _builder_version=\u00bb4.8.1&#8243; background_enable_color=\u00bboff\u00bb background_image=\u00bbhttp:\/\/nuranwireless.com\/wp-content\/uploads\/2021\/01\/AdobeStock_238501969.jpeg\u00bb background_position=\u00bbbottom_center\u00bb background_blend=\u00bbmultiply\u00bb custom_padding=\u00bb4vw||0px||false|false\u00bb top_divider_style=\u00bbslant2&#8243; top_divider_height=\u00bb69px\u00bb bottom_divider_style=\u00bbslant2&#8243; bottom_divider_color=\u00bb#051b31&#8243;][et_pb_row make_equal=\u00bbon\u00bb _builder_version=\u00bb4.7.7&#8243; background_color=\u00bbrgba(255,255,255,0.75)\u00bb module_alignment=\u00bbcenter\u00bb custom_padding=\u00bb3%|3%|3%|3%|true|true\u00bb custom_css_main_element=\u00bbalign-items:flex-end;\u00bb box_shadow_style=\u00bbpreset1&#8243;][et_pb_column type=\u00bb4_4&#8243; _builder_version=\u00bb4.7.7&#8243; background_enable_color=\u00bboff\u00bb custom_padding=\u00bb|||\u00bb custom_padding__hover=\u00bb|||\u00bb][et_pb_text _builder_version=\u00bb4.9.2&#8243; text_font=\u00bb||||||||\u00bb text_text_color=\u00bb#051b31&#8243; text_font_size=\u00bb16px\u00bb text_line_height=\u00bb1.9em\u00bb link_text_color=\u00bb#0ebcef\u00bb header_font=\u00bbBebas Neue||||||||\u00bb header_2_font=\u00bbBebas Neue||||||||\u00bb header_2_text_color=\u00bb#051b31&#8243; header_2_font_size=\u00bb4rem\u00bb header_2_letter_spacing=\u00bb2px\u00bb background_layout=\u00bbdark\u00bb max_width=\u00bb1080px\u00bb module_alignment=\u00bbcenter\u00bb text_font_size_tablet=\u00bb\u00bb text_font_size_phone=\u00bb14px\u00bb text_font_size_last_edited=\u00bbon|phone\u00bb header_2_font_size_tablet=\u00bb\u00bb header_2_font_size_phone=\u00bb3rem\u00bb header_2_font_size_last_edited=\u00bbon|tablet\u00bb]<\/p>\n<h2>Comunicados de prensa<\/h2>\n<p>[\/et_pb_text][et_pb_blog posts_number=\u00bb4&#8243; include_categories=\u00bb29&#8243; show_author=\u00bboff\u00bb _builder_version=\u00bb4.8.1&#8243; _module_preset=\u00bbdefault\u00bb header_text_color=\u00bb#00659d\u00bb header_font_size=\u00bb2rem\u00bb][\/et_pb_blog][\/et_pb_column][\/et_pb_row][et_pb_row make_equal=\u00bbon\u00bb _builder_version=\u00bb4.7.7&#8243; background_color=\u00bbrgba(255,255,255,0.75)\u00bb module_alignment=\u00bbcenter\u00bb custom_margin=\u00bb3%||||false|false\u00bb custom_padding=\u00bb3%|3%|3%|3%|true|true\u00bb custom_css_main_element=\u00bbalign-items:flex-end;\u00bb box_shadow_style=\u00bbpreset1&#8243;][et_pb_column type=\u00bb4_4&#8243; _builder_version=\u00bb4.7.7&#8243; background_enable_color=\u00bboff\u00bb custom_padding=\u00bb|||\u00bb custom_padding__hover=\u00bb|||\u00bb][et_pb_text _builder_version=\u00bb4.9.2&#8243; text_font=\u00bb||||||||\u00bb text_text_color=\u00bb#051b31&#8243; text_font_size=\u00bb16px\u00bb text_line_height=\u00bb1.9em\u00bb link_text_color=\u00bb#0ebcef\u00bb header_font=\u00bbBebas Neue||||||||\u00bb header_2_font=\u00bbBebas Neue||||||||\u00bb header_2_text_color=\u00bb#051b31&#8243; header_2_font_size=\u00bb4rem\u00bb header_2_letter_spacing=\u00bb-1px\u00bb header_2_line_height=\u00bb0.9em\u00bb header_3_text_color=\u00bb#00659D\u00bb header_4_font=\u00bbBebas Neue|||on|||||\u00bb header_4_text_color=\u00bb#00659d\u00bb header_4_font_size=\u00bb2rem\u00bb background_layout=\u00bbdark\u00bb max_width=\u00bb1080px\u00bb module_alignment=\u00bbcenter\u00bb text_font_size_tablet=\u00bb\u00bb text_font_size_phone=\u00bb14px\u00bb text_font_size_last_edited=\u00bbon|phone\u00bb header_2_font_size_tablet=\u00bb\u00bb header_2_font_size_phone=\u00bb3rem\u00bb header_2_font_size_last_edited=\u00bbon|phone\u00bb header_2_letter_spacing_tablet=\u00bb-1px\u00bb header_2_letter_spacing_phone=\u00bb\u00bb header_2_letter_spacing_last_edited=\u00bbon|tablet\u00bb header_3_font_size_tablet=\u00bb\u00bb header_3_font_size_phone=\u00bb36px\u00bb header_3_font_size_last_edited=\u00bbon|phone\u00bb]<\/p>\n<h2>Pr\u00f3ximos eventos para las soluciones de redes inal\u00e1mbricas y m\u00f3viles de NuRAN<\/h2>\n<h3>Ferias comerciales, seminarios: descubra lo que viene a continuaci\u00f3n<\/h3>\n<p><strong>&#8211; No hay eventos programados<\/strong><\/p>\n<p>[\/et_pb_text][\/et_pb_column][\/et_pb_row][et_pb_row _builder_version=\u00bb4.7.7&#8243; _module_preset=\u00bbdefault\u00bb width=\u00bb100%\u00bb max_width=\u00bb2560px\u00bb custom_padding=\u00bb|3%||3%|false|true\u00bb][et_pb_column type=\u00bb4_4&#8243; _builder_version=\u00bb4.7.7&#8243; _module_preset=\u00bbdefault\u00bb][et_pb_image src=\u00bbhttp:\/\/nuranwireless.com\/wp-content\/uploads\/2021\/01\/NEW-LOGO-NURAN-WIRELESS-350.png\u00bb title_text=\u00bbNUEVO-LOGO-NURAN-WIRELESS-350&#8243; align=\u00bbright\u00bb _builder_version=\u00bb4.7.7&#8243; _module_preset=\u00bbdefault\u00bb max_width=\u00bb350px\u00bb][\/et_pb_image][\/et_pb_column][\/et_pb_row][\/et_pb_section]<\/p>\n<span class=\"et_bloom_bottom_trigger\"><\/span>","protected":false},"excerpt":{"rendered":"<p>Corporativo Obtenga m\u00e1s informaci\u00f3n sobre Nuran Wireless. Obtenga las \u00faltimas noticias, eventos, mercado de valores e informaci\u00f3n para inversores.\u00daltimas noticias sobre nuestros servicios m\u00f3viles y de banda ancha Actualizaci\u00f3n corporativa [&hellip;]<\/p>\n","protected":false},"author":2,"featured_media":0,"parent":0,"menu_order":0,"comment_status":"closed","ping_status":"closed","template":"","meta":{"_et_pb_use_builder":"on","_et_pb_old_content":"","_et_gb_content_width":"","footnotes":""},"class_list":["post-11290","page","type-page","status-publish","hentry"],"_links":{"self":[{"href":"https:\/\/nuranwireless.com\/es\/wp-json\/wp\/v2\/pages\/11290","targetHints":{"allow":["GET"]}}],"collection":[{"href":"https:\/\/nuranwireless.com\/es\/wp-json\/wp\/v2\/pages"}],"about":[{"href":"https:\/\/nuranwireless.com\/es\/wp-json\/wp\/v2\/types\/page"}],"author":[{"embeddable":true,"href":"https:\/\/nuranwireless.com\/es\/wp-json\/wp\/v2\/users\/2"}],"replies":[{"embeddable":true,"href":"https:\/\/nuranwireless.com\/es\/wp-json\/wp\/v2\/comments?post=11290"}],"version-history":[{"count":8,"href":"https:\/\/nuranwireless.com\/es\/wp-json\/wp\/v2\/pages\/11290\/revisions"}],"predecessor-version":[{"id":33860,"href":"https:\/\/nuranwireless.com\/es\/wp-json\/wp\/v2\/pages\/11290\/revisions\/33860"}],"wp:attachment":[{"href":"https:\/\/nuranwireless.com\/es\/wp-json\/wp\/v2\/media?parent=11290"}],"curies":[{"name":"wp","href":"https:\/\/api.w.org\/{rel}","templated":true}]}}