{"id":11263,"date":"2015-02-06T22:49:00","date_gmt":"2015-02-06T22:49:00","guid":{"rendered":"https:\/\/nuranwireless.com\/solutions-2\/"},"modified":"2022-11-01T10:07:33","modified_gmt":"2022-11-01T14:07:33","slug":"solutions","status":"publish","type":"page","link":"https:\/\/nuranwireless.com\/es\/solutions\/","title":{"rendered":"Soluciones"},"content":{"rendered":"<p>[et_pb_section fb_built=\u00bb1&#8243; admin_label=\u00bbHeader\u00bb _builder_version=\u00bb4.16&#8243; background_color=\u00bbrgba(5,27,49,0.87)\u00bb background_image=\u00bbhttp:\/\/nuranwireless.com\/wp-content\/uploads\/2021\/01\/AdobeStock_283165978.jpeg\u00bb background_position=\u00bbbottom_center\u00bb background_blend=\u00bboverlay\u00bb custom_margin=\u00bb||||false|false\u00bb custom_padding=\u00bb3vw||0px||false|false\u00bb da_disable_devices=\u00bboff|off|off\u00bb global_colors_info=\u00bb{}\u00bb da_is_popup=\u00bboff\u00bb da_exit_intent=\u00bboff\u00bb da_has_close=\u00bbon\u00bb da_alt_close=\u00bboff\u00bb da_dark_close=\u00bboff\u00bb da_not_modal=\u00bbon\u00bb da_is_singular=\u00bboff\u00bb da_with_loader=\u00bboff\u00bb da_has_shadow=\u00bbon\u00bb][et_pb_row _builder_version=\u00bb4.16&#8243; _module_preset=\u00bbdefault\u00bb background_color=\u00bbrgba(5,27,49,0.75)\u00bb width=\u00bb100%\u00bb max_width=\u00bb2560px\u00bb module_alignment=\u00bbcenter\u00bb custom_margin=\u00bb||||true|true\u00bb custom_padding=\u00bb2vw||2vw||true|true\u00bb global_colors_info=\u00bb{}\u00bb][et_pb_column type=\u00bb4_4&#8243; _builder_version=\u00bb4.16&#8243; _module_preset=\u00bbdefault\u00bb global_colors_info=\u00bb{}\u00bb][et_pb_text _builder_version=\u00bb4.16&#8243; _module_preset=\u00bbdefault\u00bb header_text_align=\u00bbcenter\u00bb header_text_color=\u00bb#FFFFFF\u00bb header_font_size=\u00bb9rem\u00bb header_2_font=\u00bbBebas Neue|||on|||||\u00bb header_2_text_align=\u00bbcenter\u00bb header_2_text_color=\u00bb#ffffff\u00bb header_2_font_size=\u00bb13rem\u00bb header_2_letter_spacing=\u00bb10px\u00bb header_2_line_height=\u00bb9rem\u00bb header_4_font=\u00bbBebas Neue||||||||\u00bb header_4_text_color=\u00bb#ffffff\u00bb header_4_font_size=\u00bb2rem\u00bb text_orientation=\u00bbcenter\u00bb background_layout=\u00bbdark\u00bb max_width=\u00bb1080px\u00bb module_alignment=\u00bbcenter\u00bb custom_margin=\u00bb50px||||false|false\u00bb custom_padding=\u00bb||||false|false\u00bb header_font_size_tablet=\u00bb9rem\u00bb header_font_size_phone=\u00bb6rem\u00bb header_font_size_last_edited=\u00bbon|phone\u00bb header_2_font_size_tablet=\u00bb9rem\u00bb header_2_font_size_phone=\u00bb3rem\u00bb header_2_font_size_last_edited=\u00bbon|tablet\u00bb global_colors_info=\u00bb{}\u00bb]<\/p>\n<h1>Soluciones de redes inal\u00e1mbricas<\/h1>\n<p>[\/et_pb_text][\/et_pb_column][\/et_pb_row][et_pb_row column_structure=\u00bb1_4,1_4,1_4,1_4&#8243; use_custom_gutter=\u00bbon\u00bb gutter_width=\u00bb2&#8243; _builder_version=\u00bb4.16&#8243; _module_preset=\u00bbdefault\u00bb max_width=\u00bb1180px\u00bb module_alignment=\u00bbcenter\u00bb custom_padding=\u00bb2%|1%|2%|1%|true|true\u00bb global_colors_info=\u00bb{}\u00bb][et_pb_column type=\u00bb1_4&#8243; _builder_version=\u00bb4.16&#8243; _module_preset=\u00bbdefault\u00bb global_colors_info=\u00bb{}\u00bb][et_pb_text _builder_version=\u00bb4.16&#8243; _module_preset=\u00bbdefault\u00bb background_layout=\u00bbdark\u00bb global_colors_info=\u00bb{}\u00bb]<\/p>\n<p class=\"bullet\" style=\"text-align: left\"><i class=\"fas fa-check-circle\"><\/i> Islas remotas<\/p>\n<p>[\/et_pb_text][et_pb_text _builder_version=\u00bb4.16&#8243; _module_preset=\u00bbdefault\u00bb background_layout=\u00bbdark\u00bb global_colors_info=\u00bb{}\u00bb]<\/p>\n<p class=\"bullet\" style=\"text-align: left\"><i class=\"fas fa-check-circle\"><\/i> Red m\u00f3vil rural<\/p>\n<p>[\/et_pb_text][\/et_pb_column][et_pb_column type=\u00bb1_4&#8243; _builder_version=\u00bb4.16&#8243; _module_preset=\u00bbdefault\u00bb global_colors_info=\u00bb{}\u00bb][et_pb_text _builder_version=\u00bb4.16&#8243; _module_preset=\u00bbdefault\u00bb text_orientation=\u00bbcenter\u00bb background_layout=\u00bbdark\u00bb global_colors_info=\u00bb{}\u00bb]<\/p>\n<p class=\"bullet\" style=\"text-align: left\"><i class=\"fas fa-check-circle\"><\/i> Servicio mar\u00edtimo<\/p>\n<p>[\/et_pb_text][et_pb_text _builder_version=\u00bb4.16&#8243; _module_preset=\u00bbdefault\u00bb text_text_color=\u00bb#FFFFFF\u00bb global_colors_info=\u00bb{}\u00bb]<\/p>\n<p class=\"bullet\"><i class=\"fas fa-check-circle\"><\/i> Red m\u00f3vil regional<\/p>\n<p>[\/et_pb_text][\/et_pb_column][et_pb_column type=\u00bb1_4&#8243; _builder_version=\u00bb4.16&#8243; _module_preset=\u00bbdefault\u00bb global_colors_info=\u00bb{}\u00bb][et_pb_text _builder_version=\u00bb4.16&#8243; _module_preset=\u00bbdefault\u00bb text_orientation=\u00bbcenter\u00bb background_layout=\u00bbdark\u00bb global_colors_info=\u00bb{}\u00bb]<\/p>\n<p class=\"bullet\" style=\"text-align: left\"><i class=\"fas fa-check-circle\"><\/i> Red empresarial<\/p>\n<p>[\/et_pb_text][et_pb_text _builder_version=\u00bb4.16&#8243; _module_preset=\u00bbdefault\u00bb text_orientation=\u00bbcenter\u00bb background_layout=\u00bbdark\u00bb global_colors_info=\u00bb{}\u00bb]<\/p>\n<p class=\"bullet\" style=\"text-align: left\"><i class=\"fas fa-check-circle\"><\/i> Ayuda en caso de emergencia y cat\u00e1strofes<\/p>\n<p>[\/et_pb_text][\/et_pb_column][et_pb_column type=\u00bb1_4&#8243; _builder_version=\u00bb4.16&#8243; _module_preset=\u00bbdefault\u00bb global_colors_info=\u00bb{}\u00bb][et_pb_text _builder_version=\u00bb4.16&#8243; _module_preset=\u00bbdefault\u00bb text_orientation=\u00bbcenter\u00bb background_layout=\u00bbdark\u00bb global_colors_info=\u00bb{}\u00bb]<\/p>\n<p class=\"bullet\" style=\"text-align: left\"><i class=\"fas fa-check-circle\"><\/i> Red gubernamental<\/p>\n<p>[\/et_pb_text][\/et_pb_column][\/et_pb_row][\/et_pb_section][et_pb_section fb_built=\u00bb1&#8243; prev_background_color=\u00bbrgba(5,27,49,0.87)\u00bb admin_label=\u00bbHeader\u00bb module_id=\u00bbnass\u00bb _builder_version=\u00bb4.16&#8243; background_enable_color=\u00bboff\u00bb use_background_color_gradient=\u00bbon\u00bb background_color_gradient_direction=\u00bb182deg\u00bb background_color_gradient_stops=\u00bb#0ebcef 0%|rgba(0,0,0,0) 15%\u00bb background_color_gradient_start=\u00bb#0ebcef\u00bb background_color_gradient_end=\u00bbrgba(0,0,0,0)\u00bb background_color_gradient_end_position=\u00bb15%\u00bb background_image=\u00bbhttps:\/\/nuranwireless.com\/wp-content\/uploads\/2021\/01\/Background-Rural-Radio-Access-Network-Nuran-Wireless.jpg\u00bb background_blend=\u00bbmultiply\u00bb custom_padding=\u00bb2vw||5vw||false|false\u00bb top_divider_style=\u00bbslant2&#8243; top_divider_height=\u00bb69px\u00bb bottom_divider_style=\u00bbslant2&#8243; bottom_divider_color=\u00bbrgba(0,101,157,0.26)\u00bb da_disable_devices=\u00bboff|off|off\u00bb global_colors_info=\u00bb{}\u00bb da_is_popup=\u00bboff\u00bb da_exit_intent=\u00bboff\u00bb da_has_close=\u00bbon\u00bb da_alt_close=\u00bboff\u00bb da_dark_close=\u00bboff\u00bb da_not_modal=\u00bbon\u00bb da_is_singular=\u00bboff\u00bb da_with_loader=\u00bboff\u00bb da_has_shadow=\u00bbon\u00bb][et_pb_row column_structure=\u00bb1_2,1_2&#8243; use_custom_gutter=\u00bbon\u00bb gutter_width=\u00bb2&#8243; make_equal=\u00bbon\u00bb _builder_version=\u00bb4.16&#8243; _module_preset=\u00bbdefault\u00bb max_width=\u00bb1592px\u00bb custom_padding=\u00bb||||false|true\u00bb custom_css_main_element=\u00bbalign-items: center;\u00bb global_colors_info=\u00bb{}\u00bb][et_pb_column type=\u00bb1_2&#8243; _builder_version=\u00bb4.16&#8243; _module_preset=\u00bbdefault\u00bb global_colors_info=\u00bb{}\u00bb][et_pb_text _builder_version=\u00bb4.16&#8243; _module_preset=\u00bbdefault\u00bb text_text_color=\u00bb#051B31&#8243; header_text_color=\u00bb#00659D\u00bb header_2_text_align=\u00bbleft\u00bb header_2_text_color=\u00bb#00659D\u00bb header_2_font_size=\u00bb4rem\u00bb header_3_text_color=\u00bb#4A4B4F\u00bb custom_padding=\u00bb|||8%|false|false\u00bb header_2_font_size_tablet=\u00bb\u00bb header_2_font_size_phone=\u00bb66px\u00bb header_2_font_size_last_edited=\u00bbon|phone\u00bb global_colors_info=\u00bb{}\u00bb]<\/p>\n<h2>Red como servicio-NAAS<\/h2>\n<h3>Escalado con red como servicio<\/h3>\n<p class=\"bullet\"><i class=\"fas fa-check-circle\"><\/i> Modelo atractivo para operadores de redes m\u00f3viles (mnos)<\/p>\n<p class=\"bullet\"><i class=\"fas fa-check-circle\"><\/i> Todos los servicios y ofertas a trav\u00e9s de una \u00fanica entidad<\/p>\n<p class=\"bullet\"><i class=\"fas fa-check-circle\"><\/i> Conserva capital para inversiones prioritarias<\/p>\n<p>[\/et_pb_text][et_pb_button button_url=\u00bbhttps:\/\/nuranwireless.com\/wp-content\/uploads\/2022\/11\/NaaS-and-Rural-Introduction-Presentation.pdf\u00bb url_new_window=\u00bbon\u00bb button_text=\u00bbDescarga la soluci\u00f3n NAAS\u00bb _builder_version=\u00bb4.18.0&#8243; custom_button=\u00bbon\u00bb button_text_size=\u00bb15px\u00bb button_text_color=\u00bb#00659D\u00bb button_bg_color=\u00bbrgba(255,255,255,0)\u00bb button_border_width=\u00bb2px\u00bb button_border_color=\u00bb#00659D\u00bb button_border_radius=\u00bb0px\u00bb button_letter_spacing=\u00bb2px\u00bb button_font=\u00bb|700||on|||||\u00bb custom_margin=\u00bb3%|||8%|false|false\u00bb custom_padding=\u00bb14px|40px|14px|40px|true|true\u00bb hover_enabled=\u00bb0&#8243; box_shadow_style=\u00bbpreset7&#8243; box_shadow_horizontal=\u00bb0px\u00bb box_shadow_vertical=\u00bb0px\u00bb box_shadow_color=\u00bb#ffffff\u00bb global_colors_info=\u00bb{}\u00bb button_bg_color__hover_enabled=\u00bbon|hover\u00bb box_shadow_vertical__hover=\u00bb200px\u00bb box_shadow_horizontal__hover_enabled=\u00bbon\u00bb box_shadow_horizontal__hover=\u00bb350px\u00bb button_text_color__hover_enabled=\u00bbon|hover\u00bb button_text_color__hover=\u00bb#00659d\u00bb button_border_color__hover_enabled=\u00bbon|hover\u00bb button_border_color__hover=\u00bbRGBA(0,0,0,0)\u00bb button_bg_color__hover=\u00bbrgba(255,255,255,0)\u00bb sticky_enabled=\u00bb0&#8243;][\/et_pb_button][\/et_pb_column][et_pb_column type=\u00bb1_2&#8243; _builder_version=\u00bb4.16&#8243; _module_preset=\u00bbdefault\u00bb global_colors_info=\u00bb{}\u00bb][et_pb_blurb image=\u00bbhttps:\/\/nuranwireless.com\/wp-content\/uploads\/2016\/07\/graph-nexus-small.png\u00bb alt=\u00bbRed como servicio-NAAS | Soluciones inal\u00e1mbricas para conectividad rural | NuRAN Wireless: soluciones de redes m\u00f3viles e inal\u00e1mbricas\u00bb content_max_width=\u00bb775px\u00bb _builder_version=\u00bb4.16&#8243; _module_preset=\u00bbdefault\u00bb body_text_color=\u00bb#051B31&#8243; global_colors_info=\u00bb{}\u00bb]<\/p>\n<p class=\"bullet\"><i class=\"fas fa-check-circle\"><\/i> La estrategia de NuRAN Wireless es construir y operar torres celulares rurales y monetizar los activos a trav\u00e9s de flujos de ingresos de &#8216;red como servicio&#8217; (naas)<\/p>\n<p class=\"bullet\"><i class=\"fas fa-check-circle\"><\/i> Los operadores de redes m\u00f3viles (mnos) ampl\u00edan \/ actualizan sus redes para cumplir con las obligaciones de cobertura y los requisitos de capacidad sin inversi\u00f3n de capital<\/p>\n<p class=\"bullet\"><i class=\"fas fa-check-circle\"><\/i> Mnos paga una tarifa de servicio, ya sea un modelo de participaci\u00f3n en los ingresos o de opex fijo con m\u00ednimos garantizados establecidos para cubrir los costos operativos en el pa\u00eds<\/p>\n<p class=\"bullet\"><i class=\"fas fa-check-circle\"><\/i> Los contratos abarcan hasta 10 a\u00f1os asegurando ingresos recurrentes mensuales (mrr)<\/p>\n<p>[\/et_pb_blurb][\/et_pb_column][\/et_pb_row][\/et_pb_section][et_pb_section fb_built=\u00bb1&#8243; disabled_on=\u00bboff|off|off\u00bb admin_label=\u00bbHeader\u00bb _builder_version=\u00bb4.16&#8243; background_color=\u00bbRGBA(0,0,0,0)\u00bb use_background_color_gradient=\u00bbon\u00bb background_color_gradient_direction=\u00bb250deg\u00bb background_color_gradient_stops=\u00bb#ffffff 58%|rgba(14,188,239,0.13) 100%\u00bb background_color_gradient_overlays_image=\u00bbon\u00bb background_color_gradient_start=\u00bb#ffffff\u00bb background_color_gradient_start_position=\u00bb58%\u00bb background_color_gradient_end=\u00bbrgba(14,188,239,0.13)\u00bb background_enable_image=\u00bboff\u00bb background_blend=\u00bbluminosity\u00bb custom_padding=\u00bb2vw||5vw||false|false\u00bb top_divider_style=\u00bbslant2&#8243; top_divider_color=\u00bb#021628&#8243; top_divider_height=\u00bb69px\u00bb bottom_divider_style=\u00bbslant2&#8243; bottom_divider_color=\u00bbrgba(5,27,49,0.82)\u00bb background_last_edited=\u00bbon|desktop\u00bb da_disable_devices=\u00bboff|off|off\u00bb global_colors_info=\u00bb{}\u00bb da_is_popup=\u00bboff\u00bb da_exit_intent=\u00bboff\u00bb da_has_close=\u00bbon\u00bb da_alt_close=\u00bboff\u00bb da_dark_close=\u00bboff\u00bb da_not_modal=\u00bbon\u00bb da_is_singular=\u00bboff\u00bb da_with_loader=\u00bboff\u00bb da_has_shadow=\u00bbon\u00bb][et_pb_row column_structure=\u00bb1_2,1_2&#8243; use_custom_gutter=\u00bbon\u00bb gutter_width=\u00bb4&#8243; make_equal=\u00bbon\u00bb _builder_version=\u00bb4.16&#8243; _module_preset=\u00bbdefault\u00bb max_width=\u00bb1430px\u00bb custom_margin=\u00bb||||false|false\u00bb custom_padding=\u00bb7%||||false|false\u00bb custom_css_main_element=\u00bb\t||align-items: center;\u00bb global_colors_info=\u00bb{}\u00bb][et_pb_column type=\u00bb1_2&#8243; _builder_version=\u00bb4.16&#8243; _module_preset=\u00bbdefault\u00bb global_colors_info=\u00bb{}\u00bb][et_pb_text _builder_version=\u00bb4.16&#8243; _module_preset=\u00bbdefault\u00bb text_text_color=\u00bb#00659D\u00bb header_text_color=\u00bb#00659D\u00bb header_2_text_align=\u00bbleft\u00bb header_2_text_color=\u00bb#051B31&#8243; header_3_text_color=\u00bb#00659D\u00bb header_4_text_color=\u00bb#0EBCEF\u00bb custom_padding=\u00bb||||false|false\u00bb global_colors_info=\u00bb{}\u00bb]<\/p>\n<h3>Geo-marketing y selecci\u00f3n de sitios<\/h3>\n<h4>NuRAN Wireless ofrece una respuesta precisa a la pregunta: \u00bfd\u00f3nde deber\u00eda construir?<\/h4>\n<p>&nbsp;<\/p>\n<p class=\"bullet\"><i class=\"fas fa-check-circle\"><\/i> \u00bfD\u00f3nde se encuentran las personas que necesitan cobertura inal\u00e1mbrica? <\/p>\n<p class=\"bullet\"><i class=\"fas fa-check-circle\"><\/i> \u00bfCu\u00e1ntas personas est\u00e1n ah\u00ed?<\/p>\n<p class=\"bullet\"><i class=\"fas fa-check-circle\"><\/i> \u00bfCu\u00e1l es la mejor ubicaci\u00f3n para cubrir los sitios?<\/p>\n<p>[\/et_pb_text][\/et_pb_column][et_pb_column type=\u00bb1_2&#8243; _builder_version=\u00bb4.16&#8243; _module_preset=\u00bbdefault\u00bb global_colors_info=\u00bb{}\u00bb][et_pb_image src=\u00bbhttps:\/\/nuranwireless.com\/wp-content\/uploads\/2021\/01\/Image1.jpg\u00bb alt=\u00bbUbicaci\u00f3n de la red GSM | Soluciones inal\u00e1mbricas rurales | NuRAN Wireless: soluciones de redes m\u00f3viles e inal\u00e1mbricas\u00bb title_text=\u00bbUbicaci\u00f3n de la red GSM\u00bb align=\u00bbcenter\u00bb _builder_version=\u00bb4.16&#8243; _module_preset=\u00bbdefault\u00bb custom_padding=\u00bb||||false|false\u00bb filter_saturate=\u00bb0%\u00bb global_colors_info=\u00bb{}\u00bb][\/et_pb_image][\/et_pb_column][\/et_pb_row][\/et_pb_section][et_pb_section fb_built=\u00bb1&#8243; _builder_version=\u00bb4.16&#8243; _module_preset=\u00bbdefault\u00bb background_color=\u00bb#051B31&#8243; use_background_color_gradient=\u00bbon\u00bb background_color_gradient_direction=\u00bb253deg\u00bb background_color_gradient_stops=\u00bbrgba(0,101,157,0.44) 7%|rgba(255,255,255,0.66) 100%\u00bb background_color_gradient_start=\u00bbrgba(0,101,157,0.44)\u00bb background_color_gradient_start_position=\u00bb7%\u00bb background_color_gradient_end=\u00bbrgba(255,255,255,0.66)\u00bb background_image=\u00bbhttps:\/\/nuranwireless.com\/wp-content\/uploads\/2021\/01\/Background-Rural-Radio-Access-Network-Nuran-Wireless.jpg\u00bb background_blend=\u00bbluminosity\u00bb module_alignment=\u00bbcenter\u00bb custom_padding=\u00bb2%||2%||true|false\u00bb da_disable_devices=\u00bboff|off|off\u00bb global_colors_info=\u00bb{}\u00bb da_is_popup=\u00bboff\u00bb da_exit_intent=\u00bboff\u00bb da_has_close=\u00bbon\u00bb da_alt_close=\u00bboff\u00bb da_dark_close=\u00bboff\u00bb da_not_modal=\u00bbon\u00bb da_is_singular=\u00bboff\u00bb da_with_loader=\u00bboff\u00bb da_has_shadow=\u00bbon\u00bb][et_pb_row column_structure=\u00bb3_5,2_5&#8243; use_custom_gutter=\u00bbon\u00bb gutter_width=\u00bb2&#8243; make_equal=\u00bbon\u00bb _builder_version=\u00bb4.16&#8243; _module_preset=\u00bbdefault\u00bb module_alignment=\u00bbcenter\u00bb custom_padding=\u00bb||||false|false\u00bb custom_css_main_element=\u00bb\t||align-items: center;\u00bb global_colors_info=\u00bb{}\u00bb][et_pb_column type=\u00bb3_5&#8243; _builder_version=\u00bb4.16&#8243; _module_preset=\u00bbdefault\u00bb global_colors_info=\u00bb{}\u00bb][et_pb_text _builder_version=\u00bb4.16&#8243; _module_preset=\u00bbdefault\u00bb text_font=\u00bb|||on|||||\u00bb text_text_color=\u00bb#051B31&#8243; header_text_color=\u00bb#051B31&#8243; background_layout=\u00bbdark\u00bb module_alignment=\u00bbcenter\u00bb custom_margin=\u00bb||||false|false\u00bb custom_padding=\u00bb||||false|false\u00bb global_colors_info=\u00bb{}\u00bb]<\/p>\n<p>NuRAN Wireless proporciona soluciones y servicios m\u00f3viles que ayudan a los operadores de redes m\u00f3viles a prestar servicios de manera rentable a los mercados fuera de la red que actualmente no cuentan con servicios. Creamos soluciones de acceso a las comunicaciones e Internet para las personas que m\u00e1s lo necesitan en las zonas rurales de todo el mundo. <\/p>\n<p>[\/et_pb_text][\/et_pb_column][et_pb_column type=\u00bb2_5&#8243; _builder_version=\u00bb4.16&#8243; _module_preset=\u00bbdefault\u00bb background_enable_color=\u00bboff\u00bb global_colors_info=\u00bb{}\u00bb][et_pb_image src=\u00bbhttps:\/\/nuranwireless.com\/wp-content\/uploads\/2021\/01\/NEW-LOGO-NURAN-WIRELESS-350.png\u00bb alt=\u00bbNuRAN Wireless | Soluciones inal\u00e1mbricas rurales | NuRAN Wireless: soluciones de redes m\u00f3viles e inal\u00e1mbricas\u00bb title_text=\u00bbNuRAN inal\u00e1mbrico\u00bb align=\u00bbcenter\u00bb _builder_version=\u00bb4.16&#8243; _module_preset=\u00bbdefault\u00bb module_alignment=\u00bbcenter\u00bb custom_padding=\u00bb||||false|false\u00bb global_colors_info=\u00bb{}\u00bb][\/et_pb_image][\/et_pb_column][\/et_pb_row][\/et_pb_section]<\/p>\n<span class=\"et_bloom_bottom_trigger\"><\/span>","protected":false},"excerpt":{"rendered":"<p>Soluciones de redes inal\u00e1mbricas Islas remotas Red m\u00f3vil rural Servicio mar\u00edtimo Red m\u00f3vil regional Red empresarial Ayuda en caso de emergencia y cat\u00e1strofes Red gubernamentalRed como servicio-NAAS Escalado con red [&hellip;]<\/p>\n","protected":false},"author":2,"featured_media":0,"parent":0,"menu_order":0,"comment_status":"closed","ping_status":"closed","template":"","meta":{"_et_pb_use_builder":"on","_et_pb_old_content":"","_et_gb_content_width":"","footnotes":""},"class_list":["post-11263","page","type-page","status-publish","hentry"],"_links":{"self":[{"href":"https:\/\/nuranwireless.com\/es\/wp-json\/wp\/v2\/pages\/11263","targetHints":{"allow":["GET"]}}],"collection":[{"href":"https:\/\/nuranwireless.com\/es\/wp-json\/wp\/v2\/pages"}],"about":[{"href":"https:\/\/nuranwireless.com\/es\/wp-json\/wp\/v2\/types\/page"}],"author":[{"embeddable":true,"href":"https:\/\/nuranwireless.com\/es\/wp-json\/wp\/v2\/users\/2"}],"replies":[{"embeddable":true,"href":"https:\/\/nuranwireless.com\/es\/wp-json\/wp\/v2\/comments?post=11263"}],"version-history":[{"count":12,"href":"https:\/\/nuranwireless.com\/es\/wp-json\/wp\/v2\/pages\/11263\/revisions"}],"predecessor-version":[{"id":235995,"href":"https:\/\/nuranwireless.com\/es\/wp-json\/wp\/v2\/pages\/11263\/revisions\/235995"}],"wp:attachment":[{"href":"https:\/\/nuranwireless.com\/es\/wp-json\/wp\/v2\/media?parent=11263"}],"curies":[{"name":"wp","href":"https:\/\/api.w.org\/{rel}","templated":true}]}}